{"id":8019,"date":"2025-01-29T03:09:18","date_gmt":"2025-01-29T02:09:18","guid":{"rendered":"https:\/\/d10.ai\/politique-des-cookies\/"},"modified":"2025-03-11T17:11:35","modified_gmt":"2025-03-11T16:11:35","slug":"politique-des-cookies","status":"publish","type":"page","link":"https:\/\/d10.ai\/es\/politique-des-cookies\/","title":{"rendered":"Pol\u00edtica de Cookies"},"content":{"rendered":"\t\t<div data-elementor-type=\"wp-page\" data-elementor-id=\"8019\" class=\"elementor elementor-8019 elementor-1693\" data-elementor-post-type=\"page\">\n\t\t\t\t<div class=\"elementor-element elementor-element-0830467 e-flex e-con-boxed e-con e-parent\" data-id=\"0830467\" data-element_type=\"container\">\n\t\t\t\t\t<div class=\"e-con-inner\">\n\t\t\t\t<div class=\"elementor-element elementor-element-1464f62 elementor-widget elementor-widget-heading\" data-id=\"1464f62\" data-element_type=\"widget\" data-widget_type=\"heading.default\">\n\t\t\t\t\t<h1 class=\"elementor-heading-title elementor-size-default\">Pol\u00edtica de Cookies<\/h1>\t\t\t\t<\/div>\n\t\t\t\t<div class=\"elementor-element elementor-element-303d2c1 elementor-widget elementor-widget-heading\" data-id=\"303d2c1\" data-element_type=\"widget\" data-widget_type=\"heading.default\">\n\t\t\t\t\t<h3 class=\"elementor-heading-title elementor-size-default\">1. Introducci\u00f3n<\/h3>\t\t\t\t<\/div>\n\t\t\t\t<div class=\"elementor-element elementor-element-838c25d elementor-widget elementor-widget-text-editor\" data-id=\"838c25d\" data-element_type=\"widget\" data-widget_type=\"text-editor.default\">\n\t\t\t\t\t\t\t\t\t<p>\u00a0Esta Pol\u00edtica de Cookies explica c\u00f3mo utilizamos las cookies y tecnolog\u00edas similares en nuestro sitio web. Al acceder a nuestro sitio, aceptas el uso de cookies seg\u00fan lo descrito en esta pol\u00edtica.<\/p>\t\t\t\t\t\t\t\t<\/div>\n\t\t\t\t<div class=\"elementor-element elementor-element-babffda elementor-widget elementor-widget-heading\" data-id=\"babffda\" data-element_type=\"widget\" data-widget_type=\"heading.default\">\n\t\t\t\t\t<h3 class=\"elementor-heading-title elementor-size-default\">2. \u00bfQu\u00e9 es una cookie?<\/h3>\t\t\t\t<\/div>\n\t\t\t\t<div class=\"elementor-element elementor-element-8b8fd40 elementor-widget elementor-widget-text-editor\" data-id=\"8b8fd40\" data-element_type=\"widget\" data-widget_type=\"text-editor.default\">\n\t\t\t\t\t\t\t\t\t<p>\u00a0Una cookie es un peque\u00f1o archivo de texto almacenado en tu dispositivo (ordenador, tableta, smartphone) cuando visitas un sitio web. Las cookies permiten reconocer tu dispositivo y recopilar informaci\u00f3n sobre tus preferencias o acciones.<\/p>\t\t\t\t\t\t\t\t<\/div>\n\t\t\t\t<div class=\"elementor-element elementor-element-c29e6c2 elementor-widget elementor-widget-heading\" data-id=\"c29e6c2\" data-element_type=\"widget\" data-widget_type=\"heading.default\">\n\t\t\t\t\t<h3 class=\"elementor-heading-title elementor-size-default\">3. Tipos de cookies que utilizamos<\/h3>\t\t\t\t<\/div>\n\t\t\t\t<div class=\"elementor-element elementor-element-e8c29af elementor-widget elementor-widget-text-editor\" data-id=\"e8c29af\" data-element_type=\"widget\" data-widget_type=\"text-editor.default\">\n\t\t\t\t\t\t\t\t\t<p data-start=\"622\" data-end=\"667\">Utilizamos los siguientes tipos de cookies:<\/p><ul data-start=\"669\" data-end=\"1134\"><li data-start=\"669\" data-end=\"785\"><strong data-start=\"671\" data-end=\"694\">Cookies necesarias:<\/strong> Esenciales para el funcionamiento del sitio (ej.: inicio de sesi\u00f3n, acceso a tu cuenta).<\/li><li data-start=\"786\" data-end=\"946\"><strong data-start=\"788\" data-end=\"811\">Cookies anal\u00edticas:<\/strong> Recopilan datos sobre c\u00f3mo los usuarios interact\u00faan con nuestro sitio (a trav\u00e9s de Google Analytics u otras herramientas similares).<\/li><li data-start=\"947\" data-end=\"1035\"><strong data-start=\"949\" data-end=\"973\">Cookies funcionales:<\/strong> Permiten personalizar tu experiencia (ej.: idioma, regi\u00f3n).<\/li><li data-start=\"1036\" data-end=\"1134\"><strong data-start=\"1038\" data-end=\"1064\">Cookies publicitarias:<\/strong> Se utilizan para mostrarte anuncios relevantes seg\u00fan tus intereses.<\/li><\/ul>\t\t\t\t\t\t\t\t<\/div>\n\t\t\t\t<div class=\"elementor-element elementor-element-d0b4728 elementor-widget elementor-widget-heading\" data-id=\"d0b4728\" data-element_type=\"widget\" data-widget_type=\"heading.default\">\n\t\t\t\t\t<h3 class=\"elementor-heading-title elementor-size-default\">4. Duraci\u00f3n de conservaci\u00f3n de las cookies<\/h3>\t\t\t\t<\/div>\n\t\t\t\t<div class=\"elementor-element elementor-element-033a46c elementor-widget elementor-widget-text-editor\" data-id=\"033a46c\" data-element_type=\"widget\" data-widget_type=\"text-editor.default\">\n\t\t\t\t\t\t\t\t\t<p data-start=\"1186\" data-end=\"1229\">Las cookies tienen una duraci\u00f3n limitada:<\/p><ul data-start=\"1231\" data-end=\"1403\"><li data-start=\"1231\" data-end=\"1298\"><strong data-start=\"1233\" data-end=\"1255\">Cookies de sesi\u00f3n:<\/strong> Se eliminan cuando cierras el navegador.<\/li><li data-start=\"1299\" data-end=\"1403\"><strong data-start=\"1301\" data-end=\"1326\">Cookies persistentes:<\/strong> Permanecen en tu dispositivo hasta que expiran o las eliminas manualmente.<\/li><\/ul>\t\t\t\t\t\t\t\t<\/div>\n\t\t\t\t<div class=\"elementor-element elementor-element-d4e8c7b elementor-widget elementor-widget-heading\" data-id=\"d4e8c7b\" data-element_type=\"widget\" data-widget_type=\"heading.default\">\n\t\t\t\t\t<h3 class=\"elementor-heading-title elementor-size-default\">5. Gestionar tus preferencias de cookies<\/h3>\t\t\t\t<\/div>\n\t\t\t\t<div class=\"elementor-element elementor-element-0c150e5 elementor-widget elementor-widget-text-editor\" data-id=\"0c150e5\" data-element_type=\"widget\" data-widget_type=\"text-editor.default\">\n\t\t\t\t\t\t\t\t\t<p data-start=\"1453\" data-end=\"1502\">Puedes gestionar tus cookies de varias maneras:<\/p><ul data-start=\"1504\" data-end=\"1695\"><li data-start=\"1504\" data-end=\"1616\">Modificando la configuraci\u00f3n de tu navegador para bloquear o eliminar cookies en dispositivos Android o Mac.<\/li><li data-start=\"1617\" data-end=\"1695\">Utilizando nuestro banner de consentimiento para ajustar tus preferencias.<\/li><\/ul>\t\t\t\t\t\t\t\t<\/div>\n\t\t\t\t<div class=\"elementor-element elementor-element-149e995 elementor-widget elementor-widget-heading\" data-id=\"149e995\" data-element_type=\"widget\" data-widget_type=\"heading.default\">\n\t\t\t\t\t<h3 class=\"elementor-heading-title elementor-size-default\">6. Cookies de terceros<\/h3>\t\t\t\t<\/div>\n\t\t\t\t<div class=\"elementor-element elementor-element-e4c4c85 elementor-widget elementor-widget-text-editor\" data-id=\"e4c4c85\" data-element_type=\"widget\" data-widget_type=\"text-editor.default\">\n\t\t\t\t\t\t\t\t\t<p>\u00a0Algunas cookies provienen de terceros (Google, Facebook, etc.) y est\u00e1n sujetas a las pol\u00edticas de esas empresas. Te recomendamos consultar sus pol\u00edticas de privacidad para m\u00e1s informaci\u00f3n.<\/p>\t\t\t\t\t\t\t\t<\/div>\n\t\t\t\t<div class=\"elementor-element elementor-element-e9172cf elementor-widget elementor-widget-heading\" data-id=\"e9172cf\" data-element_type=\"widget\" data-widget_type=\"heading.default\">\n\t\t\t\t\t<h3 class=\"elementor-heading-title elementor-size-default\">7. Actualizaci\u00f3n de esta pol\u00edtica<\/h3>\t\t\t\t<\/div>\n\t\t\t\t<div class=\"elementor-element elementor-element-b50bc62 elementor-widget elementor-widget-text-editor\" data-id=\"b50bc62\" data-element_type=\"widget\" data-widget_type=\"text-editor.default\">\n\t\t\t\t\t\t\t\t\t<p>\u00a0Nos reservamos el derecho de modificar esta Pol\u00edtica de Cookies. Los cambios ser\u00e1n publicados en esta p\u00e1gina con la fecha de actualizaci\u00f3n correspondiente.<\/p>\t\t\t\t\t\t\t\t<\/div>\n\t\t\t\t<div class=\"elementor-element elementor-element-900ebb5 elementor-widget elementor-widget-heading\" data-id=\"900ebb5\" data-element_type=\"widget\" data-widget_type=\"heading.default\">\n\t\t\t\t\t<h3 class=\"elementor-heading-title elementor-size-default\">8. Contacto<\/h3>\t\t\t\t<\/div>\n\t\t\t\t<div class=\"elementor-element elementor-element-0ac98ca elementor-widget elementor-widget-text-editor\" data-id=\"0ac98ca\" data-element_type=\"widget\" data-widget_type=\"text-editor.default\">\n\t\t\t\t\t\t\t\t\t<ul data-start=\"2136\" data-end=\"2245\"><li data-start=\"2136\" data-end=\"2184\"><strong data-start=\"2138\" data-end=\"2161\">Correo electr\u00f3nico:<\/strong> <a rel=\"noopener\" data-start=\"2162\" data-end=\"2182\">legal@ndodigital.com<\/a><\/li><li data-start=\"2185\" data-end=\"2245\"><strong data-start=\"2187\" data-end=\"2208\">Direcci\u00f3n postal:<\/strong> Av. Mello Franco 567 \u2013 Lima \u2013 Per\u00fa<\/li><\/ul><p data-start=\"2247\" data-end=\"2284\" data-is-last-node=\"\" data-is-only-node=\"\"><strong data-start=\"2247\" data-end=\"2272\">\u00daltima actualizaci\u00f3n:<\/strong> 12\/02\/2025.<\/p>\t\t\t\t\t\t\t\t<\/div>\n\t\t\t\t\t<\/div>\n\t\t\t\t<\/div>\n\t\t\t\t<\/div>\n\t\t","protected":false},"excerpt":{"rendered":"Pol\u00edtica de Cookies 1. Introducci\u00f3n \u00a0Esta Pol\u00edtica de Cookies explica c\u00f3mo utilizamos las cookies y tecnolog\u00edas similares en&hellip;","protected":false},"author":11,"featured_media":0,"parent":0,"menu_order":0,"comment_status":"closed","ping_status":"closed","template":"","meta":{"inline_featured_image":false,"csco_page_header_type":"","csco_page_load_nextpost":"","csco_page_subscribe_form":"","csco_page_contact_form":"","footnotes":""},"class_list":{"0":"post-8019","1":"page","2":"type-page","3":"status-publish","5":"cs-entry","6":"cs-video-wrap"},"_links":{"self":[{"href":"https:\/\/d10.ai\/es\/wp-json\/wp\/v2\/pages\/8019","targetHints":{"allow":["GET"]}}],"collection":[{"href":"https:\/\/d10.ai\/es\/wp-json\/wp\/v2\/pages"}],"about":[{"href":"https:\/\/d10.ai\/es\/wp-json\/wp\/v2\/types\/page"}],"author":[{"embeddable":true,"href":"https:\/\/d10.ai\/es\/wp-json\/wp\/v2\/users\/11"}],"replies":[{"embeddable":true,"href":"https:\/\/d10.ai\/es\/wp-json\/wp\/v2\/comments?post=8019"}],"version-history":[{"count":0,"href":"https:\/\/d10.ai\/es\/wp-json\/wp\/v2\/pages\/8019\/revisions"}],"wp:attachment":[{"href":"https:\/\/d10.ai\/es\/wp-json\/wp\/v2\/media?parent=8019"}],"curies":[{"name":"wp","href":"https:\/\/api.w.org\/{rel}","templated":true}]}}