{"id":8015,"date":"2025-01-29T03:19:21","date_gmt":"2025-01-29T02:19:21","guid":{"rendered":"https:\/\/d10.ai\/politique-de-confidentialite\/"},"modified":"2025-03-11T16:56:22","modified_gmt":"2025-03-11T15:56:22","slug":"politique-de-confidentialite","status":"publish","type":"page","link":"https:\/\/d10.ai\/es\/politique-de-confidentialite\/","title":{"rendered":"Pol\u00edtica de Privacidad"},"content":{"rendered":"\t\t<div data-elementor-type=\"wp-page\" data-elementor-id=\"8015\" class=\"elementor elementor-8015 elementor-1709\" data-elementor-post-type=\"page\">\n\t\t\t\t<div class=\"elementor-element elementor-element-0830467 e-flex e-con-boxed e-con e-parent\" data-id=\"0830467\" data-element_type=\"container\">\n\t\t\t\t\t<div class=\"e-con-inner\">\n\t\t\t\t<div class=\"elementor-element elementor-element-1464f62 elementor-widget elementor-widget-heading\" data-id=\"1464f62\" data-element_type=\"widget\" data-widget_type=\"heading.default\">\n\t\t\t\t\t<h1 class=\"elementor-heading-title elementor-size-default\">Pol\u00edtica de Privacidad<\/h1>\t\t\t\t<\/div>\n\t\t\t\t<div class=\"elementor-element elementor-element-f552294 elementor-widget elementor-widget-heading\" data-id=\"f552294\" data-element_type=\"widget\" data-widget_type=\"heading.default\">\n\t\t\t\t\t<h3 class=\"elementor-heading-title elementor-size-default\">1. Introducci\u00f3n<\/h3>\t\t\t\t<\/div>\n\t\t\t\t<div class=\"elementor-element elementor-element-0ac98ca elementor-widget elementor-widget-text-editor\" data-id=\"0ac98ca\" data-element_type=\"widget\" data-widget_type=\"text-editor.default\">\n\t\t\t\t\t\t\t\t\t<p>\u00a0La presente Pol\u00edtica de Privacidad explica c\u00f3mo NDO SAC (en adelante, \u201cnosotros\u201d) recopila, utiliza, comparte y protege la informaci\u00f3n personal de sus usuarios (tambi\u00e9n denominados \u201custed\u201d). Respetamos la privacidad de nuestros usuarios y nos comprometemos a proteger sus datos de acuerdo con las leyes vigentes, en particular el Reglamento General de Protecci\u00f3n de Datos (RGPD).<\/p>\t\t\t\t\t\t\t\t<\/div>\n\t\t\t\t<div class=\"elementor-element elementor-element-45572f8 elementor-widget elementor-widget-heading\" data-id=\"45572f8\" data-element_type=\"widget\" data-widget_type=\"heading.default\">\n\t\t\t\t\t<h3 class=\"elementor-heading-title elementor-size-default\">2. Informaci\u00f3n que recopilamos<\/h3>\t\t\t\t<\/div>\n\t\t\t\t<div class=\"elementor-element elementor-element-ea10929 elementor-widget elementor-widget-text-editor\" data-id=\"ea10929\" data-element_type=\"widget\" data-widget_type=\"text-editor.default\">\n\t\t\t\t\t\t\t\t\t<p data-start=\"435\" data-end=\"518\">Recopilamos los siguientes datos personales:<\/p><ul data-start=\"520\" data-end=\"949\"><li data-start=\"520\" data-end=\"706\"><strong data-start=\"522\" data-end=\"568\">2.1 Informaci\u00f3n proporcionada directamente<\/strong>: Nombre, apellidos, direcci\u00f3n de correo electr\u00f3nico, n\u00famero de tel\u00e9fono, etc., a trav\u00e9s de nuestros formularios de contacto o registro.<\/li><li data-start=\"707\" data-end=\"846\"><strong data-start=\"709\" data-end=\"750\">2.2 Datos recopilados autom\u00e1ticamente<\/strong>: Direcci\u00f3n IP, tipo de navegador, duraci\u00f3n de la navegaci\u00f3n, p\u00e1ginas visitadas, cookies, etc.<\/li><li data-start=\"847\" data-end=\"949\"><strong data-start=\"849\" data-end=\"874\">2.3 Datos de terceros<\/strong>: Si interact\u00faa con nosotros a trav\u00e9s de plataformas como redes sociales.<\/li><\/ul>\t\t\t\t\t\t\t\t<\/div>\n\t\t\t\t<div class=\"elementor-element elementor-element-3a64509 elementor-widget elementor-widget-heading\" data-id=\"3a64509\" data-element_type=\"widget\" data-widget_type=\"heading.default\">\n\t\t\t\t\t<h3 class=\"elementor-heading-title elementor-size-default\">3. Uso de los datos personales<\/h3>\t\t\t\t<\/div>\n\t\t\t\t<div class=\"elementor-element elementor-element-8d826da elementor-widget elementor-widget-text-editor\" data-id=\"8d826da\" data-element_type=\"widget\" data-widget_type=\"text-editor.default\">\n\t\t\t\t\t\t\t\t\t<p data-start=\"951\" data-end=\"1020\">Sus datos son utilizados para:<\/p><ul data-start=\"1022\" data-end=\"1286\"><li data-start=\"1022\" data-end=\"1086\">3.1 Gestionar su registro y responder a sus solicitudes.<\/li><li data-start=\"1087\" data-end=\"1155\">3.2 Mejorar nuestros servicios y la experiencia del usuario.<\/li><li data-start=\"1156\" data-end=\"1230\">3.3 Enviarle informaci\u00f3n promocional si ha dado su consentimiento.<\/li><li data-start=\"1231\" data-end=\"1286\">3.4 Garantizar la seguridad y prevenir fraudes.<\/li><\/ul>\t\t\t\t\t\t\t\t<\/div>\n\t\t\t\t<div class=\"elementor-element elementor-element-6de9352 elementor-widget elementor-widget-heading\" data-id=\"6de9352\" data-element_type=\"widget\" data-widget_type=\"heading.default\">\n\t\t\t\t\t<h3 class=\"elementor-heading-title elementor-size-default\">4. Compartici\u00f3n de datos<\/h3>\t\t\t\t<\/div>\n\t\t\t\t<div class=\"elementor-element elementor-element-fb3a0d5 elementor-widget elementor-widget-text-editor\" data-id=\"fb3a0d5\" data-element_type=\"widget\" data-widget_type=\"text-editor.default\">\n\t\t\t\t\t\t\t\t\t<p data-start=\"1288\" data-end=\"1358\">Sus datos pueden ser compartidos con:<\/p><ul data-start=\"1360\" data-end=\"1593\"><li data-start=\"1360\" data-end=\"1438\">4.1 Nuestros proveedores t\u00e9cnicos (alojamiento, servicios anal\u00edticos).<\/li><li data-start=\"1439\" data-end=\"1498\">4.2 Las autoridades legales, en caso de obligaci\u00f3n.<\/li><li data-start=\"1499\" data-end=\"1593\">4.3 No compartimos sus datos con terceros con fines comerciales sin su consentimiento.<\/li><\/ul>\t\t\t\t\t\t\t\t<\/div>\n\t\t\t\t<div class=\"elementor-element elementor-element-13a0e3f elementor-widget elementor-widget-heading\" data-id=\"13a0e3f\" data-element_type=\"widget\" data-widget_type=\"heading.default\">\n\t\t\t\t\t<h3 class=\"elementor-heading-title elementor-size-default\">5. Sus derechos<\/h3>\t\t\t\t<\/div>\n\t\t\t\t<div class=\"elementor-element elementor-element-71cd0df elementor-widget elementor-widget-text-editor\" data-id=\"71cd0df\" data-element_type=\"widget\" data-widget_type=\"text-editor.default\">\n\t\t\t\t\t\t\t\t\t<ul><li data-start=\"1595\" data-end=\"1682\">Usted tiene los siguientes derechos sobre sus datos personales:<\/li><li data-start=\"1684\" data-end=\"1732\"><strong data-start=\"1686\" data-end=\"1730\">5.1 Acceso, rectificaci\u00f3n y eliminaci\u00f3n.<\/strong><\/li><li data-start=\"1733\" data-end=\"1784\"><strong data-start=\"1735\" data-end=\"1782\">5.2 Oposici\u00f3n o limitaci\u00f3n del tratamiento.<\/strong><\/li><li data-start=\"1785\" data-end=\"1823\"><strong data-start=\"1787\" data-end=\"1821\">5.3 Portabilidad de sus datos.<\/strong><\/li><li data-start=\"1824\" data-end=\"1910\"><strong data-start=\"1826\" data-end=\"1908\">5.4 Presentar una reclamaci\u00f3n ante la autoridad de protecci\u00f3n de datos (CNIL).<\/strong><\/li><\/ul>\t\t\t\t\t\t\t\t<\/div>\n\t\t\t\t<div class=\"elementor-element elementor-element-0175366 elementor-widget elementor-widget-heading\" data-id=\"0175366\" data-element_type=\"widget\" data-widget_type=\"heading.default\">\n\t\t\t\t\t<h3 class=\"elementor-heading-title elementor-size-default\">6. Conservaci\u00f3n de datos<\/h3>\t\t\t\t<\/div>\n\t\t\t\t<div class=\"elementor-element elementor-element-33a5bd9 elementor-widget elementor-widget-text-editor\" data-id=\"33a5bd9\" data-element_type=\"widget\" data-widget_type=\"text-editor.default\">\n\t\t\t\t\t\t\t\t\t<p>\u00a0Conservamos sus datos solo durante el tiempo necesario para los fines previstos o para cumplir con obligaciones legales.<\/p>\t\t\t\t\t\t\t\t<\/div>\n\t\t\t\t<div class=\"elementor-element elementor-element-d79da64 elementor-widget elementor-widget-heading\" data-id=\"d79da64\" data-element_type=\"widget\" data-widget_type=\"heading.default\">\n\t\t\t\t\t<h3 class=\"elementor-heading-title elementor-size-default\">7. Cookies y rastreadores<\/h3>\t\t\t\t<\/div>\n\t\t\t\t<div class=\"elementor-element elementor-element-1560b7d elementor-widget elementor-widget-text-editor\" data-id=\"1560b7d\" data-element_type=\"widget\" data-widget_type=\"text-editor.default\">\n\t\t\t\t\t\t\t\t\t<p>\u00a0Utilizamos cookies para mejorar su experiencia. Puede configurar sus preferencias en los ajustes de su navegador.<\/p>\t\t\t\t\t\t\t\t<\/div>\n\t\t\t\t<div class=\"elementor-element elementor-element-c63d3d6 elementor-widget elementor-widget-heading\" data-id=\"c63d3d6\" data-element_type=\"widget\" data-widget_type=\"heading.default\">\n\t\t\t\t\t<h3 class=\"elementor-heading-title elementor-size-default\">8. Contacto<\/h3>\t\t\t\t<\/div>\n\t\t\t\t<div class=\"elementor-element elementor-element-e6a4e34 elementor-widget elementor-widget-text-editor\" data-id=\"e6a4e34\" data-element_type=\"widget\" data-widget_type=\"text-editor.default\">\n\t\t\t\t\t\t\t\t\t<p data-start=\"2216\" data-end=\"2332\">Para cualquier consulta o solicitud relacionada con sus datos personales, puede contactarnos en:<\/p><ul data-start=\"2334\" data-end=\"2443\"><li data-start=\"2334\" data-end=\"2382\"><strong data-start=\"2336\" data-end=\"2358\">Correo electr\u00f3nico<\/strong>: <a rel=\"noopener\" data-start=\"2360\" data-end=\"2380\">legal@ndodigital.com<\/a><\/li><li data-start=\"2383\" data-end=\"2443\"><strong data-start=\"2385\" data-end=\"2405\">Direcci\u00f3n postal<\/strong>: Av. Mello Franco 567 \u2013 Lima \u2013 Per\u00fa<\/li><\/ul><p data-start=\"2445\" data-end=\"2482\" data-is-last-node=\"\" data-is-only-node=\"\"><strong data-start=\"2445\" data-end=\"2469\">\u00daltima actualizaci\u00f3n<\/strong>: 11\/03\/2025.<\/p>\t\t\t\t\t\t\t\t<\/div>\n\t\t\t\t\t<\/div>\n\t\t\t\t<\/div>\n\t\t\t\t<\/div>\n\t\t","protected":false},"excerpt":{"rendered":"Pol\u00edtica de Privacidad 1. Introducci\u00f3n \u00a0La presente Pol\u00edtica de Privacidad explica c\u00f3mo NDO SAC (en adelante, \u201cnosotros\u201d) recopila,&hellip;","protected":false},"author":11,"featured_media":0,"parent":0,"menu_order":0,"comment_status":"closed","ping_status":"closed","template":"","meta":{"inline_featured_image":false,"csco_page_header_type":"","csco_page_load_nextpost":"","csco_page_subscribe_form":"","csco_page_contact_form":"","footnotes":""},"class_list":{"0":"post-8015","1":"page","2":"type-page","3":"status-publish","5":"cs-entry","6":"cs-video-wrap"},"_links":{"self":[{"href":"https:\/\/d10.ai\/es\/wp-json\/wp\/v2\/pages\/8015","targetHints":{"allow":["GET"]}}],"collection":[{"href":"https:\/\/d10.ai\/es\/wp-json\/wp\/v2\/pages"}],"about":[{"href":"https:\/\/d10.ai\/es\/wp-json\/wp\/v2\/types\/page"}],"author":[{"embeddable":true,"href":"https:\/\/d10.ai\/es\/wp-json\/wp\/v2\/users\/11"}],"replies":[{"embeddable":true,"href":"https:\/\/d10.ai\/es\/wp-json\/wp\/v2\/comments?post=8015"}],"version-history":[{"count":0,"href":"https:\/\/d10.ai\/es\/wp-json\/wp\/v2\/pages\/8015\/revisions"}],"wp:attachment":[{"href":"https:\/\/d10.ai\/es\/wp-json\/wp\/v2\/media?parent=8015"}],"curies":[{"name":"wp","href":"https:\/\/api.w.org\/{rel}","templated":true}]}}