{"id":8010,"date":"2025-01-29T02:33:17","date_gmt":"2025-01-29T01:33:17","guid":{"rendered":"https:\/\/d10.ai\/mentions-legales\/"},"modified":"2025-03-11T16:51:47","modified_gmt":"2025-03-11T15:51:47","slug":"mentions-legales","status":"publish","type":"page","link":"https:\/\/d10.ai\/es\/mentions-legales\/","title":{"rendered":"Avisos Legales"},"content":{"rendered":"\t\t<div data-elementor-type=\"wp-page\" data-elementor-id=\"8010\" class=\"elementor elementor-8010 elementor-1687\" data-elementor-post-type=\"page\">\n\t\t\t\t<div class=\"elementor-element elementor-element-0830467 e-flex e-con-boxed e-con e-parent\" data-id=\"0830467\" data-element_type=\"container\">\n\t\t\t\t\t<div class=\"e-con-inner\">\n\t\t\t\t<div class=\"elementor-element elementor-element-1464f62 elementor-widget elementor-widget-heading\" data-id=\"1464f62\" data-element_type=\"widget\" data-widget_type=\"heading.default\">\n\t\t\t\t\t<h1 class=\"elementor-heading-title elementor-size-default\">Aviso Legal<\/h1>\t\t\t\t<\/div>\n\t\t\t\t<div class=\"elementor-element elementor-element-f4802b3 elementor-widget elementor-widget-heading\" data-id=\"f4802b3\" data-element_type=\"widget\" data-widget_type=\"heading.default\">\n\t\t\t\t\t<h3 class=\"elementor-heading-title elementor-size-default\">1. Editor del sitio<\/h3>\t\t\t\t<\/div>\n\t\t\t\t<div class=\"elementor-element elementor-element-0ac98ca elementor-widget elementor-widget-text-editor\" data-id=\"0ac98ca\" data-element_type=\"widget\" data-widget_type=\"text-editor.default\">\n\t\t\t\t\t\t\t\t\t<ul><li data-start=\"46\" data-end=\"79\"><strong data-start=\"48\" data-end=\"72\">Nombre de la empresa<\/strong>: NDO<\/li><li data-start=\"80\" data-end=\"110\"><strong data-start=\"82\" data-end=\"100\">Forma jur\u00eddica<\/strong>: S.A.C.<\/li><li data-start=\"111\" data-end=\"171\"><strong data-start=\"113\" data-end=\"133\">Domicilio social<\/strong>: Av. Mello Franco 567 \u2013 Lima \u2013 Per\u00fa<\/li><li data-start=\"172\" data-end=\"215\"><strong data-start=\"174\" data-end=\"196\">N\u00famero de registro<\/strong>: RUC 20606574585<\/li><li data-start=\"216\" data-end=\"262\"><strong data-start=\"218\" data-end=\"245\">Director de publicaci\u00f3n<\/strong>: Sr. Santacreu<\/li><li data-start=\"263\" data-end=\"331\"><strong data-start=\"265\" data-end=\"277\">Contacto<\/strong>:<ul data-start=\"283\" data-end=\"331\"><li data-start=\"283\" data-end=\"331\"><strong data-start=\"285\" data-end=\"307\">Correo electr\u00f3nico<\/strong>: <a rel=\"noopener\" data-start=\"309\" data-end=\"329\">legal@ndodigital.com<\/a><\/li><\/ul><\/li><\/ul>\t\t\t\t\t\t\t\t<\/div>\n\t\t\t\t<div class=\"elementor-element elementor-element-4a66c26 elementor-widget elementor-widget-heading\" data-id=\"4a66c26\" data-element_type=\"widget\" data-widget_type=\"heading.default\">\n\t\t\t\t\t<h3 class=\"elementor-heading-title elementor-size-default\">2. Alojamiento del sitio<\/h3>\t\t\t\t<\/div>\n\t\t\t\t<div class=\"elementor-element elementor-element-b9c7b6b elementor-widget elementor-widget-text-editor\" data-id=\"b9c7b6b\" data-element_type=\"widget\" data-widget_type=\"text-editor.default\">\n\t\t\t\t\t\t\t\t\t<p data-start=\"365\" data-end=\"393\">El sitio est\u00e1 alojado por:<\/p><ul data-start=\"394\" data-end=\"527\"><li data-start=\"394\" data-end=\"431\"><strong data-start=\"396\" data-end=\"420\">Nombre del proveedor<\/strong>: Contabo<\/li><li data-start=\"432\" data-end=\"494\"><strong data-start=\"434\" data-end=\"447\">Direcci\u00f3n<\/strong>: Aschauer Stra\u00dfe 32a, 81549 M\u00fanich, Alemania<\/li><li data-start=\"495\" data-end=\"527\"><strong data-start=\"497\" data-end=\"509\">Tel\u00e9fono<\/strong>: +89 212 683 72<\/li><\/ul>\t\t\t\t\t\t\t\t<\/div>\n\t\t\t\t<div class=\"elementor-element elementor-element-70a8945 elementor-widget elementor-widget-heading\" data-id=\"70a8945\" data-element_type=\"widget\" data-widget_type=\"heading.default\">\n\t\t\t\t\t<h3 class=\"elementor-heading-title elementor-size-default\">3. Propiedad intelectual<\/h3>\t\t\t\t<\/div>\n\t\t\t\t<div class=\"elementor-element elementor-element-f691f24 elementor-widget elementor-widget-text-editor\" data-id=\"f691f24\" data-element_type=\"widget\" data-widget_type=\"text-editor.default\">\n\t\t\t\t\t\t\t\t\t<p>Todos los contenidos de este sitio (textos, im\u00e1genes, videos, logotipos, gr\u00e1ficos) est\u00e1n protegidos por las leyes vigentes de propiedad intelectual. Queda estrictamente prohibida cualquier reproducci\u00f3n, representaci\u00f3n o distribuci\u00f3n sin autorizaci\u00f3n escrita.<\/p>\t\t\t\t\t\t\t\t<\/div>\n\t\t\t\t<div class=\"elementor-element elementor-element-1f45e86 elementor-widget elementor-widget-heading\" data-id=\"1f45e86\" data-element_type=\"widget\" data-widget_type=\"heading.default\">\n\t\t\t\t\t<h3 class=\"elementor-heading-title elementor-size-default\">4. Responsabilidad<\/h3>\t\t\t\t<\/div>\n\t\t\t\t<div class=\"elementor-element elementor-element-f9e5ea5 elementor-widget elementor-widget-text-editor\" data-id=\"f9e5ea5\" data-element_type=\"widget\" data-widget_type=\"text-editor.default\">\n\t\t\t\t\t\t\t\t\t<ul><li data-start=\"849\" data-end=\"1001\"><strong data-start=\"851\" data-end=\"879\">Disponibilidad del sitio<\/strong>: Nos esforzamos por garantizar un acceso continuo al sitio, pero no podemos asegurar una disponibilidad ininterrumpida.<\/li><li data-start=\"1002\" data-end=\"1170\"><strong data-start=\"1004\" data-end=\"1035\">Exactitud de la informaci\u00f3n<\/strong>: La informaci\u00f3n proporcionada en este sitio es de car\u00e1cter informativo. No nos hacemos responsables de posibles errores u omisiones.<\/li><\/ul>\t\t\t\t\t\t\t\t<\/div>\n\t\t\t\t<div class=\"elementor-element elementor-element-c79307f elementor-widget elementor-widget-heading\" data-id=\"c79307f\" data-element_type=\"widget\" data-widget_type=\"heading.default\">\n\t\t\t\t\t<h3 class=\"elementor-heading-title elementor-size-default\">5. Datos personales<\/h3>\t\t\t\t<\/div>\n\t\t\t\t<div class=\"elementor-element elementor-element-2bb53e2 elementor-widget elementor-widget-text-editor\" data-id=\"2bb53e2\" data-element_type=\"widget\" data-widget_type=\"text-editor.default\">\n\t\t\t\t\t\t\t\t\t<p>Para m\u00e1s informaci\u00f3n sobre la recopilaci\u00f3n y el uso de sus datos personales, consulte nuestra <strong data-start=\"1293\" data-end=\"1319\">Pol\u00edtica de Privacidad<\/strong>.<\/p>\t\t\t\t\t\t\t\t<\/div>\n\t\t\t\t<div class=\"elementor-element elementor-element-b79b178 elementor-widget elementor-widget-heading\" data-id=\"b79b178\" data-element_type=\"widget\" data-widget_type=\"heading.default\">\n\t\t\t\t\t<h3 class=\"elementor-heading-title elementor-size-default\">6. Legislaci\u00f3n aplicable<\/h3>\t\t\t\t<\/div>\n\t\t\t\t<div class=\"elementor-element elementor-element-190fa20 elementor-widget elementor-widget-text-editor\" data-id=\"190fa20\" data-element_type=\"widget\" data-widget_type=\"text-editor.default\">\n\t\t\t\t\t\t\t\t\t<p>Este sitio se rige por las leyes peruanas y cumple con los requisitos del RGPD para las interacciones con clientes en Francia.<\/p>\t\t\t\t\t\t\t\t<\/div>\n\t\t\t\t<div class=\"elementor-element elementor-element-fc9c71f elementor-widget elementor-widget-text-editor\" data-id=\"fc9c71f\" data-element_type=\"widget\" data-widget_type=\"text-editor.default\">\n\t\t\t\t\t\t\t\t\t<p><strong data-start=\"1486\" data-end=\"1510\">\u00daltima actualizaci\u00f3n<\/strong>: 11\/03\/2025.<\/p>\t\t\t\t\t\t\t\t<\/div>\n\t\t\t\t<div class=\"elementor-element elementor-element-8293897 elementor-widget elementor-widget-text-editor\" data-id=\"8293897\" data-element_type=\"widget\" data-widget_type=\"text-editor.default\">\n\t\t\t\t\t\t\t\t\t<p><strong>1. Editor del sitio<\/strong><br \/>Este sitio es editado por:<\/p><ul><li><strong>Nombre de la empresa<\/strong>: NDO<\/li><li><strong>Forma jur\u00eddica<\/strong>: S.A.C.<\/li><li><strong>Domicilio social<\/strong>: Av. Mello Franco 567 &#8211; Lima &#8211; Per\u00fa<\/li><li><strong>N\u00famero de registro<\/strong>: RUC 20606574585<\/li><li><strong>Director de publicaci\u00f3n<\/strong>: Sr. Santacreu<\/li><li><strong>Contacto<\/strong>:<ul><li><strong>Correo electr\u00f3nico<\/strong>: <a href=\"mailto:legal@ndodigital.com\">legal@ndodigital.com<\/a><\/li><\/ul><\/li><\/ul><p><strong>2. Alojamiento del sitio<\/strong><br \/>El sitio est\u00e1 alojado por:<\/p><ul><li><strong>Nombre del proveedor<\/strong>: Contabo<\/li><li><strong>Direcci\u00f3n<\/strong>: Aschauer Stra\u00dfe 32a, 81549 M\u00fanich, Alemania<\/li><li><strong>Tel\u00e9fono<\/strong>: +89 212 683 72<\/li><\/ul><p><strong>3. Propiedad intelectual<\/strong><br \/>Todos los contenidos de este sitio (textos, im\u00e1genes, videos, logotipos, gr\u00e1ficos) est\u00e1n protegidos por las leyes vigentes de propiedad intelectual. Queda estrictamente prohibida cualquier reproducci\u00f3n, representaci\u00f3n o distribuci\u00f3n sin autorizaci\u00f3n escrita.<\/p><p><strong>4. Responsabilidad<\/strong><\/p><ul><li><strong>4.1 Disponibilidad del sitio<\/strong>: Nos esforzamos por garantizar un acceso continuo al sitio, pero no podemos asegurar una disponibilidad ininterrumpida.<\/li><li><strong>4.2 Exactitud de la informaci\u00f3n<\/strong>: La informaci\u00f3n proporcionada en este sitio es de car\u00e1cter informativo. No nos hacemos responsables de posibles errores u omisiones.<\/li><\/ul><p><strong>5. Datos personales<\/strong><br \/>Para m\u00e1s informaci\u00f3n sobre la recopilaci\u00f3n y el uso de sus datos personales, consulte nuestra <strong>Pol\u00edtica de Privacidad<\/strong>.<\/p><p><strong>6. Legislaci\u00f3n aplicable<\/strong><br \/>Este sitio se rige por las leyes peruanas y cumple con los requisitos del RGPD para las interacciones con clientes en Francia.<\/p><p><strong>7. \u00daltima actualizaci\u00f3n<\/strong><br \/>11\/03\/2025.<\/p>\t\t\t\t\t\t\t\t<\/div>\n\t\t\t\t\t<\/div>\n\t\t\t\t<\/div>\n\t\t\t\t<\/div>\n\t\t","protected":false},"excerpt":{"rendered":"Aviso Legal 1. Editor del sitio Nombre de la empresa: NDO Forma jur\u00eddica: S.A.C. Domicilio social: Av. Mello&hellip;","protected":false},"author":11,"featured_media":0,"parent":0,"menu_order":0,"comment_status":"closed","ping_status":"closed","template":"","meta":{"inline_featured_image":false,"csco_page_header_type":"","csco_page_load_nextpost":"","csco_page_subscribe_form":"","csco_page_contact_form":"","footnotes":""},"class_list":{"0":"post-8010","1":"page","2":"type-page","3":"status-publish","5":"cs-entry","6":"cs-video-wrap"},"_links":{"self":[{"href":"https:\/\/d10.ai\/es\/wp-json\/wp\/v2\/pages\/8010","targetHints":{"allow":["GET"]}}],"collection":[{"href":"https:\/\/d10.ai\/es\/wp-json\/wp\/v2\/pages"}],"about":[{"href":"https:\/\/d10.ai\/es\/wp-json\/wp\/v2\/types\/page"}],"author":[{"embeddable":true,"href":"https:\/\/d10.ai\/es\/wp-json\/wp\/v2\/users\/11"}],"replies":[{"embeddable":true,"href":"https:\/\/d10.ai\/es\/wp-json\/wp\/v2\/comments?post=8010"}],"version-history":[{"count":0,"href":"https:\/\/d10.ai\/es\/wp-json\/wp\/v2\/pages\/8010\/revisions"}],"wp:attachment":[{"href":"https:\/\/d10.ai\/es\/wp-json\/wp\/v2\/media?parent=8010"}],"curies":[{"name":"wp","href":"https:\/\/api.w.org\/{rel}","templated":true}]}}