{"id":7991,"date":"2025-01-29T03:16:22","date_gmt":"2025-01-29T02:16:22","guid":{"rendered":"https:\/\/d10.ai\/conditions-generales-dutilisation\/"},"modified":"2025-03-11T16:30:28","modified_gmt":"2025-03-11T15:30:28","slug":"conditions-generales-dutilisation","status":"publish","type":"page","link":"https:\/\/d10.ai\/es\/conditions-generales-dutilisation\/","title":{"rendered":"Condiciones Generales de Uso"},"content":{"rendered":"\t\t<div data-elementor-type=\"wp-page\" data-elementor-id=\"7991\" class=\"elementor elementor-7991 elementor-1704\" data-elementor-post-type=\"page\">\n\t\t\t\t<div class=\"elementor-element elementor-element-0830467 e-flex e-con-boxed e-con e-parent\" data-id=\"0830467\" data-element_type=\"container\">\n\t\t\t\t\t<div class=\"e-con-inner\">\n\t\t\t\t<div class=\"elementor-element elementor-element-1464f62 elementor-widget elementor-widget-heading\" data-id=\"1464f62\" data-element_type=\"widget\" data-widget_type=\"heading.default\">\n\t\t\t\t\t<h1 class=\"elementor-heading-title elementor-size-default\">Condiciones Generales de Uso<\/h1>\t\t\t\t<\/div>\n\t\t\t\t<div class=\"elementor-element elementor-element-6d42216 elementor-widget elementor-widget-heading\" data-id=\"6d42216\" data-element_type=\"widget\" data-widget_type=\"heading.default\">\n\t\t\t\t\t<h3 class=\"elementor-heading-title elementor-size-default\">1. Objeto<\/h3>\t\t\t\t<\/div>\n\t\t\t\t<div class=\"elementor-element elementor-element-c77acd1 elementor-widget elementor-widget-text-editor\" data-id=\"c77acd1\" data-element_type=\"widget\" data-widget_type=\"text-editor.default\">\n\t\t\t\t\t\t\t\t\t<p>\u00a0Las presentes Condiciones Generales de Uso (CGU) tienen como finalidad definir los t\u00e9rminos y condiciones de uso del sitio web d10.ai (en adelante, \u00abel Sitio\u00bb) y los servicios ofrecidos.<\/p>\t\t\t\t\t\t\t\t<\/div>\n\t\t\t\t<div class=\"elementor-element elementor-element-3164b1d elementor-widget elementor-widget-heading\" data-id=\"3164b1d\" data-element_type=\"widget\" data-widget_type=\"heading.default\">\n\t\t\t\t\t<h3 class=\"elementor-heading-title elementor-size-default\">2. Aceptaci\u00f3n de las CGU<\/h3>\t\t\t\t<\/div>\n\t\t\t\t<div class=\"elementor-element elementor-element-3ac678c elementor-widget elementor-widget-text-editor\" data-id=\"3ac678c\" data-element_type=\"widget\" data-widget_type=\"text-editor.default\">\n\t\t\t\t\t\t\t\t\t<p>\u00a0Al acceder al Sitio, el usuario (tambi\u00e9n denominado \u00abusted\u00bb) reconoce aceptar plena y totalmente las presentes CGU. Si no acepta estas condiciones, le invitamos a no utilizar el Sitio.<\/p>\t\t\t\t\t\t\t\t<\/div>\n\t\t\t\t<div class=\"elementor-element elementor-element-6928aef elementor-widget elementor-widget-heading\" data-id=\"6928aef\" data-element_type=\"widget\" data-widget_type=\"heading.default\">\n\t\t\t\t\t<h3 class=\"elementor-heading-title elementor-size-default\">3. Acceso al Sitio<\/h3>\t\t\t\t<\/div>\n\t\t\t\t<div class=\"elementor-element elementor-element-2fa57c1 elementor-widget elementor-widget-text-editor\" data-id=\"2fa57c1\" data-element_type=\"widget\" data-widget_type=\"text-editor.default\">\n\t\t\t\t\t\t\t\t\t<ul><li data-start=\"486\" data-end=\"577\">El Sitio es accesible de forma gratuita para cualquier usuario con conexi\u00f3n a Internet.<\/li><li data-start=\"578\" data-end=\"730\">Nos reservamos el derecho de interrumpir temporal o definitivamente el acceso al Sitio sin previo aviso, especialmente por razones de mantenimiento.<\/li><\/ul>\t\t\t\t\t\t\t\t<\/div>\n\t\t\t\t<div class=\"elementor-element elementor-element-7453f78 elementor-widget elementor-widget-heading\" data-id=\"7453f78\" data-element_type=\"widget\" data-widget_type=\"heading.default\">\n\t\t\t\t\t<h3 class=\"elementor-heading-title elementor-size-default\">4. Uso de los servicios<\/h3>\t\t\t\t<\/div>\n\t\t\t\t<div class=\"elementor-element elementor-element-664cab8 elementor-widget elementor-widget-text-editor\" data-id=\"664cab8\" data-element_type=\"widget\" data-widget_type=\"text-editor.default\">\n\t\t\t\t\t\t\t\t\t<ul><li data-start=\"762\" data-end=\"884\">El usuario se compromete a utilizar el Sitio conforme a las leyes y normativas vigentes, as\u00ed como a las presentes CGU.<\/li><li data-start=\"885\" data-end=\"1041\">Cualquier comportamiento abusivo, fraudulento o que pueda perturbar el funcionamiento del Sitio puede dar lugar a la suspensi\u00f3n o prohibici\u00f3n de acceso.<\/li><\/ul>\t\t\t\t\t\t\t\t<\/div>\n\t\t\t\t<div class=\"elementor-element elementor-element-c343048 elementor-widget elementor-widget-heading\" data-id=\"c343048\" data-element_type=\"widget\" data-widget_type=\"heading.default\">\n\t\t\t\t\t<h3 class=\"elementor-heading-title elementor-size-default\">5. Propiedad intelectual<\/h3>\t\t\t\t<\/div>\n\t\t\t\t<div class=\"elementor-element elementor-element-e8bd402 elementor-widget elementor-widget-text-editor\" data-id=\"e8bd402\" data-element_type=\"widget\" data-widget_type=\"text-editor.default\">\n\t\t\t\t\t\t\t\t\t<ul><li data-start=\"1074\" data-end=\"1198\">El contenido del Sitio (textos, im\u00e1genes, videos, gr\u00e1ficos, etc.) est\u00e1 protegido por las leyes de propiedad intelectual.<\/li><li data-start=\"1199\" data-end=\"1303\">Cualquier reproducci\u00f3n, distribuci\u00f3n o uso no autorizado del contenido est\u00e1 estrictamente prohibido.<\/li><\/ul>\t\t\t\t\t\t\t\t<\/div>\n\t\t\t\t<div class=\"elementor-element elementor-element-2542381 elementor-widget elementor-widget-heading\" data-id=\"2542381\" data-element_type=\"widget\" data-widget_type=\"heading.default\">\n\t\t\t\t\t<h3 class=\"elementor-heading-title elementor-size-default\">6. Responsabilidad<\/h3>\t\t\t\t<\/div>\n\t\t\t\t<div class=\"elementor-element elementor-element-a41ff1d elementor-widget elementor-widget-text-editor\" data-id=\"a41ff1d\" data-element_type=\"widget\" data-widget_type=\"text-editor.default\">\n\t\t\t\t\t\t\t\t\t<ul><li data-start=\"1330\" data-end=\"1423\"><strong data-start=\"1332\" data-end=\"1361\">Disponibilidad del Sitio:<\/strong> No garantizamos la disponibilidad ininterrumpida del Sitio.<\/li><li data-start=\"1424\" data-end=\"1569\"><strong data-start=\"1426\" data-end=\"1458\">Precisi\u00f3n de la informaci\u00f3n:<\/strong> Aunque nos esforzamos por proporcionar informaci\u00f3n precisa, no podemos garantizar su exactitud o integridad.<\/li><li data-start=\"1570\" data-end=\"1709\"><strong data-start=\"1572\" data-end=\"1593\">Enlaces externos:<\/strong> El Sitio puede contener enlaces a sitios de terceros. No nos hacemos responsables del contenido de dichos sitios.<\/li><\/ul>\t\t\t\t\t\t\t\t<\/div>\n\t\t\t\t<div class=\"elementor-element elementor-element-5964b61 elementor-widget elementor-widget-heading\" data-id=\"5964b61\" data-element_type=\"widget\" data-widget_type=\"heading.default\">\n\t\t\t\t\t<h3 class=\"elementor-heading-title elementor-size-default\">7. Protecci\u00f3n de datos<\/h3>\t\t\t\t<\/div>\n\t\t\t\t<div class=\"elementor-element elementor-element-2ed6a71 elementor-widget elementor-widget-text-editor\" data-id=\"2ed6a71\" data-element_type=\"widget\" data-widget_type=\"text-editor.default\">\n\t\t\t\t\t\t\t\t\t<ul><li>\u00a0Para m\u00e1s informaci\u00f3n sobre la recopilaci\u00f3n y el tratamiento de sus datos personales, consulte nuestra Pol\u00edtica de Privacidad.<\/li><\/ul>\t\t\t\t\t\t\t\t<\/div>\n\t\t\t\t<div class=\"elementor-element elementor-element-602012a elementor-widget elementor-widget-heading\" data-id=\"602012a\" data-element_type=\"widget\" data-widget_type=\"heading.default\">\n\t\t\t\t\t<h3 class=\"elementor-heading-title elementor-size-default\">8. Modificaciones de las CGU<\/h3>\t\t\t\t<\/div>\n\t\t\t\t<div class=\"elementor-element elementor-element-c5fc0e9 elementor-widget elementor-widget-text-editor\" data-id=\"c5fc0e9\" data-element_type=\"widget\" data-widget_type=\"text-editor.default\">\n\t\t\t\t\t\t\t\t\t<p>\u00a0Nos reservamos el derecho de modificar estas CGU en cualquier momento. Las modificaciones ser\u00e1n publicadas en esta p\u00e1gina con su fecha de actualizaci\u00f3n.<\/p>\t\t\t\t\t\t\t\t<\/div>\n\t\t\t\t<div class=\"elementor-element elementor-element-1264e38 elementor-widget elementor-widget-heading\" data-id=\"1264e38\" data-element_type=\"widget\" data-widget_type=\"heading.default\">\n\t\t\t\t\t<h3 class=\"elementor-heading-title elementor-size-default\">9. Ley aplicable y jurisdicci\u00f3n competente<\/h3>\t\t\t\t<\/div>\n\t\t\t\t<div class=\"elementor-element elementor-element-9320fdc elementor-widget elementor-widget-text-editor\" data-id=\"9320fdc\" data-element_type=\"widget\" data-widget_type=\"text-editor.default\">\n\t\t\t\t\t\t\t\t\t<p>\u00a0Las presentes CGU se rigen por las leyes de Per\u00fa. En caso de disputa, los tribunales competentes ser\u00e1n aquellos situados en la jurisdicci\u00f3n del domicilio social de la empresa.<\/p>\t\t\t\t\t\t\t\t<\/div>\n\t\t\t\t<div class=\"elementor-element elementor-element-5692694 elementor-widget elementor-widget-heading\" data-id=\"5692694\" data-element_type=\"widget\" data-widget_type=\"heading.default\">\n\t\t\t\t\t<h3 class=\"elementor-heading-title elementor-size-default\">10. Contacto<\/h3>\t\t\t\t<\/div>\n\t\t\t\t<div class=\"elementor-element elementor-element-72fdb59 elementor-widget elementor-widget-text-editor\" data-id=\"72fdb59\" data-element_type=\"widget\" data-widget_type=\"text-editor.default\">\n\t\t\t\t\t\t\t\t\t<p>\u00a0Para cualquier consulta relacionada con estas CGU, puede contactarnos a trav\u00e9s de:<\/p><ul><li data-start=\"2392\" data-end=\"2440\"><strong data-start=\"2394\" data-end=\"2417\">Correo electr\u00f3nico:<\/strong> <a rel=\"noopener\" data-start=\"2418\" data-end=\"2438\">legal@ndodigital.com<\/a><\/li><li data-start=\"2441\" data-end=\"2501\"><strong data-start=\"2443\" data-end=\"2464\">Direcci\u00f3n postal:<\/strong> Av. Mello Franco 567 \u2013 Lima \u2013 Per\u00fa<\/li><\/ul>\t\t\t\t\t\t\t\t<\/div>\n\t\t\t\t<div class=\"elementor-element elementor-element-0ac98ca elementor-widget elementor-widget-text-editor\" data-id=\"0ac98ca\" data-element_type=\"widget\" data-widget_type=\"text-editor.default\">\n\t\t\t\t\t\t\t\t\t<p>\u00daltima actualizaci\u00f3n: 11\/03\/2025.<\/p>\t\t\t\t\t\t\t\t<\/div>\n\t\t\t\t\t<\/div>\n\t\t\t\t<\/div>\n\t\t\t\t<\/div>\n\t\t","protected":false},"excerpt":{"rendered":"Condiciones Generales de Uso 1. Objeto \u00a0Las presentes Condiciones Generales de Uso (CGU) tienen como finalidad definir los&hellip;","protected":false},"author":11,"featured_media":0,"parent":0,"menu_order":0,"comment_status":"closed","ping_status":"closed","template":"","meta":{"inline_featured_image":false,"csco_page_header_type":"","csco_page_load_nextpost":"","csco_page_subscribe_form":"","csco_page_contact_form":"","footnotes":""},"class_list":{"0":"post-7991","1":"page","2":"type-page","3":"status-publish","5":"cs-entry","6":"cs-video-wrap"},"_links":{"self":[{"href":"https:\/\/d10.ai\/es\/wp-json\/wp\/v2\/pages\/7991","targetHints":{"allow":["GET"]}}],"collection":[{"href":"https:\/\/d10.ai\/es\/wp-json\/wp\/v2\/pages"}],"about":[{"href":"https:\/\/d10.ai\/es\/wp-json\/wp\/v2\/types\/page"}],"author":[{"embeddable":true,"href":"https:\/\/d10.ai\/es\/wp-json\/wp\/v2\/users\/11"}],"replies":[{"embeddable":true,"href":"https:\/\/d10.ai\/es\/wp-json\/wp\/v2\/comments?post=7991"}],"version-history":[{"count":0,"href":"https:\/\/d10.ai\/es\/wp-json\/wp\/v2\/pages\/7991\/revisions"}],"wp:attachment":[{"href":"https:\/\/d10.ai\/es\/wp-json\/wp\/v2\/media?parent=7991"}],"curies":[{"name":"wp","href":"https:\/\/api.w.org\/{rel}","templated":true}]}}