{"id":7499,"date":"2025-01-19T13:53:52","date_gmt":"2025-01-19T12:53:52","guid":{"rendered":"https:\/\/d10.ai\/suivi-et-reporting-de-la-performance\/"},"modified":"2025-03-05T17:00:24","modified_gmt":"2025-03-05T16:00:24","slug":"suivi-et-reporting-de-la-performance","status":"publish","type":"page","link":"https:\/\/d10.ai\/es\/suivi-et-reporting-de-la-performance\/","title":{"rendered":"Dar visibilidad a sus resultados"},"content":{"rendered":"\t\t<div data-elementor-type=\"wp-page\" data-elementor-id=\"7499\" class=\"elementor elementor-7499 elementor-788\" data-elementor-post-type=\"page\">\n\t\t\t\t<div class=\"elementor-element elementor-element-6d69543 e-flex e-con-boxed e-con e-parent\" data-id=\"6d69543\" data-element_type=\"container\">\n\t\t\t\t\t<div class=\"e-con-inner\">\n\t\t\t\t<div class=\"elementor-element elementor-element-6580925b elementor-widget elementor-widget-heading\" data-id=\"6580925b\" data-element_type=\"widget\" data-widget_type=\"heading.default\">\n\t\t\t\t\t<h1 class=\"elementor-heading-title elementor-size-default\">Donner de la visibilit\u00e9 \u00e0 vos r\u00e9sultats\n<\/h1>\t\t\t\t<\/div>\n\t\t\t\t\t<\/div>\n\t\t\t\t<\/div>\n\t\t<div class=\"elementor-element elementor-element-2f33c34f e-flex e-con-boxed e-con e-parent\" data-id=\"2f33c34f\" data-element_type=\"container\">\n\t\t\t\t\t<div class=\"e-con-inner\">\n\t\t\t\t<div class=\"elementor-element elementor-element-23ac60c4 elementor-widget elementor-widget-text-editor\" data-id=\"23ac60c4\" data-element_type=\"widget\" data-widget_type=\"text-editor.default\">\n\t\t\t\t\t\t\t\t\t<p>Una vez que sus indicadores de desempe\u00f1o (KPIs) est\u00e1n definidos, es fundamental <strong data-start=\"199\" data-end=\"242\">seguirlos e interpretarlos regularmente<\/strong> para transformar los datos en decisiones informadas. El seguimiento y el reporte del rendimiento permiten mantener una visi\u00f3n global del progreso, detectar r\u00e1pidamente desviaciones y priorizar acciones estrat\u00e9gicas. Es un paso clave para asegurar la continuidad de los avances y ajustar las estrategias a lo largo del tiempo.<\/p>\t\t\t\t\t\t\t\t<\/div>\n\t\t\t\t<div class=\"elementor-element elementor-element-f8a25d4 elementor-widget elementor-widget-image\" data-id=\"f8a25d4\" data-element_type=\"widget\" data-widget_type=\"image.default\">\n\t\t\t\t\t\t\t\t\t\t\t\t\t\t\t<img fetchpriority=\"high\" decoding=\"async\" width=\"1024\" height=\"576\" src=\"https:\/\/d10.ai\/wp-content\/uploads\/2025\/02\/d10-suivi-reporting.jpg\" class=\"attachment-full size-full wp-image-7500\" alt=\"\" srcset=\"https:\/\/d10.ai\/wp-content\/uploads\/2025\/02\/d10-suivi-reporting.jpg 1024w, https:\/\/d10.ai\/wp-content\/uploads\/2025\/02\/d10-suivi-reporting-300x169.jpg 300w, https:\/\/d10.ai\/wp-content\/uploads\/2025\/02\/d10-suivi-reporting-768x432.jpg 768w, https:\/\/d10.ai\/wp-content\/uploads\/2025\/02\/d10-suivi-reporting-40x23.jpg 40w, https:\/\/d10.ai\/wp-content\/uploads\/2025\/02\/d10-suivi-reporting-100x56.jpg 100w, https:\/\/d10.ai\/wp-content\/uploads\/2025\/02\/d10-suivi-reporting-200x113.jpg 200w, https:\/\/d10.ai\/wp-content\/uploads\/2025\/02\/d10-suivi-reporting-714x402.jpg 714w\" sizes=\"(max-width: 1024px) 100vw, 1024px\" \/>\t\t\t\t\t\t\t\t\t\t\t\t\t\t\t<\/div>\n\t\t\t\t\t<\/div>\n\t\t\t\t<\/div>\n\t\t<div class=\"elementor-element elementor-element-487de44 e-flex e-con-boxed e-con e-parent\" data-id=\"487de44\" data-element_type=\"container\">\n\t\t\t\t\t<div class=\"e-con-inner\">\n\t\t\t\t<div class=\"elementor-element elementor-element-793a5b61 elementor-widget elementor-widget-heading\" data-id=\"793a5b61\" data-element_type=\"widget\" data-widget_type=\"heading.default\">\n\t\t\t\t\t<h2 class=\"elementor-heading-title elementor-size-default\">M\u00e1s all\u00e1 de los n\u00fameros<\/h2>\t\t\t\t<\/div>\n\t\t\t\t\t<\/div>\n\t\t\t\t<\/div>\n\t\t<div class=\"elementor-element elementor-element-5cd924d9 e-flex e-con-boxed e-con e-parent\" data-id=\"5cd924d9\" data-element_type=\"container\">\n\t\t\t\t\t<div class=\"e-con-inner\">\n\t\t\t\t<div class=\"elementor-element elementor-element-222d2239 elementor-widget elementor-widget-text-editor\" data-id=\"222d2239\" data-element_type=\"widget\" data-widget_type=\"text-editor.default\">\n\t\t\t\t\t\t\t\t\t<p data-start=\"607\" data-end=\"765\">El reporte de desempe\u00f1o no se trata solo de mostrar paneles de control, sino de proporcionar una lectura clara y accionable de los resultados. Esto implica:<\/p><ul data-start=\"767\" data-end=\"1248\"><li data-start=\"767\" data-end=\"866\"><strong data-start=\"769\" data-end=\"797\">Contextualizar los KPIs:<\/strong> Relacionar los datos con los objetivos estrat\u00e9gicos de la empresa.<\/li><li data-start=\"867\" data-end=\"1002\"><strong data-start=\"869\" data-end=\"914\">Identificar desviaciones y oportunidades:<\/strong> Detectar qu\u00e9 funciona, qu\u00e9 obstaculiza el progreso y d\u00f3nde es prioritario intervenir.<\/li><li data-start=\"1003\" data-end=\"1109\"><strong data-start=\"1005\" data-end=\"1038\">Impulsar una mejora continua:<\/strong> Utilizar los reportes peri\u00f3dicos para optimizar m\u00e9todos y pr\u00e1cticas.<\/li><li data-start=\"1110\" data-end=\"1248\"><strong data-start=\"1112\" data-end=\"1159\">Compartir una visi\u00f3n clara con los equipos:<\/strong> Garantizar que todos comprendan el estado de la empresa y los factores clave de \u00e9xito.<\/li><\/ul>\t\t\t\t\t\t\t\t<\/div>\n\t\t\t\t\t<\/div>\n\t\t\t\t<\/div>\n\t\t<div class=\"elementor-element elementor-element-1138967f e-flex e-con-boxed e-con e-parent\" data-id=\"1138967f\" data-element_type=\"container\">\n\t\t\t\t\t<div class=\"e-con-inner\">\n\t\t\t\t<div class=\"elementor-element elementor-element-3b151af elementor-widget elementor-widget-heading\" data-id=\"3b151af\" data-element_type=\"widget\" data-widget_type=\"heading.default\">\n\t\t\t\t\t<h2 class=\"elementor-heading-title elementor-size-default\">Un sistema de seguimiento integrado<\/h2>\t\t\t\t<\/div>\n\t\t\t\t\t<\/div>\n\t\t\t\t<\/div>\n\t\t<div class=\"elementor-element elementor-element-6ce4c53 e-flex e-con-boxed e-con e-parent\" data-id=\"6ce4c53\" data-element_type=\"container\">\n\t\t\t\t\t<div class=\"e-con-inner\">\n\t\t\t\t<div class=\"elementor-element elementor-element-5198b5b8 elementor-widget elementor-widget-text-editor\" data-id=\"5198b5b8\" data-element_type=\"widget\" data-widget_type=\"text-editor.default\">\n\t\t\t\t\t\t\t\t\t<p data-start=\"1297\" data-end=\"1421\">El seguimiento y el reporte del rendimiento se integran de forma natural con las herramientas y procesos ya implementados:<\/p><ul data-start=\"1423\" data-end=\"1756\"><li data-start=\"1423\" data-end=\"1533\"><strong data-start=\"1425\" data-end=\"1448\">Datos consolidados:<\/strong> Centralizados a partir de soluciones digitales y herramientas de medici\u00f3n de KPIs.<\/li><li data-start=\"1534\" data-end=\"1664\"><strong data-start=\"1536\" data-end=\"1576\">Visualizaciones claras e intuitivas:<\/strong> Informaci\u00f3n accesible y adaptada a diferentes p\u00fablicos (equipos, directivos, socios).<\/li><li data-start=\"1665\" data-end=\"1756\"><strong data-start=\"1667\" data-end=\"1692\">Reportes accionables:<\/strong> An\u00e1lisis basados en datos para guiar decisiones estrat\u00e9gicas.<\/li><\/ul>\t\t\t\t\t\t\t\t<\/div>\n\t\t\t\t\t<\/div>\n\t\t\t\t<\/div>\n\t\t<div class=\"elementor-element elementor-element-742885a9 e-flex e-con-boxed e-con e-parent\" data-id=\"742885a9\" data-element_type=\"container\">\n\t\t\t\t\t<div class=\"e-con-inner\">\n\t\t\t\t<div class=\"elementor-element elementor-element-1d5aaecb elementor-widget elementor-widget-heading\" data-id=\"1d5aaecb\" data-element_type=\"widget\" data-widget_type=\"heading.default\">\n\t\t\t\t\t<h2 class=\"elementor-heading-title elementor-size-default\">Una metodolog\u00eda orientada a la acci\u00f3n<\/h2>\t\t\t\t<\/div>\n\t\t\t\t\t<\/div>\n\t\t\t\t<\/div>\n\t\t<div class=\"elementor-element elementor-element-77a7c8ce e-flex e-con-boxed e-con e-parent\" data-id=\"77a7c8ce\" data-element_type=\"container\">\n\t\t\t\t\t<div class=\"e-con-inner\">\n\t\t\t\t<div class=\"elementor-element elementor-element-457d2c6b elementor-widget elementor-widget-text-editor\" data-id=\"457d2c6b\" data-element_type=\"widget\" data-widget_type=\"text-editor.default\">\n\t\t\t\t\t\t\t\t\t<p data-start=\"1807\" data-end=\"1922\">Nuestra metodolog\u00eda para estructurar el seguimiento y el reporte de rendimiento se basa en principios esenciales:<\/p><ol data-start=\"1924\" data-end=\"2435\"><li data-start=\"1924\" data-end=\"2050\"><strong data-start=\"1927\" data-end=\"1962\">Definir rutinas de seguimiento:<\/strong> Establecer la frecuencia y formato de los reportes seg\u00fan las necesidades del negocio.<\/li><li data-start=\"2051\" data-end=\"2178\"><strong data-start=\"2054\" data-end=\"2081\">Automatizar el proceso:<\/strong> Minimizar la carga manual mediante herramientas que recopilen y analicen datos en tiempo real.<\/li><li data-start=\"2179\" data-end=\"2307\"><strong data-start=\"2182\" data-end=\"2217\">Presentar datos de forma clara:<\/strong> Construcci\u00f3n de paneles interactivos que faciliten la interpretaci\u00f3n de la informaci\u00f3n.<\/li><li data-start=\"2308\" data-end=\"2435\"><strong data-start=\"2311\" data-end=\"2347\">Facilitar la toma de decisiones:<\/strong> Vincular los resultados con los objetivos estrat\u00e9gicos para orientar las prioridades.<\/li><\/ol>\t\t\t\t\t\t\t\t<\/div>\n\t\t\t\t\t<\/div>\n\t\t\t\t<\/div>\n\t\t<div class=\"elementor-element elementor-element-798025d6 e-flex e-con-boxed e-con e-parent\" data-id=\"798025d6\" data-element_type=\"container\">\n\t\t\t\t\t<div class=\"e-con-inner\">\n\t\t\t\t<div class=\"elementor-element elementor-element-62fe22b4 elementor-widget elementor-widget-heading\" data-id=\"62fe22b4\" data-element_type=\"widget\" data-widget_type=\"heading.default\">\n\t\t\t\t\t<h2 class=\"elementor-heading-title elementor-size-default\">Beneficios de un sistema de reporte bien dise\u00f1ado<\/h2>\t\t\t\t<\/div>\n\t\t\t\t\t<\/div>\n\t\t\t\t<\/div>\n\t\t<div class=\"elementor-element elementor-element-385cee6f e-flex e-con-boxed e-con e-parent\" data-id=\"385cee6f\" data-element_type=\"container\">\n\t\t\t\t\t<div class=\"e-con-inner\">\n\t\t\t\t<div class=\"elementor-element elementor-element-399f4417 elementor-widget elementor-widget-text-editor\" data-id=\"399f4417\" data-element_type=\"widget\" data-widget_type=\"text-editor.default\">\n\t\t\t\t\t\t\t\t\t<p data-start=\"2498\" data-end=\"2567\">Con un seguimiento eficiente de la informaci\u00f3n, su empresa obtiene:<\/p><ul data-start=\"2569\" data-end=\"2997\"><li data-start=\"2569\" data-end=\"2665\"><strong data-start=\"2571\" data-end=\"2598\">Gesti\u00f3n en tiempo real:<\/strong> Decisiones adaptadas en funci\u00f3n de la evoluci\u00f3n del rendimiento.<\/li><li data-start=\"2666\" data-end=\"2774\"><strong data-start=\"2668\" data-end=\"2701\">Transparencia organizacional:<\/strong> Todos los actores cuentan con una visi\u00f3n compartida de los resultados.<\/li><li data-start=\"2775\" data-end=\"2887\"><strong data-start=\"2777\" data-end=\"2809\">Mayor compromiso del equipo:<\/strong> Cuando los avances son visibles y comprensibles, se refuerza la motivaci\u00f3n.<\/li><li data-start=\"2888\" data-end=\"2997\"><strong data-start=\"2890\" data-end=\"2915\">Agilidad estrat\u00e9gica:<\/strong> Capacidad de ajustar acciones r\u00e1pidamente ante nuevos desaf\u00edos u oportunidades.<\/li><\/ul>\t\t\t\t\t\t\t\t<\/div>\n\t\t\t\t\t<\/div>\n\t\t\t\t<\/div>\n\t\t<div class=\"elementor-element elementor-element-173d6698 e-flex e-con-boxed e-con e-parent\" data-id=\"173d6698\" data-element_type=\"container\">\n\t\t\t\t\t<div class=\"e-con-inner\">\n\t\t\t\t<div class=\"elementor-element elementor-element-477cb565 elementor-widget elementor-widget-heading\" data-id=\"477cb565\" data-element_type=\"widget\" data-widget_type=\"heading.default\">\n\t\t\t\t\t<h2 class=\"elementor-heading-title elementor-size-default\">Mantener el rumbo y avanzar<\/h2>\t\t\t\t<\/div>\n\t\t\t\t\t<\/div>\n\t\t\t\t<\/div>\n\t\t<div class=\"elementor-element elementor-element-457549c4 e-flex e-con-boxed e-con e-parent\" data-id=\"457549c4\" data-element_type=\"container\">\n\t\t\t\t\t<div class=\"e-con-inner\">\n\t\t\t\t<div class=\"elementor-element elementor-element-33df39f5 elementor-widget elementor-widget-text-editor\" data-id=\"33df39f5\" data-element_type=\"widget\" data-widget_type=\"text-editor.default\">\n\t\t\t\t\t\t\t\t\t<p>El seguimiento y reporte del rendimiento permiten que su empresa <strong data-start=\"3103\" data-end=\"3160\">se mantenga alineada con sus prioridades estrat\u00e9gicas<\/strong>, sin perder la flexibilidad necesaria para adaptarse. Convierten los datos en <strong data-start=\"3239\" data-end=\"3279\">motores de acci\u00f3n, ajuste y progreso<\/strong>, asegurando que cada resultado impulse nuevas oportunidades de crecimiento.<\/p>\t\t\t\t\t\t\t\t<\/div>\n\t\t\t\t<div class=\"elementor-element elementor-element-3dd6217 elementor-widget elementor-widget-template\" data-id=\"3dd6217\" data-element_type=\"widget\" data-widget_type=\"template.default\">\n\t\t\t\t<div class=\"elementor-widget-container\">\n\t\t\t\t\t\t\t<div class=\"elementor-template\">\n\t\t\t\t\t<div data-elementor-type=\"container\" data-elementor-id=\"8031\" class=\"elementor elementor-8031 elementor-4711\" data-elementor-post-type=\"elementor_library\">\n\t\t\t\t<div class=\"elementor-element elementor-element-39bedd52 e-flex e-con-boxed e-con e-parent\" data-id=\"39bedd52\" data-element_type=\"container\" id=\"cta\">\n\t\t\t\t\t<div class=\"e-con-inner\">\n\t\t<div class=\"elementor-element elementor-element-2d1bb796 e-con-full e-flex e-con e-child\" data-id=\"2d1bb796\" data-element_type=\"container\">\n\t\t\t\t<div class=\"elementor-element elementor-element-57fd44d2 elementor-widget elementor-widget-heading\" data-id=\"57fd44d2\" data-element_type=\"widget\" data-widget_type=\"heading.default\">\n\t\t\t\t\t<h2 class=\"elementor-heading-title elementor-size-default\">\u00bfListo para pasar a la acci\u00f3n?<\/h2>\t\t\t\t<\/div>\n\t\t\t\t<div class=\"elementor-element elementor-element-6444d11f elementor-widget elementor-widget-text-editor\" data-id=\"6444d11f\" data-element_type=\"widget\" data-widget_type=\"text-editor.default\">\n\t\t\t\t\t\t\t\t\t<p>\u00a0Para iniciar una conversaci\u00f3n, completa este formulario indicando cu\u00e1ndo deseas ser llamado.<\/p>\t\t\t\t\t\t\t\t<\/div>\n\t\t\t\t<div class=\"elementor-element elementor-element-e755ded elementor-widget elementor-widget-shortcode\" data-id=\"e755ded\" data-element_type=\"widget\" data-widget_type=\"shortcode.default\">\n\t\t\t\t\t\t\t<div class=\"elementor-shortcode\"><div class='fluentform ff-default fluentform_wrapper_1 ffs_default_wrap'><form data-form_id=\"1\" id=\"fluentform_1\" class=\"frm-fluent-form fluent_form_1 ff-el-form-top ff_form_instance_1_1 ff-form-loading ffs_default\" data-form_instance=\"ff_form_instance_1_1\" method=\"POST\" ><fieldset  style=\"border: none!important;margin: 0!important;padding: 0!important;background-color: transparent!important;box-shadow: none!important;outline: none!important; min-inline-size: 100%;\">\n                    <legend class=\"ff_screen_reader_title\" style=\"display: block; margin: 0!important;padding: 0!important;height: 0!important;text-indent: -999999px;width: 0!important;overflow:hidden;\">Universel Contact<\/legend><input type='hidden' name='__fluent_form_embded_post_id' value='7499' \/><input type=\"hidden\" id=\"_fluentform_1_fluentformnonce\" name=\"_fluentform_1_fluentformnonce\" value=\"80edcf4625\" \/><input type=\"hidden\" name=\"_wp_http_referer\" value=\"\/es\/wp-json\/wp\/v2\/pages\/7499\" \/><div data-type=\"name-element\" data-name=\"names\" class=\" ff-field_container ff-name-field-wrapper\" ><div class='ff-t-container'><div class='ff-t-cell '><div class='ff-el-group  ff-el-form-hide_label'><div class=\"ff-el-input--label ff-el-is-required asterisk-right\"><label for='ff_1_names_first_name_' id='label_ff_1_names_first_name_' >Pr\u00e9nom<\/label><\/div><div class='ff-el-input--content'><input type=\"text\" name=\"names[first_name]\" value=\"\" id=\"ff_1_names_first_name_\" class=\"ff-el-form-control\" placeholder=\"Pr\u00e9nom\" aria-invalid=\"false\" aria-required=true><\/div><\/div><\/div><div class='ff-t-cell '><div class='ff-el-group  ff-el-form-hide_label'><div class=\"ff-el-input--label ff-el-is-required asterisk-right\"><label for='ff_1_names_last_name_' id='label_ff_1_names_last_name_' >Nom<\/label><\/div><div class='ff-el-input--content'><input type=\"text\" name=\"names[last_name]\" value=\"\" id=\"ff_1_names_last_name_\" class=\"ff-el-form-control\" placeholder=\"Nom\" aria-invalid=\"false\" aria-required=true><\/div><\/div><\/div><\/div><\/div><div data-name=\"ff_cn_id_1\"  class='ff-t-container ff-column-container ff_columns_total_2 '><div class='ff-t-cell ff-t-column-1' style='flex-basis: 50%;'><div class='ff-el-group ff-el-form-hide_label'><div class=\"ff-el-input--label ff-el-is-required asterisk-right\"><label for='ff_1_email' id='label_ff_1_email' aria-label=\"Email\">Email<\/label><\/div><div class='ff-el-input--content'><input type=\"email\" name=\"email\" value=\"\" id=\"ff_1_email\" class=\"ff-el-form-control\" placeholder=\"Address Email\" data-name=\"email\"  aria-invalid=\"false\" aria-required=true><\/div><\/div><\/div><div class='ff-t-cell ff-t-column-2' style='flex-basis: 50%;'><\/div><\/div><div data-name=\"ff_cn_id_2\"  class='ff-t-container ff-column-container ff_columns_total_2 '><div class='ff-t-cell ff-t-column-1' style='flex-basis: 50%;'><div class='ff-el-group ff-el-form-hide_label'><div class=\"ff-el-input--label ff-el-is-required asterisk-right\"><label for='ff_1_input_text' id='label_ff_1_input_text' aria-label=\"Entreprise\">Entreprise<\/label><\/div><div class='ff-el-input--content'><input type=\"text\" name=\"input_text\" class=\"ff-el-form-control\" placeholder=\"Entreprise\" data-name=\"input_text\" id=\"ff_1_input_text\"  aria-invalid=\"false\" aria-required=true><\/div><\/div><\/div><div class='ff-t-cell ff-t-column-2' style='flex-basis: 50%;'><div class='ff-el-group ff-el-form-hide_label'><div class=\"ff-el-input--label ff-el-is-required asterisk-right\"><label for='ff_1_input_text_1' id='label_ff_1_input_text_1' aria-label=\"Responsabilit\u00e9\">Responsabilit\u00e9<\/label><\/div><div class='ff-el-input--content'><input type=\"text\" name=\"input_text_1\" class=\"ff-el-form-control\" placeholder=\"Responsabilit\u00e9\" data-name=\"input_text_1\" id=\"ff_1_input_text_1\"  aria-invalid=\"false\" aria-required=true><\/div><\/div><\/div><\/div><div class='ff-el-group ff-el-form-hide_label'><div class=\"ff-el-input--label asterisk-right\"><label for='ff_1_message' id='label_ff_1_message' aria-label=\"Votre message\">Votre message<\/label><\/div><div class='ff-el-input--content'><textarea aria-required=\"false\" aria-labelledby=\"label_ff_1_message\" name=\"message\" id=\"ff_1_message\" class=\"ff-el-form-control\" placeholder=\"\u00c0 quelle date et \u00e0 quel moment de la journ\u00e9e, souhaitez-vous \u00eatre appel\u00e9 ?\" rows=\"4\" cols=\"2\" data-name=\"message\" ><\/textarea><\/div><\/div><input type=\"hidden\" name=\"hidden\" value=\"Dar visibilidad a sus resultados\" data-name=\"hidden\" ><div class='ff-el-group ff-text-left ff_submit_btn_wrapper'><button type=\"submit\" class=\"ff-btn ff-btn-submit ff-btn-md ff_btn_style wpf_has_custom_css\"  aria-label=\"Envoyer\">Envoyer<\/button><\/div><\/fieldset><\/form><div id='fluentform_1_errors' class='ff-errors-in-stack ff_form_instance_1_1 ff-form-loading_errors ff_form_instance_1_1_errors'><\/div><\/div>            <script type=\"text\/javascript\">\n                window.fluent_form_ff_form_instance_1_1 = {\"id\":\"1\",\"settings\":{\"layout\":{\"labelPlacement\":\"top\",\"helpMessagePlacement\":\"with_label\",\"errorMessagePlacement\":\"inline\",\"cssClassName\":\"\",\"asteriskPlacement\":\"asterisk-right\"},\"restrictions\":{\"denyEmptySubmission\":{\"enabled\":false}}},\"form_instance\":\"ff_form_instance_1_1\",\"form_id_selector\":\"fluentform_1\",\"rules\":{\"names[first_name]\":{\"required\":{\"value\":true,\"message\":\"Ce champ est requis\",\"global\":false,\"global_message\":\"Ce champ est obligatoire\"}},\"names[middle_name]\":{\"required\":{\"value\":false,\"message\":\"This field is required\",\"global\":false,\"global_message\":\"Ce champ est obligatoire\"}},\"names[last_name]\":{\"required\":{\"value\":true,\"message\":\"Ce champ est requis\",\"global\":false,\"global_message\":\"Ce champ est obligatoire\"}},\"email\":{\"required\":{\"value\":true,\"message\":\"Ce champ est requis\",\"global\":false,\"global_message\":\"Ce champ est obligatoire\"},\"email\":{\"value\":true,\"message\":\"This field must contain a valid email\",\"global\":false,\"global_message\":\"Ce champ doit contenir un e-mail valide\"}},\"phone\":{\"required\":{\"value\":true,\"global\":true,\"message\":\"Ce champ est obligatoire\",\"global_message\":\"Ce champ est obligatoire\"},\"valid_phone_number\":{\"value\":true,\"global\":true,\"message\":\"Phone number is not valid\",\"global_message\":\"Phone number is not valid\"}},\"input_text\":{\"required\":{\"value\":true,\"message\":\"Ce champ est obligatoire\",\"global_message\":\"Ce champ est obligatoire\",\"global\":true}},\"input_text_1\":{\"required\":{\"value\":true,\"message\":\"Ce champ est obligatoire\",\"global_message\":\"Ce champ est obligatoire\",\"global\":true}},\"message\":{\"required\":{\"value\":false,\"message\":\"This field is required\",\"global\":false,\"global_message\":\"Ce champ est obligatoire\"}}},\"debounce_time\":300};\n                            <\/script>\n            <\/div>\n\t\t\t\t\t\t<\/div>\n\t\t\t\t<\/div>\n\t\t\t\t\t<\/div>\n\t\t\t\t<\/div>\n\t\t\t\t<\/div>\n\t\t\t\t<\/div>\n\t\t\t\t\t\t<\/div>\n\t\t\t\t<\/div>\n\t\t\t\t\t<\/div>\n\t\t\t\t<\/div>\n\t\t\t\t<\/div>\n\t\t","protected":false},"excerpt":{"rendered":"Donner de la visibilit\u00e9 \u00e0 vos r\u00e9sultats Una vez que sus indicadores de desempe\u00f1o (KPIs) est\u00e1n definidos, es&hellip;","protected":false},"author":11,"featured_media":7500,"parent":0,"menu_order":0,"comment_status":"closed","ping_status":"closed","template":"elementor_theme","meta":{"inline_featured_image":false,"csco_page_header_type":"","csco_page_load_nextpost":"","csco_page_subscribe_form":"","csco_page_contact_form":"","footnotes":""},"class_list":{"0":"post-7499","1":"page","2":"type-page","3":"status-publish","4":"has-post-thumbnail","6":"cs-entry","7":"cs-video-wrap"},"_links":{"self":[{"href":"https:\/\/d10.ai\/es\/wp-json\/wp\/v2\/pages\/7499","targetHints":{"allow":["GET"]}}],"collection":[{"href":"https:\/\/d10.ai\/es\/wp-json\/wp\/v2\/pages"}],"about":[{"href":"https:\/\/d10.ai\/es\/wp-json\/wp\/v2\/types\/page"}],"author":[{"embeddable":true,"href":"https:\/\/d10.ai\/es\/wp-json\/wp\/v2\/users\/11"}],"replies":[{"embeddable":true,"href":"https:\/\/d10.ai\/es\/wp-json\/wp\/v2\/comments?post=7499"}],"version-history":[{"count":0,"href":"https:\/\/d10.ai\/es\/wp-json\/wp\/v2\/pages\/7499\/revisions"}],"wp:featuredmedia":[{"embeddable":true,"href":"https:\/\/d10.ai\/es\/wp-json\/wp\/v2\/media\/7500"}],"wp:attachment":[{"href":"https:\/\/d10.ai\/es\/wp-json\/wp\/v2\/media?parent=7499"}],"curies":[{"name":"wp","href":"https:\/\/api.w.org\/{rel}","templated":true}]}}