{"id":7492,"date":"2025-01-19T13:53:37","date_gmt":"2025-01-19T12:53:37","guid":{"rendered":"https:\/\/d10.ai\/mise-en-place-doutils-de-mesure-des-kpis\/"},"modified":"2025-03-05T16:48:37","modified_gmt":"2025-03-05T15:48:37","slug":"mise-en-place-doutils-de-mesure-des-kpis","status":"publish","type":"page","link":"https:\/\/d10.ai\/es\/mise-en-place-doutils-de-mesure-des-kpis\/","title":{"rendered":"Implementaci\u00f3n de Herramientas para la Medici\u00f3n de KPIs"},"content":{"rendered":"\t\t<div data-elementor-type=\"wp-page\" data-elementor-id=\"7492\" class=\"elementor elementor-7492 elementor-786\" data-elementor-post-type=\"page\">\n\t\t\t\t<div class=\"elementor-element elementor-element-19e0fba4 e-flex e-con-boxed e-con e-parent\" data-id=\"19e0fba4\" data-element_type=\"container\">\n\t\t\t\t\t<div class=\"e-con-inner\">\n\t\t\t\t<div class=\"elementor-element elementor-element-2daf9d71 elementor-widget elementor-widget-heading\" data-id=\"2daf9d71\" data-element_type=\"widget\" data-widget_type=\"heading.default\">\n\t\t\t\t\t<h1 class=\"elementor-heading-title elementor-size-default\">Implementaci\u00f3n de Herramientas para la Medici\u00f3n de KPIs<\/h1>\t\t\t\t<\/div>\n\t\t\t\t\t<\/div>\n\t\t\t\t<\/div>\n\t\t<div class=\"elementor-element elementor-element-4ffc3485 e-flex e-con-boxed e-con e-parent\" data-id=\"4ffc3485\" data-element_type=\"container\">\n\t\t\t\t\t<div class=\"e-con-inner\">\n\t\t\t\t<div class=\"elementor-element elementor-element-27bc6b70 elementor-widget elementor-widget-text-editor\" data-id=\"27bc6b70\" data-element_type=\"widget\" data-widget_type=\"text-editor.default\">\n\t\t\t\t\t\t\t\t\t<p>Replantear y optimizar una organizaci\u00f3n no se limita solo a procesos y herramientas. Tambi\u00e9n implica revisar <strong data-start=\"251\" data-end=\"281\">qu\u00e9 se mide y c\u00f3mo se mide<\/strong>. Los KPIs (indicadores clave de desempe\u00f1o) que se siguen deben evolucionar junto con las prioridades, m\u00e9todos y objetivos. La implementaci\u00f3n de herramientas para la medici\u00f3n de KPIs es una oportunidad para asegurarse de que los indicadores reflejen con precisi\u00f3n lo que realmente importa en la nueva estructura organizativa.<\/p>\t\t\t\t\t\t\t\t<\/div>\n\t\t\t\t<div class=\"elementor-element elementor-element-372af7d elementor-widget elementor-widget-image\" data-id=\"372af7d\" data-element_type=\"widget\" data-widget_type=\"image.default\">\n\t\t\t\t\t\t\t\t\t\t\t\t\t\t\t<img fetchpriority=\"high\" decoding=\"async\" width=\"1200\" height=\"600\" src=\"https:\/\/d10.ai\/wp-content\/uploads\/2025\/02\/d10-kpis.jpg\" class=\"attachment-full size-full wp-image-7494\" alt=\"\" srcset=\"https:\/\/d10.ai\/wp-content\/uploads\/2025\/02\/d10-kpis.jpg 1200w, https:\/\/d10.ai\/wp-content\/uploads\/2025\/02\/d10-kpis-300x150.jpg 300w, https:\/\/d10.ai\/wp-content\/uploads\/2025\/02\/d10-kpis-1024x512.jpg 1024w, https:\/\/d10.ai\/wp-content\/uploads\/2025\/02\/d10-kpis-768x384.jpg 768w, https:\/\/d10.ai\/wp-content\/uploads\/2025\/02\/d10-kpis-40x20.jpg 40w, https:\/\/d10.ai\/wp-content\/uploads\/2025\/02\/d10-kpis-100x50.jpg 100w, https:\/\/d10.ai\/wp-content\/uploads\/2025\/02\/d10-kpis-200x100.jpg 200w, https:\/\/d10.ai\/wp-content\/uploads\/2025\/02\/d10-kpis-714x357.jpg 714w\" sizes=\"(max-width: 1200px) 100vw, 1200px\" \/>\t\t\t\t\t\t\t\t\t\t\t\t\t\t\t<\/div>\n\t\t\t\t\t<\/div>\n\t\t\t\t<\/div>\n\t\t<div class=\"elementor-element elementor-element-c21bc48 e-flex e-con-boxed e-con e-parent\" data-id=\"c21bc48\" data-element_type=\"container\">\n\t\t\t\t\t<div class=\"e-con-inner\">\n\t\t\t\t<div class=\"elementor-element elementor-element-52623b4 elementor-widget elementor-widget-heading\" data-id=\"52623b4\" data-element_type=\"widget\" data-widget_type=\"heading.default\">\n\t\t\t\t\t<h2 class=\"elementor-heading-title elementor-size-default\">Medir lo que realmente marca la diferencia<\/h2>\t\t\t\t<\/div>\n\t\t\t\t\t<\/div>\n\t\t\t\t<\/div>\n\t\t<div class=\"elementor-element elementor-element-6b44fc47 e-flex e-con-boxed e-con e-parent\" data-id=\"6b44fc47\" data-element_type=\"container\">\n\t\t\t\t\t<div class=\"e-con-inner\">\n\t\t\t\t<div class=\"elementor-element elementor-element-119c858e elementor-widget elementor-widget-text-editor\" data-id=\"119c858e\" data-element_type=\"widget\" data-widget_type=\"text-editor.default\">\n\t\t\t\t\t\t\t\t\t<p data-start=\"664\" data-end=\"757\">Un entorno en constante transformaci\u00f3n requiere indicadores ajustados. Esto puede implicar:<\/p><ul data-start=\"759\" data-end=\"1199\"><li data-start=\"759\" data-end=\"862\"><strong data-start=\"761\" data-end=\"793\">Eliminar m\u00e9tricas obsoletas:<\/strong> Algunos KPIs pueden haber perdido relevancia en el nuevo contexto.<\/li><li data-start=\"863\" data-end=\"959\"><strong data-start=\"865\" data-end=\"899\">Introducir nuevos indicadores:<\/strong> Identificar aspectos estrat\u00e9gicos que antes no se med\u00edan.<\/li><li data-start=\"960\" data-end=\"1073\"><strong data-start=\"962\" data-end=\"993\">Simplificar el seguimiento:<\/strong> Focalizarse en KPIs que brinden una visi\u00f3n clara e inmediata del rendimiento.<\/li><li data-start=\"1074\" data-end=\"1199\"><strong data-start=\"1076\" data-end=\"1116\">Alinear equipos con las prioridades:<\/strong> Indicadores bien definidos fortalecen el compromiso colectivo con los objetivos.<\/li><\/ul>\t\t\t\t\t\t\t\t<\/div>\n\t\t\t\t\t<\/div>\n\t\t\t\t<\/div>\n\t\t<div class=\"elementor-element elementor-element-21b1e2a0 e-flex e-con-boxed e-con e-parent\" data-id=\"21b1e2a0\" data-element_type=\"container\">\n\t\t\t\t\t<div class=\"e-con-inner\">\n\t\t\t\t<div class=\"elementor-element elementor-element-4bbd1cf3 elementor-widget elementor-widget-heading\" data-id=\"4bbd1cf3\" data-element_type=\"widget\" data-widget_type=\"heading.default\">\n\t\t\t\t\t<h2 class=\"elementor-heading-title elementor-size-default\">KPIs al servicio de la transformaci\u00f3n<\/h2>\t\t\t\t<\/div>\n\t\t\t\t\t<\/div>\n\t\t\t\t<\/div>\n\t\t<div class=\"elementor-element elementor-element-24dd8edc e-flex e-con-boxed e-con e-parent\" data-id=\"24dd8edc\" data-element_type=\"container\">\n\t\t\t\t\t<div class=\"e-con-inner\">\n\t\t\t\t<div class=\"elementor-element elementor-element-31965eb7 elementor-widget elementor-widget-text-editor\" data-id=\"31965eb7\" data-element_type=\"widget\" data-widget_type=\"text-editor.default\">\n\t\t\t\t\t\t\t\t\t<p data-start=\"1250\" data-end=\"1358\">El dise\u00f1o de nuevos KPIs no es un proceso aislado, sino una continuidad del trabajo realizado previamente:<\/p><ul data-start=\"1360\" data-end=\"1744\"><li data-start=\"1360\" data-end=\"1469\"><strong data-start=\"1362\" data-end=\"1387\">Procesos optimizados:<\/strong> Los indicadores deben reflejar las mejoras implementadas, no pr\u00e1cticas pasadas.<\/li><li data-start=\"1470\" data-end=\"1592\"><strong data-start=\"1472\" data-end=\"1496\">Quick Wins medibles:<\/strong> Es crucial medir los primeros resultados r\u00e1pidos para evaluar su impacto y aprender de ellos.<\/li><li data-start=\"1593\" data-end=\"1744\"><strong data-start=\"1595\" data-end=\"1634\">Soluciones digitales estructuradas:<\/strong> Las herramientas implementadas deben recopilar y organizar los datos esenciales para un seguimiento eficaz.<\/li><\/ul><p data-start=\"1746\" data-end=\"1857\">Este enfoque permite que la medici\u00f3n de KPIs conecte las transformaciones con objetivos concretos y medibles.<\/p>\t\t\t\t\t\t\t\t<\/div>\n\t\t\t\t\t<\/div>\n\t\t\t\t<\/div>\n\t\t<div class=\"elementor-element elementor-element-7807d3dc e-flex e-con-boxed e-con e-parent\" data-id=\"7807d3dc\" data-element_type=\"container\">\n\t\t\t\t\t<div class=\"e-con-inner\">\n\t\t\t\t<div class=\"elementor-element elementor-element-28296a11 elementor-widget elementor-widget-heading\" data-id=\"28296a11\" data-element_type=\"widget\" data-widget_type=\"heading.default\">\n\t\t\t\t\t<h2 class=\"elementor-heading-title elementor-size-default\">Nuestra metodolog\u00eda<\/h2>\t\t\t\t<\/div>\n\t\t\t\t\t<\/div>\n\t\t\t\t<\/div>\n\t\t<div class=\"elementor-element elementor-element-50ef5391 e-flex e-con-boxed e-con e-parent\" data-id=\"50ef5391\" data-element_type=\"container\">\n\t\t\t\t\t<div class=\"e-con-inner\">\n\t\t\t\t<div class=\"elementor-element elementor-element-2a121df4 elementor-widget elementor-widget-text-editor\" data-id=\"2a121df4\" data-element_type=\"widget\" data-widget_type=\"text-editor.default\">\n\t\t\t\t\t\t\t\t\t<p data-start=\"1890\" data-end=\"1989\">Redefinir los KPIs y establecer herramientas de medici\u00f3n adecuadas sigue un proceso estructurado:<\/p><ol data-start=\"1991\" data-end=\"2509\"><li data-start=\"1991\" data-end=\"2107\"><strong data-start=\"1994\" data-end=\"2031\">An\u00e1lisis de prioridades actuales:<\/strong> Identificar los aspectos m\u00e1s cr\u00edticos para el seguimiento organizacional.<\/li><li data-start=\"2108\" data-end=\"2242\"><strong data-start=\"2111\" data-end=\"2150\">Revisi\u00f3n de indicadores existentes:<\/strong> Determinar cu\u00e1les siguen siendo relevantes, cu\u00e1les deben ajustarse y cu\u00e1les reemplazarse.<\/li><li data-start=\"2243\" data-end=\"2373\"><strong data-start=\"2246\" data-end=\"2291\">Implementaci\u00f3n de herramientas adecuadas:<\/strong> Integraci\u00f3n de soluciones de medici\u00f3n y visualizaci\u00f3n en el ecosistema digital.<\/li><li data-start=\"2374\" data-end=\"2509\"><strong data-start=\"2377\" data-end=\"2405\">Capacitaci\u00f3n del equipo:<\/strong> Asegurar que los colaboradores comprendan, utilicen e interpreten eficazmente los nuevos indicadores.<\/li><\/ol>\t\t\t\t\t\t\t\t<\/div>\n\t\t\t\t\t<\/div>\n\t\t\t\t<\/div>\n\t\t<div class=\"elementor-element elementor-element-5eb5cb2a e-flex e-con-boxed e-con e-parent\" data-id=\"5eb5cb2a\" data-element_type=\"container\">\n\t\t\t\t\t<div class=\"e-con-inner\">\n\t\t\t\t<div class=\"elementor-element elementor-element-80ae96 elementor-widget elementor-widget-heading\" data-id=\"80ae96\" data-element_type=\"widget\" data-widget_type=\"heading.default\">\n\t\t\t\t\t<h2 class=\"elementor-heading-title elementor-size-default\">Beneficios de KPIs bien definidos<\/h2>\t\t\t\t<\/div>\n\t\t\t\t\t<\/div>\n\t\t\t\t<\/div>\n\t\t<div class=\"elementor-element elementor-element-50d4e05b e-flex e-con-boxed e-con e-parent\" data-id=\"50d4e05b\" data-element_type=\"container\">\n\t\t\t\t\t<div class=\"e-con-inner\">\n\t\t\t\t<div class=\"elementor-element elementor-element-178267b1 elementor-widget elementor-widget-text-editor\" data-id=\"178267b1\" data-element_type=\"widget\" data-widget_type=\"text-editor.default\">\n\t\t\t\t\t\t\t\t\t<p data-start=\"2556\" data-end=\"2627\">Con indicadores alineados a la realidad de su empresa, usted obtiene:<\/p><ul data-start=\"2629\" data-end=\"3053\"><li data-start=\"2629\" data-end=\"2732\"><strong data-start=\"2631\" data-end=\"2663\">Gesti\u00f3n precisa y relevante:<\/strong> Las decisiones se basan en datos que reflejan verdaderos desaf\u00edos.<\/li><li data-start=\"2733\" data-end=\"2837\"><strong data-start=\"2735\" data-end=\"2765\">Visi\u00f3n clara y compartida:<\/strong> Los equipos comprenden qu\u00e9 se mide, por qu\u00e9 y c\u00f3mo pueden contribuir.<\/li><li data-start=\"2838\" data-end=\"2937\"><strong data-start=\"2840\" data-end=\"2860\">Mejora continua:<\/strong> Los KPIs se convierten en herramientas de ajuste y optimizaci\u00f3n constante.<\/li><li data-start=\"2938\" data-end=\"3053\"><strong data-start=\"2940\" data-end=\"2970\">Transparencia y confianza:<\/strong> Directivos, colaboradores y socios cuentan con una visi\u00f3n clara del rendimiento.<\/li><\/ul>\t\t\t\t\t\t\t\t<\/div>\n\t\t\t\t\t<\/div>\n\t\t\t\t<\/div>\n\t\t<div class=\"elementor-element elementor-element-5983b5ee e-flex e-con-boxed e-con e-parent\" data-id=\"5983b5ee\" data-element_type=\"container\">\n\t\t\t\t\t<div class=\"e-con-inner\">\n\t\t\t\t<div class=\"elementor-element elementor-element-220617ba elementor-widget elementor-widget-heading\" data-id=\"220617ba\" data-element_type=\"widget\" data-widget_type=\"heading.default\">\n\t\t\t\t\t<h2 class=\"elementor-heading-title elementor-size-default\">Transformar los KPIs en un activo estrat\u00e9gico<\/h2>\t\t\t\t<\/div>\n\t\t\t\t\t<\/div>\n\t\t\t\t<\/div>\n\t\t<div class=\"elementor-element elementor-element-2e08241 e-flex e-con-boxed e-con e-parent\" data-id=\"2e08241\" data-element_type=\"container\">\n\t\t\t\t\t<div class=\"e-con-inner\">\n\t\t\t\t<div class=\"elementor-element elementor-element-60d99418 elementor-widget elementor-widget-text-editor\" data-id=\"60d99418\" data-element_type=\"widget\" data-widget_type=\"text-editor.default\">\n\t\t\t\t\t\t\t\t\t<p>La implementaci\u00f3n de herramientas de medici\u00f3n de KPIs no es solo un ejercicio t\u00e9cnico. Es una fase clave para consolidar cambios, hacer seguimiento de avances y mantener alineadas a las personas con los objetivos estrat\u00e9gicos. <strong data-start=\"3339\" data-end=\"3468\">Con indicadores adecuados, los objetivos se convierten en resultados medibles y los datos en verdaderos motores de desempe\u00f1o.<\/strong><\/p>\t\t\t\t\t\t\t\t<\/div>\n\t\t\t\t<div class=\"elementor-element elementor-element-b9e7d2a elementor-widget elementor-widget-template\" data-id=\"b9e7d2a\" data-element_type=\"widget\" data-widget_type=\"template.default\">\n\t\t\t\t<div class=\"elementor-widget-container\">\n\t\t\t\t\t\t\t<div class=\"elementor-template\">\n\t\t\t\t\t<div data-elementor-type=\"container\" data-elementor-id=\"8031\" class=\"elementor elementor-8031 elementor-4711\" data-elementor-post-type=\"elementor_library\">\n\t\t\t\t<div class=\"elementor-element elementor-element-39bedd52 e-flex e-con-boxed e-con e-parent\" data-id=\"39bedd52\" data-element_type=\"container\" id=\"cta\">\n\t\t\t\t\t<div class=\"e-con-inner\">\n\t\t<div class=\"elementor-element elementor-element-2d1bb796 e-con-full e-flex e-con e-child\" data-id=\"2d1bb796\" data-element_type=\"container\">\n\t\t\t\t<div class=\"elementor-element elementor-element-57fd44d2 elementor-widget elementor-widget-heading\" data-id=\"57fd44d2\" data-element_type=\"widget\" data-widget_type=\"heading.default\">\n\t\t\t\t\t<h2 class=\"elementor-heading-title elementor-size-default\">\u00bfListo para pasar a la acci\u00f3n?<\/h2>\t\t\t\t<\/div>\n\t\t\t\t<div class=\"elementor-element elementor-element-6444d11f elementor-widget elementor-widget-text-editor\" data-id=\"6444d11f\" data-element_type=\"widget\" data-widget_type=\"text-editor.default\">\n\t\t\t\t\t\t\t\t\t<p>\u00a0Para iniciar una conversaci\u00f3n, completa este formulario indicando cu\u00e1ndo deseas ser llamado.<\/p>\t\t\t\t\t\t\t\t<\/div>\n\t\t\t\t<div class=\"elementor-element elementor-element-e755ded elementor-widget elementor-widget-shortcode\" data-id=\"e755ded\" data-element_type=\"widget\" data-widget_type=\"shortcode.default\">\n\t\t\t\t\t\t\t<div class=\"elementor-shortcode\"><div class='fluentform ff-default fluentform_wrapper_1 ffs_default_wrap'><form data-form_id=\"1\" id=\"fluentform_1\" class=\"frm-fluent-form fluent_form_1 ff-el-form-top ff_form_instance_1_1 ff-form-loading ffs_default\" data-form_instance=\"ff_form_instance_1_1\" method=\"POST\" ><fieldset  style=\"border: none!important;margin: 0!important;padding: 0!important;background-color: transparent!important;box-shadow: none!important;outline: none!important; min-inline-size: 100%;\">\n                    <legend class=\"ff_screen_reader_title\" style=\"display: block; margin: 0!important;padding: 0!important;height: 0!important;text-indent: -999999px;width: 0!important;overflow:hidden;\">Universel Contact<\/legend><input type='hidden' name='__fluent_form_embded_post_id' value='7492' \/><input type=\"hidden\" id=\"_fluentform_1_fluentformnonce\" name=\"_fluentform_1_fluentformnonce\" value=\"26673b94b1\" \/><input type=\"hidden\" name=\"_wp_http_referer\" value=\"\/es\/wp-json\/wp\/v2\/pages\/7492\" \/><div data-type=\"name-element\" data-name=\"names\" class=\" ff-field_container ff-name-field-wrapper\" ><div class='ff-t-container'><div class='ff-t-cell '><div class='ff-el-group  ff-el-form-hide_label'><div class=\"ff-el-input--label ff-el-is-required asterisk-right\"><label for='ff_1_names_first_name_' id='label_ff_1_names_first_name_' >Pr\u00e9nom<\/label><\/div><div class='ff-el-input--content'><input type=\"text\" name=\"names[first_name]\" value=\"\" id=\"ff_1_names_first_name_\" class=\"ff-el-form-control\" placeholder=\"Pr\u00e9nom\" aria-invalid=\"false\" aria-required=true><\/div><\/div><\/div><div class='ff-t-cell '><div class='ff-el-group  ff-el-form-hide_label'><div class=\"ff-el-input--label ff-el-is-required asterisk-right\"><label for='ff_1_names_last_name_' id='label_ff_1_names_last_name_' >Nom<\/label><\/div><div class='ff-el-input--content'><input type=\"text\" name=\"names[last_name]\" value=\"\" id=\"ff_1_names_last_name_\" class=\"ff-el-form-control\" placeholder=\"Nom\" aria-invalid=\"false\" aria-required=true><\/div><\/div><\/div><\/div><\/div><div data-name=\"ff_cn_id_1\"  class='ff-t-container ff-column-container ff_columns_total_2 '><div class='ff-t-cell ff-t-column-1' style='flex-basis: 50%;'><div class='ff-el-group ff-el-form-hide_label'><div class=\"ff-el-input--label ff-el-is-required asterisk-right\"><label for='ff_1_email' id='label_ff_1_email' aria-label=\"Email\">Email<\/label><\/div><div class='ff-el-input--content'><input type=\"email\" name=\"email\" value=\"\" id=\"ff_1_email\" class=\"ff-el-form-control\" placeholder=\"Address Email\" data-name=\"email\"  aria-invalid=\"false\" aria-required=true><\/div><\/div><\/div><div class='ff-t-cell ff-t-column-2' style='flex-basis: 50%;'><\/div><\/div><div data-name=\"ff_cn_id_2\"  class='ff-t-container ff-column-container ff_columns_total_2 '><div class='ff-t-cell ff-t-column-1' style='flex-basis: 50%;'><div class='ff-el-group ff-el-form-hide_label'><div class=\"ff-el-input--label ff-el-is-required asterisk-right\"><label for='ff_1_input_text' id='label_ff_1_input_text' aria-label=\"Entreprise\">Entreprise<\/label><\/div><div class='ff-el-input--content'><input type=\"text\" name=\"input_text\" class=\"ff-el-form-control\" placeholder=\"Entreprise\" data-name=\"input_text\" id=\"ff_1_input_text\"  aria-invalid=\"false\" aria-required=true><\/div><\/div><\/div><div class='ff-t-cell ff-t-column-2' style='flex-basis: 50%;'><div class='ff-el-group ff-el-form-hide_label'><div class=\"ff-el-input--label ff-el-is-required asterisk-right\"><label for='ff_1_input_text_1' id='label_ff_1_input_text_1' aria-label=\"Responsabilit\u00e9\">Responsabilit\u00e9<\/label><\/div><div class='ff-el-input--content'><input type=\"text\" name=\"input_text_1\" class=\"ff-el-form-control\" placeholder=\"Responsabilit\u00e9\" data-name=\"input_text_1\" id=\"ff_1_input_text_1\"  aria-invalid=\"false\" aria-required=true><\/div><\/div><\/div><\/div><div class='ff-el-group ff-el-form-hide_label'><div class=\"ff-el-input--label asterisk-right\"><label for='ff_1_message' id='label_ff_1_message' aria-label=\"Votre message\">Votre message<\/label><\/div><div class='ff-el-input--content'><textarea aria-required=\"false\" aria-labelledby=\"label_ff_1_message\" name=\"message\" id=\"ff_1_message\" class=\"ff-el-form-control\" placeholder=\"\u00c0 quelle date et \u00e0 quel moment de la journ\u00e9e, souhaitez-vous \u00eatre appel\u00e9 ?\" rows=\"4\" cols=\"2\" data-name=\"message\" ><\/textarea><\/div><\/div><input type=\"hidden\" name=\"hidden\" value=\"Implementaci\u00f3n de Herramientas para la Medici\u00f3n de KPIs\" data-name=\"hidden\" ><div class='ff-el-group ff-text-left ff_submit_btn_wrapper'><button type=\"submit\" class=\"ff-btn ff-btn-submit ff-btn-md ff_btn_style wpf_has_custom_css\"  aria-label=\"Envoyer\">Envoyer<\/button><\/div><\/fieldset><\/form><div id='fluentform_1_errors' class='ff-errors-in-stack ff_form_instance_1_1 ff-form-loading_errors ff_form_instance_1_1_errors'><\/div><\/div>            <script type=\"text\/javascript\">\n                window.fluent_form_ff_form_instance_1_1 = {\"id\":\"1\",\"settings\":{\"layout\":{\"labelPlacement\":\"top\",\"helpMessagePlacement\":\"with_label\",\"errorMessagePlacement\":\"inline\",\"cssClassName\":\"\",\"asteriskPlacement\":\"asterisk-right\"},\"restrictions\":{\"denyEmptySubmission\":{\"enabled\":false}}},\"form_instance\":\"ff_form_instance_1_1\",\"form_id_selector\":\"fluentform_1\",\"rules\":{\"names[first_name]\":{\"required\":{\"value\":true,\"message\":\"Ce champ est requis\",\"global\":false,\"global_message\":\"Ce champ est obligatoire\"}},\"names[middle_name]\":{\"required\":{\"value\":false,\"message\":\"This field is required\",\"global\":false,\"global_message\":\"Ce champ est obligatoire\"}},\"names[last_name]\":{\"required\":{\"value\":true,\"message\":\"Ce champ est requis\",\"global\":false,\"global_message\":\"Ce champ est obligatoire\"}},\"email\":{\"required\":{\"value\":true,\"message\":\"Ce champ est requis\",\"global\":false,\"global_message\":\"Ce champ est obligatoire\"},\"email\":{\"value\":true,\"message\":\"This field must contain a valid email\",\"global\":false,\"global_message\":\"Ce champ doit contenir un e-mail valide\"}},\"phone\":{\"required\":{\"value\":true,\"global\":true,\"message\":\"Ce champ est obligatoire\",\"global_message\":\"Ce champ est obligatoire\"},\"valid_phone_number\":{\"value\":true,\"global\":true,\"message\":\"Phone number is not valid\",\"global_message\":\"Phone number is not valid\"}},\"input_text\":{\"required\":{\"value\":true,\"message\":\"Ce champ est obligatoire\",\"global_message\":\"Ce champ est obligatoire\",\"global\":true}},\"input_text_1\":{\"required\":{\"value\":true,\"message\":\"Ce champ est obligatoire\",\"global_message\":\"Ce champ est obligatoire\",\"global\":true}},\"message\":{\"required\":{\"value\":false,\"message\":\"This field is required\",\"global\":false,\"global_message\":\"Ce champ est obligatoire\"}}},\"debounce_time\":300};\n                            <\/script>\n            <\/div>\n\t\t\t\t\t\t<\/div>\n\t\t\t\t<\/div>\n\t\t\t\t\t<\/div>\n\t\t\t\t<\/div>\n\t\t\t\t<\/div>\n\t\t\t\t<\/div>\n\t\t\t\t\t\t<\/div>\n\t\t\t\t<\/div>\n\t\t\t\t\t<\/div>\n\t\t\t\t<\/div>\n\t\t\t\t<\/div>\n\t\t","protected":false},"excerpt":{"rendered":"Replantear y optimizar una organizaci\u00f3n no se limita solo a procesos y herramientas. Tambi\u00e9n implica revisar qu\u00e9 se&hellip;","protected":false},"author":11,"featured_media":7494,"parent":0,"menu_order":0,"comment_status":"closed","ping_status":"closed","template":"elementor_theme","meta":{"inline_featured_image":false,"csco_page_header_type":"","csco_page_load_nextpost":"","csco_page_subscribe_form":"","csco_page_contact_form":"","footnotes":""},"class_list":{"0":"post-7492","1":"page","2":"type-page","3":"status-publish","4":"has-post-thumbnail","6":"cs-entry","7":"cs-video-wrap"},"_links":{"self":[{"href":"https:\/\/d10.ai\/es\/wp-json\/wp\/v2\/pages\/7492","targetHints":{"allow":["GET"]}}],"collection":[{"href":"https:\/\/d10.ai\/es\/wp-json\/wp\/v2\/pages"}],"about":[{"href":"https:\/\/d10.ai\/es\/wp-json\/wp\/v2\/types\/page"}],"author":[{"embeddable":true,"href":"https:\/\/d10.ai\/es\/wp-json\/wp\/v2\/users\/11"}],"replies":[{"embeddable":true,"href":"https:\/\/d10.ai\/es\/wp-json\/wp\/v2\/comments?post=7492"}],"version-history":[{"count":0,"href":"https:\/\/d10.ai\/es\/wp-json\/wp\/v2\/pages\/7492\/revisions"}],"wp:featuredmedia":[{"embeddable":true,"href":"https:\/\/d10.ai\/es\/wp-json\/wp\/v2\/media\/7494"}],"wp:attachment":[{"href":"https:\/\/d10.ai\/es\/wp-json\/wp\/v2\/media?parent=7492"}],"curies":[{"name":"wp","href":"https:\/\/api.w.org\/{rel}","templated":true}]}}