{"id":7484,"date":"2025-01-19T13:53:12","date_gmt":"2025-01-19T12:53:12","guid":{"rendered":"https:\/\/d10.ai\/integration-applications-specialisees\/"},"modified":"2025-03-05T16:43:53","modified_gmt":"2025-03-05T15:43:53","slug":"integration-applications-specialisees","status":"publish","type":"page","link":"https:\/\/d10.ai\/es\/integration-applications-specialisees\/","title":{"rendered":"Integraci\u00f3n de Aplicaciones Especializadas"},"content":{"rendered":"\t\t<div data-elementor-type=\"wp-page\" data-elementor-id=\"7484\" class=\"elementor elementor-7484 elementor-783\" data-elementor-post-type=\"page\">\n\t\t\t\t<div class=\"elementor-element elementor-element-35a44714 e-flex e-con-boxed e-con e-parent\" data-id=\"35a44714\" data-element_type=\"container\">\n\t\t\t\t\t<div class=\"e-con-inner\">\n\t\t\t\t<div class=\"elementor-element elementor-element-35e4f123 elementor-widget elementor-widget-heading\" data-id=\"35e4f123\" data-element_type=\"widget\" data-widget_type=\"heading.default\">\n\t\t\t\t\t<h1 class=\"elementor-heading-title elementor-size-default\">Integraci\u00f3n de Aplicaciones Especializadas<\/h1>\t\t\t\t<\/div>\n\t\t\t\t<div class=\"elementor-element elementor-element-669f0625 elementor-widget elementor-widget-text-editor\" data-id=\"669f0625\" data-element_type=\"widget\" data-widget_type=\"text-editor.default\">\n\t\t\t\t\t\t\t\t\t<p>Cuando las soluciones a medida responden a sus necesidades, las desarrollamos. Pero en muchos casos, tambi\u00e9n es posible integrar aplicaciones existentes de manera eficiente y relevante. La <strong data-start=\"327\" data-end=\"373\">integraci\u00f3n de aplicaciones especializadas<\/strong> consiste en conectar inteligentemente sus herramientas actuales con nuevas soluciones, creando un <strong data-start=\"472\" data-end=\"534\">ecosistema digital fluido, coherente y de alto rendimiento<\/strong>.<\/p>\t\t\t\t\t\t\t\t<\/div>\n\t\t\t\t<div class=\"elementor-element elementor-element-8bbfb8f elementor-widget elementor-widget-image\" data-id=\"8bbfb8f\" data-element_type=\"widget\" data-widget_type=\"image.default\">\n\t\t\t\t\t\t\t\t\t\t\t\t\t\t\t<img fetchpriority=\"high\" decoding=\"async\" width=\"1200\" height=\"600\" src=\"https:\/\/d10.ai\/wp-content\/uploads\/2025\/01\/d10-integrations-apis-2.jpg\" class=\"attachment-full size-full wp-image-7486\" alt=\"\" srcset=\"https:\/\/d10.ai\/wp-content\/uploads\/2025\/01\/d10-integrations-apis-2.jpg 1200w, https:\/\/d10.ai\/wp-content\/uploads\/2025\/01\/d10-integrations-apis-2-300x150.jpg 300w, https:\/\/d10.ai\/wp-content\/uploads\/2025\/01\/d10-integrations-apis-2-1024x512.jpg 1024w, https:\/\/d10.ai\/wp-content\/uploads\/2025\/01\/d10-integrations-apis-2-768x384.jpg 768w, https:\/\/d10.ai\/wp-content\/uploads\/2025\/01\/d10-integrations-apis-2-40x20.jpg 40w, https:\/\/d10.ai\/wp-content\/uploads\/2025\/01\/d10-integrations-apis-2-100x50.jpg 100w, https:\/\/d10.ai\/wp-content\/uploads\/2025\/01\/d10-integrations-apis-2-200x100.jpg 200w, https:\/\/d10.ai\/wp-content\/uploads\/2025\/01\/d10-integrations-apis-2-714x357.jpg 714w\" sizes=\"(max-width: 1200px) 100vw, 1200px\" \/>\t\t\t\t\t\t\t\t\t\t\t\t\t\t\t<\/div>\n\t\t\t\t\t<\/div>\n\t\t\t\t<\/div>\n\t\t<div class=\"elementor-element elementor-element-6726a41e e-flex e-con-boxed e-con e-parent\" data-id=\"6726a41e\" data-element_type=\"container\">\n\t\t\t\t\t<div class=\"e-con-inner\">\n\t\t\t\t<div class=\"elementor-element elementor-element-644e4df2 elementor-widget elementor-widget-heading\" data-id=\"644e4df2\" data-element_type=\"widget\" data-widget_type=\"heading.default\">\n\t\t\t\t\t<h2 class=\"elementor-heading-title elementor-size-default\">Combinar soluciones a medida y herramientas existentes<\/h2>\t\t\t\t<\/div>\n\t\t\t\t\t<\/div>\n\t\t\t\t<\/div>\n\t\t<div class=\"elementor-element elementor-element-4035e390 e-flex e-con-boxed e-con e-parent\" data-id=\"4035e390\" data-element_type=\"container\">\n\t\t\t\t\t<div class=\"e-con-inner\">\n\t\t\t\t<div class=\"elementor-element elementor-element-688aeee7 elementor-widget elementor-widget-text-editor\" data-id=\"688aeee7\" data-element_type=\"widget\" data-widget_type=\"text-editor.default\">\n\t\t\t\t\t\t\t\t\t<p data-start=\"605\" data-end=\"737\">La integraci\u00f3n no reemplaza el desarrollo a medida, sino que lo complementa estrat\u00e9gicamente. Sus principales beneficios incluyen:<\/p><ul data-start=\"739\" data-end=\"1229\"><li data-start=\"739\" data-end=\"867\"><strong data-start=\"741\" data-end=\"773\">Optimizaci\u00f3n de inversiones:<\/strong> Aprovechar al m\u00e1ximo las herramientas ya implementadas, sin necesidad de reinventarlo todo.<\/li><li data-start=\"868\" data-end=\"996\"><strong data-start=\"870\" data-end=\"895\">Procesos m\u00e1s fluidos:<\/strong> Conectar soluciones existentes y personalizadas para evitar interrupciones en el flujo de trabajo.<\/li><li data-start=\"997\" data-end=\"1120\"><strong data-start=\"999\" data-end=\"1020\">Valor maximizado:<\/strong> Utilizar cada aplicaci\u00f3n en funci\u00f3n de sus prioridades, ya sea una herramienta nueva o ya en uso.<\/li><li data-start=\"1121\" data-end=\"1229\"><strong data-start=\"1123\" data-end=\"1148\">Proyectos m\u00e1s \u00e1giles:<\/strong> Basarse en aplicaciones confiables y probadas para acelerar la implementaci\u00f3n.<\/li><\/ul>\t\t\t\t\t\t\t\t<\/div>\n\t\t\t\t\t<\/div>\n\t\t\t\t<\/div>\n\t\t<div class=\"elementor-element elementor-element-1d74f7d5 e-flex e-con-boxed e-con e-parent\" data-id=\"1d74f7d5\" data-element_type=\"container\">\n\t\t\t\t\t<div class=\"e-con-inner\">\n\t\t\t\t<div class=\"elementor-element elementor-element-7a13f0e2 elementor-widget elementor-widget-heading\" data-id=\"7a13f0e2\" data-element_type=\"widget\" data-widget_type=\"heading.default\">\n\t\t\t\t\t<h2 class=\"elementor-heading-title elementor-size-default\">Un enfoque metodol\u00f3gico adaptado a su realidad<\/h2>\t\t\t\t<\/div>\n\t\t\t\t\t<\/div>\n\t\t\t\t<\/div>\n\t\t<div class=\"elementor-element elementor-element-322319e6 e-flex e-con-boxed e-con e-parent\" data-id=\"322319e6\" data-element_type=\"container\">\n\t\t\t\t\t<div class=\"e-con-inner\">\n\t\t\t\t<div class=\"elementor-element elementor-element-2db687ff elementor-widget elementor-widget-text-editor\" data-id=\"2db687ff\" data-element_type=\"widget\" data-widget_type=\"text-editor.default\">\n\t\t\t\t\t\t\t\t\t<p data-start=\"1289\" data-end=\"1400\">Cada proyecto de integraci\u00f3n se basa en una metodolog\u00eda pragm\u00e1tica, alineada con sus necesidades espec\u00edficas:<\/p><ol data-start=\"1402\" data-end=\"1897\"><li data-start=\"1402\" data-end=\"1498\"><strong data-start=\"1405\" data-end=\"1430\">An\u00e1lisis del entorno:<\/strong> Evaluaci\u00f3n de las herramientas actuales, sus usos y limitaciones.<\/li><li data-start=\"1499\" data-end=\"1649\"><strong data-start=\"1502\" data-end=\"1537\">Definici\u00f3n de conexiones clave:<\/strong> Dise\u00f1o de interacciones fluidas entre aplicaciones, manteniendo la coherencia con los procesos empresariales.<\/li><li data-start=\"1650\" data-end=\"1766\"><strong data-start=\"1653\" data-end=\"1683\">Despliegue sin fricciones:<\/strong> Integraci\u00f3n progresiva de herramientas para garantizar la continuidad operativa.<\/li><li data-start=\"1767\" data-end=\"1897\"><strong data-start=\"1770\" data-end=\"1798\">Capacitaci\u00f3n del equipo:<\/strong> Formaci\u00f3n de los colaboradores para que aprovechen al m\u00e1ximo la integraci\u00f3n de las aplicaciones.<\/li><\/ol>\t\t\t\t\t\t\t\t<\/div>\n\t\t\t\t\t<\/div>\n\t\t\t\t<\/div>\n\t\t<div class=\"elementor-element elementor-element-6f38b196 e-flex e-con-boxed e-con e-parent\" data-id=\"6f38b196\" data-element_type=\"container\">\n\t\t\t\t\t<div class=\"e-con-inner\">\n\t\t\t\t<div class=\"elementor-element elementor-element-55da7ec0 elementor-widget elementor-widget-heading\" data-id=\"55da7ec0\" data-element_type=\"widget\" data-widget_type=\"heading.default\">\n\t\t\t\t\t<h2 class=\"elementor-heading-title elementor-size-default\">Beneficios de una integraci\u00f3n bien estructurada<\/h2>\t\t\t\t<\/div>\n\t\t\t\t\t<\/div>\n\t\t\t\t<\/div>\n\t\t<div class=\"elementor-element elementor-element-94a4e77 e-flex e-con-boxed e-con e-parent\" data-id=\"94a4e77\" data-element_type=\"container\">\n\t\t\t\t\t<div class=\"e-con-inner\">\n\t\t\t\t<div class=\"elementor-element elementor-element-4413a255 elementor-widget elementor-widget-text-editor\" data-id=\"4413a255\" data-element_type=\"widget\" data-widget_type=\"text-editor.default\">\n\t\t\t\t\t\t\t\t\t<p data-start=\"1958\" data-end=\"2096\">Conectar sus herramientas convierte un conjunto de soluciones aisladas en un sistema unificado, aumentando la eficiencia organizacional:<\/p><ul data-start=\"2098\" data-end=\"2508\"><li data-start=\"2098\" data-end=\"2202\"><strong data-start=\"2100\" data-end=\"2125\">Procesos armonizados:<\/strong> Automatizaci\u00f3n de flujos de trabajo y eliminaci\u00f3n de silos de informaci\u00f3n.<\/li><li data-start=\"2203\" data-end=\"2301\"><strong data-start=\"2205\" data-end=\"2233\">Equipos mejor equipados:<\/strong> Un entorno digital m\u00e1s fluido y coherente para los colaboradores.<\/li><li data-start=\"2302\" data-end=\"2408\"><strong data-start=\"2304\" data-end=\"2337\">Toma de decisiones informada:<\/strong> Centralizaci\u00f3n y accesibilidad de datos para una gesti\u00f3n optimizada.<\/li><li data-start=\"2409\" data-end=\"2508\"><strong data-start=\"2411\" data-end=\"2436\">Evoluci\u00f3n sin frenos:<\/strong> Facilidad para integrar nuevas aplicaciones en su ecosistema digital.<\/li><\/ul>\t\t\t\t\t\t\t\t<\/div>\n\t\t\t\t\t<\/div>\n\t\t\t\t<\/div>\n\t\t<div class=\"elementor-element elementor-element-1ed66147 e-flex e-con-boxed e-con e-parent\" data-id=\"1ed66147\" data-element_type=\"container\">\n\t\t\t\t\t<div class=\"e-con-inner\">\n\t\t\t\t<div class=\"elementor-element elementor-element-6d938072 elementor-widget elementor-widget-heading\" data-id=\"6d938072\" data-element_type=\"widget\" data-widget_type=\"heading.default\">\n\t\t\t\t\t<h2 class=\"elementor-heading-title elementor-size-default\">Un ecosistema alineado con su visi\u00f3n<\/h2>\t\t\t\t<\/div>\n\t\t\t\t\t<\/div>\n\t\t\t\t<\/div>\n\t\t<div class=\"elementor-element elementor-element-5c43c3f6 e-flex e-con-boxed e-con e-parent\" data-id=\"5c43c3f6\" data-element_type=\"container\">\n\t\t\t\t\t<div class=\"e-con-inner\">\n\t\t\t\t<div class=\"elementor-element elementor-element-1ef9c581 elementor-widget elementor-widget-text-editor\" data-id=\"1ef9c581\" data-element_type=\"widget\" data-widget_type=\"text-editor.default\">\n\t\t\t\t\t\t\t\t\t<p>La integraci\u00f3n de aplicaciones especializadas, ya sean herramientas preexistentes o soluciones a medida, garantiza que cada sistema ocupe su lugar en una infraestructura conectada y eficiente. <strong data-start=\"2751\" data-end=\"2888\">Es una estrategia que equilibra pragmatismo y alto rendimiento, convirtiendo su entorno digital en un motor de crecimiento sostenible<\/strong>.<\/p>\t\t\t\t\t\t\t\t<\/div>\n\t\t\t\t<div class=\"elementor-element elementor-element-ed98f34 elementor-widget elementor-widget-template\" data-id=\"ed98f34\" data-element_type=\"widget\" data-widget_type=\"template.default\">\n\t\t\t\t<div class=\"elementor-widget-container\">\n\t\t\t\t\t\t\t<div class=\"elementor-template\">\n\t\t\t\t\t<div data-elementor-type=\"container\" data-elementor-id=\"8031\" class=\"elementor elementor-8031 elementor-4711\" data-elementor-post-type=\"elementor_library\">\n\t\t\t\t<div class=\"elementor-element elementor-element-39bedd52 e-flex e-con-boxed e-con e-parent\" data-id=\"39bedd52\" data-element_type=\"container\" id=\"cta\">\n\t\t\t\t\t<div class=\"e-con-inner\">\n\t\t<div class=\"elementor-element elementor-element-2d1bb796 e-con-full e-flex e-con e-child\" data-id=\"2d1bb796\" data-element_type=\"container\">\n\t\t\t\t<div class=\"elementor-element elementor-element-57fd44d2 elementor-widget elementor-widget-heading\" data-id=\"57fd44d2\" data-element_type=\"widget\" data-widget_type=\"heading.default\">\n\t\t\t\t\t<h2 class=\"elementor-heading-title elementor-size-default\">\u00bfListo para pasar a la acci\u00f3n?<\/h2>\t\t\t\t<\/div>\n\t\t\t\t<div class=\"elementor-element elementor-element-6444d11f elementor-widget elementor-widget-text-editor\" data-id=\"6444d11f\" data-element_type=\"widget\" data-widget_type=\"text-editor.default\">\n\t\t\t\t\t\t\t\t\t<p>\u00a0Para iniciar una conversaci\u00f3n, completa este formulario indicando cu\u00e1ndo deseas ser llamado.<\/p>\t\t\t\t\t\t\t\t<\/div>\n\t\t\t\t<div class=\"elementor-element elementor-element-e755ded elementor-widget elementor-widget-shortcode\" data-id=\"e755ded\" data-element_type=\"widget\" data-widget_type=\"shortcode.default\">\n\t\t\t\t\t\t\t<div class=\"elementor-shortcode\"><div class='fluentform ff-default fluentform_wrapper_1 ffs_default_wrap'><form data-form_id=\"1\" id=\"fluentform_1\" class=\"frm-fluent-form fluent_form_1 ff-el-form-top ff_form_instance_1_1 ff-form-loading ffs_default\" data-form_instance=\"ff_form_instance_1_1\" method=\"POST\" ><fieldset  style=\"border: none!important;margin: 0!important;padding: 0!important;background-color: transparent!important;box-shadow: none!important;outline: none!important; min-inline-size: 100%;\">\n                    <legend class=\"ff_screen_reader_title\" style=\"display: block; margin: 0!important;padding: 0!important;height: 0!important;text-indent: -999999px;width: 0!important;overflow:hidden;\">Universel Contact<\/legend><input type='hidden' name='__fluent_form_embded_post_id' value='7484' \/><input type=\"hidden\" id=\"_fluentform_1_fluentformnonce\" name=\"_fluentform_1_fluentformnonce\" value=\"80edcf4625\" \/><input type=\"hidden\" name=\"_wp_http_referer\" value=\"\/es\/wp-json\/wp\/v2\/pages\/7484\" \/><div data-type=\"name-element\" data-name=\"names\" class=\" ff-field_container ff-name-field-wrapper\" ><div class='ff-t-container'><div class='ff-t-cell '><div class='ff-el-group  ff-el-form-hide_label'><div class=\"ff-el-input--label ff-el-is-required asterisk-right\"><label for='ff_1_names_first_name_' id='label_ff_1_names_first_name_' >Pr\u00e9nom<\/label><\/div><div class='ff-el-input--content'><input type=\"text\" name=\"names[first_name]\" value=\"\" id=\"ff_1_names_first_name_\" class=\"ff-el-form-control\" placeholder=\"Pr\u00e9nom\" aria-invalid=\"false\" aria-required=true><\/div><\/div><\/div><div class='ff-t-cell '><div class='ff-el-group  ff-el-form-hide_label'><div class=\"ff-el-input--label ff-el-is-required asterisk-right\"><label for='ff_1_names_last_name_' id='label_ff_1_names_last_name_' >Nom<\/label><\/div><div class='ff-el-input--content'><input type=\"text\" name=\"names[last_name]\" value=\"\" id=\"ff_1_names_last_name_\" class=\"ff-el-form-control\" placeholder=\"Nom\" aria-invalid=\"false\" aria-required=true><\/div><\/div><\/div><\/div><\/div><div data-name=\"ff_cn_id_1\"  class='ff-t-container ff-column-container ff_columns_total_2 '><div class='ff-t-cell ff-t-column-1' style='flex-basis: 50%;'><div class='ff-el-group ff-el-form-hide_label'><div class=\"ff-el-input--label ff-el-is-required asterisk-right\"><label for='ff_1_email' id='label_ff_1_email' aria-label=\"Email\">Email<\/label><\/div><div class='ff-el-input--content'><input type=\"email\" name=\"email\" value=\"\" id=\"ff_1_email\" class=\"ff-el-form-control\" placeholder=\"Address Email\" data-name=\"email\"  aria-invalid=\"false\" aria-required=true><\/div><\/div><\/div><div class='ff-t-cell ff-t-column-2' style='flex-basis: 50%;'><\/div><\/div><div data-name=\"ff_cn_id_2\"  class='ff-t-container ff-column-container ff_columns_total_2 '><div class='ff-t-cell ff-t-column-1' style='flex-basis: 50%;'><div class='ff-el-group ff-el-form-hide_label'><div class=\"ff-el-input--label ff-el-is-required asterisk-right\"><label for='ff_1_input_text' id='label_ff_1_input_text' aria-label=\"Entreprise\">Entreprise<\/label><\/div><div class='ff-el-input--content'><input type=\"text\" name=\"input_text\" class=\"ff-el-form-control\" placeholder=\"Entreprise\" data-name=\"input_text\" id=\"ff_1_input_text\"  aria-invalid=\"false\" aria-required=true><\/div><\/div><\/div><div class='ff-t-cell ff-t-column-2' style='flex-basis: 50%;'><div class='ff-el-group ff-el-form-hide_label'><div class=\"ff-el-input--label ff-el-is-required asterisk-right\"><label for='ff_1_input_text_1' id='label_ff_1_input_text_1' aria-label=\"Responsabilit\u00e9\">Responsabilit\u00e9<\/label><\/div><div class='ff-el-input--content'><input type=\"text\" name=\"input_text_1\" class=\"ff-el-form-control\" placeholder=\"Responsabilit\u00e9\" data-name=\"input_text_1\" id=\"ff_1_input_text_1\"  aria-invalid=\"false\" aria-required=true><\/div><\/div><\/div><\/div><div class='ff-el-group ff-el-form-hide_label'><div class=\"ff-el-input--label asterisk-right\"><label for='ff_1_message' id='label_ff_1_message' aria-label=\"Votre message\">Votre message<\/label><\/div><div class='ff-el-input--content'><textarea aria-required=\"false\" aria-labelledby=\"label_ff_1_message\" name=\"message\" id=\"ff_1_message\" class=\"ff-el-form-control\" placeholder=\"\u00c0 quelle date et \u00e0 quel moment de la journ\u00e9e, souhaitez-vous \u00eatre appel\u00e9 ?\" rows=\"4\" cols=\"2\" data-name=\"message\" ><\/textarea><\/div><\/div><input type=\"hidden\" name=\"hidden\" value=\"Integraci\u00f3n de Aplicaciones Especializadas\" data-name=\"hidden\" ><div class='ff-el-group ff-text-left ff_submit_btn_wrapper'><button type=\"submit\" class=\"ff-btn ff-btn-submit ff-btn-md ff_btn_style wpf_has_custom_css\"  aria-label=\"Envoyer\">Envoyer<\/button><\/div><\/fieldset><\/form><div id='fluentform_1_errors' class='ff-errors-in-stack ff_form_instance_1_1 ff-form-loading_errors ff_form_instance_1_1_errors'><\/div><\/div>            <script type=\"text\/javascript\">\n                window.fluent_form_ff_form_instance_1_1 = {\"id\":\"1\",\"settings\":{\"layout\":{\"labelPlacement\":\"top\",\"helpMessagePlacement\":\"with_label\",\"errorMessagePlacement\":\"inline\",\"cssClassName\":\"\",\"asteriskPlacement\":\"asterisk-right\"},\"restrictions\":{\"denyEmptySubmission\":{\"enabled\":false}}},\"form_instance\":\"ff_form_instance_1_1\",\"form_id_selector\":\"fluentform_1\",\"rules\":{\"names[first_name]\":{\"required\":{\"value\":true,\"message\":\"Ce champ est requis\",\"global\":false,\"global_message\":\"Ce champ est obligatoire\"}},\"names[middle_name]\":{\"required\":{\"value\":false,\"message\":\"This field is required\",\"global\":false,\"global_message\":\"Ce champ est obligatoire\"}},\"names[last_name]\":{\"required\":{\"value\":true,\"message\":\"Ce champ est requis\",\"global\":false,\"global_message\":\"Ce champ est obligatoire\"}},\"email\":{\"required\":{\"value\":true,\"message\":\"Ce champ est requis\",\"global\":false,\"global_message\":\"Ce champ est obligatoire\"},\"email\":{\"value\":true,\"message\":\"This field must contain a valid email\",\"global\":false,\"global_message\":\"Ce champ doit contenir un e-mail valide\"}},\"phone\":{\"required\":{\"value\":true,\"global\":true,\"message\":\"Ce champ est obligatoire\",\"global_message\":\"Ce champ est obligatoire\"},\"valid_phone_number\":{\"value\":true,\"global\":true,\"message\":\"Phone number is not valid\",\"global_message\":\"Phone number is not valid\"}},\"input_text\":{\"required\":{\"value\":true,\"message\":\"Ce champ est obligatoire\",\"global_message\":\"Ce champ est obligatoire\",\"global\":true}},\"input_text_1\":{\"required\":{\"value\":true,\"message\":\"Ce champ est obligatoire\",\"global_message\":\"Ce champ est obligatoire\",\"global\":true}},\"message\":{\"required\":{\"value\":false,\"message\":\"This field is required\",\"global\":false,\"global_message\":\"Ce champ est obligatoire\"}}},\"debounce_time\":300};\n                            <\/script>\n            <\/div>\n\t\t\t\t\t\t<\/div>\n\t\t\t\t<\/div>\n\t\t\t\t\t<\/div>\n\t\t\t\t<\/div>\n\t\t\t\t<\/div>\n\t\t\t\t<\/div>\n\t\t\t\t\t\t<\/div>\n\t\t\t\t<\/div>\n\t\t\t\t\t<\/div>\n\t\t\t\t<\/div>\n\t\t\t\t<\/div>\n\t\t","protected":false},"excerpt":{"rendered":"Cuando las soluciones a medida responden a sus necesidades, las desarrollamos. Pero en muchos casos, tambi\u00e9n es posible&hellip;","protected":false},"author":11,"featured_media":7486,"parent":0,"menu_order":0,"comment_status":"closed","ping_status":"closed","template":"elementor_theme","meta":{"inline_featured_image":false,"csco_page_header_type":"","csco_page_load_nextpost":"","csco_page_subscribe_form":"","csco_page_contact_form":"","footnotes":""},"class_list":{"0":"post-7484","1":"page","2":"type-page","3":"status-publish","4":"has-post-thumbnail","6":"cs-entry","7":"cs-video-wrap"},"_links":{"self":[{"href":"https:\/\/d10.ai\/es\/wp-json\/wp\/v2\/pages\/7484","targetHints":{"allow":["GET"]}}],"collection":[{"href":"https:\/\/d10.ai\/es\/wp-json\/wp\/v2\/pages"}],"about":[{"href":"https:\/\/d10.ai\/es\/wp-json\/wp\/v2\/types\/page"}],"author":[{"embeddable":true,"href":"https:\/\/d10.ai\/es\/wp-json\/wp\/v2\/users\/11"}],"replies":[{"embeddable":true,"href":"https:\/\/d10.ai\/es\/wp-json\/wp\/v2\/comments?post=7484"}],"version-history":[{"count":0,"href":"https:\/\/d10.ai\/es\/wp-json\/wp\/v2\/pages\/7484\/revisions"}],"wp:featuredmedia":[{"embeddable":true,"href":"https:\/\/d10.ai\/es\/wp-json\/wp\/v2\/media\/7486"}],"wp:attachment":[{"href":"https:\/\/d10.ai\/es\/wp-json\/wp\/v2\/media?parent=7484"}],"curies":[{"name":"wp","href":"https:\/\/api.w.org\/{rel}","templated":true}]}}