{"id":7478,"date":"2025-01-19T13:52:58","date_gmt":"2025-01-19T12:52:58","guid":{"rendered":"https:\/\/d10.ai\/developpement-de-solutions-numeriques\/"},"modified":"2025-03-05T16:31:19","modified_gmt":"2025-03-05T15:31:19","slug":"developpement-de-solutions-numeriques","status":"publish","type":"page","link":"https:\/\/d10.ai\/es\/developpement-de-solutions-numeriques\/","title":{"rendered":"Desarrollo de Soluciones Digitales"},"content":{"rendered":"\t\t<div data-elementor-type=\"wp-page\" data-elementor-id=\"7478\" class=\"elementor elementor-7478 elementor-781\" data-elementor-post-type=\"page\">\n\t\t\t\t<div class=\"elementor-element elementor-element-417aea7b e-flex e-con-boxed e-con e-parent\" data-id=\"417aea7b\" data-element_type=\"container\">\n\t\t\t\t\t<div class=\"e-con-inner\">\n\t\t\t\t<div class=\"elementor-element elementor-element-68acbb86 elementor-widget elementor-widget-heading\" data-id=\"68acbb86\" data-element_type=\"widget\" data-widget_type=\"heading.default\">\n\t\t\t\t\t<h1 class=\"elementor-heading-title elementor-size-default\">Desarrollo de Soluciones Digitales<\/h1>\t\t\t\t<\/div>\n\t\t\t\t\t<\/div>\n\t\t\t\t<\/div>\n\t\t<div class=\"elementor-element elementor-element-11b3eb78 e-flex e-con-boxed e-con e-parent\" data-id=\"11b3eb78\" data-element_type=\"container\">\n\t\t\t\t\t<div class=\"e-con-inner\">\n\t\t\t\t<div class=\"elementor-element elementor-element-af49d78 elementor-widget elementor-widget-text-editor\" data-id=\"af49d78\" data-element_type=\"widget\" data-widget_type=\"text-editor.default\">\n\t\t\t\t\t\t\t\t\t<p data-start=\"125\" data-end=\"553\">En un mundo donde la transformaci\u00f3n digital es esencial, las empresas deben contar con herramientas eficientes para mantenerse competitivas. El desarrollo de <strong data-start=\"283\" data-end=\"316\">soluciones digitales a medida<\/strong> es una respuesta estrat\u00e9gica a estos desaf\u00edos. Dise\u00f1adas espec\u00edficamente seg\u00fan sus necesidades, estas soluciones permiten <strong data-start=\"439\" data-end=\"550\">optimizar procesos, mejorar la colaboraci\u00f3n interna y convertir los datos en herramientas de decisi\u00f3n clave<\/strong>.<\/p><p data-start=\"555\" data-end=\"718\">En <strong data-start=\"558\" data-end=\"565\">D10<\/strong>, acompa\u00f1amos a nuestros clientes en este proceso, creando herramientas que <strong data-start=\"641\" data-end=\"715\">se integran perfectamente en su organizaci\u00f3n y respaldan sus objetivos<\/strong>.<\/p>\t\t\t\t\t\t\t\t<\/div>\n\t\t\t\t<div class=\"elementor-element elementor-element-8a93708 elementor-widget elementor-widget-image\" data-id=\"8a93708\" data-element_type=\"widget\" data-widget_type=\"image.default\">\n\t\t\t\t\t\t\t\t\t\t\t\t\t\t\t<img fetchpriority=\"high\" decoding=\"async\" width=\"1200\" height=\"600\" src=\"https:\/\/d10.ai\/wp-content\/uploads\/2025\/01\/d10-developpement-solutions-numeriques.jpg\" class=\"attachment-full size-full wp-image-7479\" alt=\"\" srcset=\"https:\/\/d10.ai\/wp-content\/uploads\/2025\/01\/d10-developpement-solutions-numeriques.jpg 1200w, https:\/\/d10.ai\/wp-content\/uploads\/2025\/01\/d10-developpement-solutions-numeriques-300x150.jpg 300w, https:\/\/d10.ai\/wp-content\/uploads\/2025\/01\/d10-developpement-solutions-numeriques-1024x512.jpg 1024w, https:\/\/d10.ai\/wp-content\/uploads\/2025\/01\/d10-developpement-solutions-numeriques-768x384.jpg 768w, https:\/\/d10.ai\/wp-content\/uploads\/2025\/01\/d10-developpement-solutions-numeriques-40x20.jpg 40w, https:\/\/d10.ai\/wp-content\/uploads\/2025\/01\/d10-developpement-solutions-numeriques-100x50.jpg 100w, https:\/\/d10.ai\/wp-content\/uploads\/2025\/01\/d10-developpement-solutions-numeriques-200x100.jpg 200w, https:\/\/d10.ai\/wp-content\/uploads\/2025\/01\/d10-developpement-solutions-numeriques-714x357.jpg 714w\" sizes=\"(max-width: 1200px) 100vw, 1200px\" \/>\t\t\t\t\t\t\t\t\t\t\t\t\t\t\t<\/div>\n\t\t\t\t\t<\/div>\n\t\t\t\t<\/div>\n\t\t<div class=\"elementor-element elementor-element-1c930a83 e-flex e-con-boxed e-con e-parent\" data-id=\"1c930a83\" data-element_type=\"container\">\n\t\t\t\t\t<div class=\"e-con-inner\">\n\t\t\t\t<div class=\"elementor-element elementor-element-1a5dae34 elementor-widget elementor-widget-heading\" data-id=\"1a5dae34\" data-element_type=\"widget\" data-widget_type=\"heading.default\">\n\t\t\t\t\t<h2 class=\"elementor-heading-title elementor-size-default\">Act\u00fae con herramientas dise\u00f1adas para su empresa<\/h2>\t\t\t\t<\/div>\n\t\t\t\t\t<\/div>\n\t\t\t\t<\/div>\n\t\t<div class=\"elementor-element elementor-element-21977729 e-flex e-con-boxed e-con e-parent\" data-id=\"21977729\" data-element_type=\"container\">\n\t\t\t\t\t<div class=\"e-con-inner\">\n\t\t\t\t<div class=\"elementor-element elementor-element-6c6c4481 elementor-widget elementor-widget-text-editor\" data-id=\"6c6c4481\" data-element_type=\"widget\" data-widget_type=\"text-editor.default\">\n\t\t\t\t\t\t\t\t\t<p data-start=\"780\" data-end=\"886\">Cada soluci\u00f3n digital se desarrolla para abordar necesidades espec\u00edficas y generar resultados tangibles:<\/p><ul data-start=\"888\" data-end=\"1303\"><li data-start=\"888\" data-end=\"987\"><strong data-start=\"890\" data-end=\"921\">Automatizaci\u00f3n inteligente:<\/strong> Optimizaci\u00f3n de procesos para ahorrar tiempo y reducir errores.<\/li><li data-start=\"988\" data-end=\"1090\"><strong data-start=\"990\" data-end=\"1016\">Colaboraci\u00f3n mejorada:<\/strong> Herramientas que simplifican la comunicaci\u00f3n y coordinaci\u00f3n del equipo.<\/li><li data-start=\"1091\" data-end=\"1210\"><strong data-start=\"1093\" data-end=\"1128\">Explotaci\u00f3n eficiente de datos:<\/strong> Transformaci\u00f3n de la informaci\u00f3n en elementos de decisi\u00f3n claros y accionables.<\/li><li data-start=\"1211\" data-end=\"1303\"><strong data-start=\"1213\" data-end=\"1236\">Gesti\u00f3n optimizada:<\/strong> Mayor visibilidad y control sobre las operaciones en cada etapa.<\/li><\/ul><p data-start=\"1305\" data-end=\"1431\">Estas soluciones no reemplazan lo que ya funciona, sino que <strong data-start=\"1365\" data-end=\"1428\">fortalecen sus ventajas y eliminan obst\u00e1culos identificados<\/strong>.<\/p>\t\t\t\t\t\t\t\t<\/div>\n\t\t\t\t\t<\/div>\n\t\t\t\t<\/div>\n\t\t<div class=\"elementor-element elementor-element-2b434e0c e-flex e-con-boxed e-con e-parent\" data-id=\"2b434e0c\" data-element_type=\"container\">\n\t\t\t\t\t<div class=\"e-con-inner\">\n\t\t\t\t<div class=\"elementor-element elementor-element-2513dc13 elementor-widget elementor-widget-heading\" data-id=\"2513dc13\" data-element_type=\"widget\" data-widget_type=\"heading.default\">\n\t\t\t\t\t<h2 class=\"elementor-heading-title elementor-size-default\">\u00bfPor qu\u00e9 elegir soluciones digitales a medida?<\/h2>\t\t\t\t<\/div>\n\t\t\t\t<div class=\"elementor-element elementor-element-577c28b1 elementor-widget elementor-widget-text-editor\" data-id=\"577c28b1\" data-element_type=\"widget\" data-widget_type=\"text-editor.default\">\n\t\t\t\t\t\t\t\t\t<p data-start=\"1491\" data-end=\"1651\">Las soluciones est\u00e1ndar no siempre responden a las necesidades espec\u00edficas de cada empresa. Aqu\u00ed es donde el <strong data-start=\"1600\" data-end=\"1648\">desarrollo personalizado marca la diferencia<\/strong>.<\/p><h4 data-start=\"1653\" data-end=\"1685\"><strong data-start=\"1658\" data-end=\"1683\">Ventajas principales:<\/strong><\/h4><ul data-start=\"1687\" data-end=\"2367\"><li data-start=\"1687\" data-end=\"1842\"><p data-start=\"1689\" data-end=\"1842\"><strong data-start=\"1689\" data-end=\"1725\">Adaptaci\u00f3n total a sus procesos:<\/strong><br data-start=\"1725\" data-end=\"1728\" \/>Dise\u00f1adas para integrarse naturalmente en su flujo de trabajo, sin alterar sus operaciones, sino mejor\u00e1ndolas.<\/p><\/li><li data-start=\"1844\" data-end=\"1980\"><p data-start=\"1846\" data-end=\"1980\"><strong data-start=\"1846\" data-end=\"1890\">Ahorro de tiempo y reducci\u00f3n de errores:<\/strong><br data-start=\"1890\" data-end=\"1893\" \/>La automatizaci\u00f3n de tareas repetitivas libera recursos y minimiza errores humanos.<\/p><\/li><li data-start=\"1982\" data-end=\"2113\"><p data-start=\"1984\" data-end=\"2113\"><strong data-start=\"1984\" data-end=\"2020\">Aprovechamiento \u00f3ptimo de datos:<\/strong><br data-start=\"2020\" data-end=\"2023\" \/>Convierte los datos en informaci\u00f3n valiosa para tomar decisiones r\u00e1pidas e informadas.<\/p><\/li><li data-start=\"2115\" data-end=\"2234\"><p data-start=\"2117\" data-end=\"2234\"><strong data-start=\"2117\" data-end=\"2144\">Colaboraci\u00f3n eficiente:<\/strong><br data-start=\"2144\" data-end=\"2147\" \/>Facilita la comunicaci\u00f3n y coordinaci\u00f3n entre equipos, incluso en entornos remotos.<\/p><\/li><li data-start=\"2236\" data-end=\"2367\"><p data-start=\"2238\" data-end=\"2367\"><strong data-start=\"2238\" data-end=\"2268\">Escalabilidad garantizada:<\/strong><br data-start=\"2268\" data-end=\"2271\" \/>Las soluciones crecen con su empresa, integrando nuevas funcionalidades seg\u00fan sea necesario.<\/p><\/li><\/ul>\t\t\t\t\t\t\t\t<\/div>\n\t\t\t\t\t<\/div>\n\t\t\t\t<\/div>\n\t\t<div class=\"elementor-element elementor-element-f33b4b3 e-flex e-con-boxed e-con e-parent\" data-id=\"f33b4b3\" data-element_type=\"container\">\n\t\t\t\t\t<div class=\"e-con-inner\">\n\t\t\t\t<div class=\"elementor-element elementor-element-e6ac280 elementor-widget elementor-widget-heading\" data-id=\"e6ac280\" data-element_type=\"widget\" data-widget_type=\"heading.default\">\n\t\t\t\t\t<h2 class=\"elementor-heading-title elementor-size-default\">Metodolog\u00eda clara y eficiente<\/h2>\t\t\t\t<\/div>\n\t\t\t\t\t<\/div>\n\t\t\t\t<\/div>\n\t\t<div class=\"elementor-element elementor-element-feb51ad e-flex e-con-boxed e-con e-parent\" data-id=\"feb51ad\" data-element_type=\"container\">\n\t\t\t\t\t<div class=\"e-con-inner\">\n\t\t\t\t<div class=\"elementor-element elementor-element-69b585c elementor-widget elementor-widget-text-editor\" data-id=\"69b585c\" data-element_type=\"widget\" data-widget_type=\"text-editor.default\">\n\t\t\t\t\t\t\t\t\t<p data-start=\"2410\" data-end=\"2541\">El desarrollo de una soluci\u00f3n digital sigue un proceso estructurado, asegurando que cada etapa est\u00e9 alineada con sus necesidades:<\/p><ol data-start=\"2543\" data-end=\"3275\"><li data-start=\"2543\" data-end=\"2688\"><p data-start=\"2546\" data-end=\"2688\"><strong data-start=\"2546\" data-end=\"2574\">Definici\u00f3n de objetivos:<\/strong><br data-start=\"2574\" data-end=\"2577\" \/>Comprensi\u00f3n de sus metas, restricciones y desaf\u00edos espec\u00edficos para priorizar correctamente el desarrollo.<\/p><\/li><li data-start=\"2690\" data-end=\"2870\"><p data-start=\"2693\" data-end=\"2870\"><strong data-start=\"2693\" data-end=\"2714\">Dise\u00f1o funcional:<\/strong><br data-start=\"2714\" data-end=\"2717\" \/>Creaci\u00f3n de una soluci\u00f3n centrada en el usuario y alineada con sus procesos. Se elaboran <strong data-start=\"2809\" data-end=\"2834\">prototipos y maquetas<\/strong> para validar las funcionalidades.<\/p><\/li><li data-start=\"2872\" data-end=\"3006\"><p data-start=\"2875\" data-end=\"3006\"><strong data-start=\"2875\" data-end=\"2895\">Desarrollo \u00e1gil:<\/strong><br data-start=\"2895\" data-end=\"2898\" \/>Implementaci\u00f3n iterativa con metodolog\u00eda <strong data-start=\"2942\" data-end=\"2950\">\u00e1gil<\/strong>, permitiendo ajustes continuos seg\u00fan sus comentarios.<\/p><\/li><li data-start=\"3008\" data-end=\"3133\"><p data-start=\"3011\" data-end=\"3133\"><strong data-start=\"3011\" data-end=\"3043\">Implementaci\u00f3n y despliegue:<\/strong><br data-start=\"3043\" data-end=\"3046\" \/>Integraci\u00f3n en su entorno de trabajo y acompa\u00f1amiento para una adopci\u00f3n eficiente.<\/p><\/li><li data-start=\"3135\" data-end=\"3275\"><p data-start=\"3138\" data-end=\"3275\"><strong data-start=\"3138\" data-end=\"3167\">Monitoreo y optimizaci\u00f3n:<\/strong><br data-start=\"3167\" data-end=\"3170\" \/>Evaluaci\u00f3n del impacto de la soluci\u00f3n y mejoras continuas para garantizar su eficacia a largo plazo.<\/p><\/li><\/ol>\t\t\t\t\t\t\t\t<\/div>\n\t\t\t\t\t<\/div>\n\t\t\t\t<\/div>\n\t\t<div class=\"elementor-element elementor-element-412ad129 e-flex e-con-boxed e-con e-parent\" data-id=\"412ad129\" data-element_type=\"container\">\n\t\t\t\t\t<div class=\"e-con-inner\">\n\t\t\t\t<div class=\"elementor-element elementor-element-3eeaabd elementor-widget elementor-widget-heading\" data-id=\"3eeaabd\" data-element_type=\"widget\" data-widget_type=\"heading.default\">\n\t\t\t\t\t<h2 class=\"elementor-heading-title elementor-size-default\">Soluciones que evolucionan con su empresa<\/h2>\t\t\t\t<\/div>\n\t\t\t\t\t<\/div>\n\t\t\t\t<\/div>\n\t\t<div class=\"elementor-element elementor-element-6589fabe e-flex e-con-boxed e-con e-parent\" data-id=\"6589fabe\" data-element_type=\"container\">\n\t\t\t\t\t<div class=\"e-con-inner\">\n\t\t\t\t<div class=\"elementor-element elementor-element-15b64337 elementor-widget elementor-widget-text-editor\" data-id=\"15b64337\" data-element_type=\"widget\" data-widget_type=\"text-editor.default\">\n\t\t\t\t\t\t\t\t\t<p data-start=\"3330\" data-end=\"3478\">Uno de los principales beneficios de las soluciones a medida es su capacidad de adaptaci\u00f3n. Para garantizar su evoluci\u00f3n, nuestras soluciones son:<\/p><ul data-start=\"3480\" data-end=\"3781\"><li data-start=\"3480\" data-end=\"3580\"><strong data-start=\"3482\" data-end=\"3496\">Modulares:<\/strong> Incorporan nuevas funcionalidades seg\u00fan las prioridades cambiantes de su empresa.<\/li><li data-start=\"3581\" data-end=\"3683\"><strong data-start=\"3583\" data-end=\"3599\">Compatibles:<\/strong> Se integran f\u00e1cilmente con sus herramientas actuales, minimizando interrupciones.<\/li><li data-start=\"3684\" data-end=\"3781\"><strong data-start=\"3686\" data-end=\"3701\">Accesibles:<\/strong> Dise\u00f1adas para una r\u00e1pida adopci\u00f3n y facilidad de uso por parte de su equipo.<\/li><\/ul>\t\t\t\t\t\t\t\t<\/div>\n\t\t\t\t\t<\/div>\n\t\t\t\t<\/div>\n\t\t<div class=\"elementor-element elementor-element-6e0186a9 e-flex e-con-boxed e-con e-parent\" data-id=\"6e0186a9\" data-element_type=\"container\">\n\t\t\t\t\t<div class=\"e-con-inner\">\n\t\t\t\t<div class=\"elementor-element elementor-element-3cf7514 elementor-widget elementor-widget-heading\" data-id=\"3cf7514\" data-element_type=\"widget\" data-widget_type=\"heading.default\">\n\t\t\t\t\t<h2 class=\"elementor-heading-title elementor-size-default\">Impulse sus resultados con soluciones a medida<\/h2>\t\t\t\t<\/div>\n\t\t\t\t\t<\/div>\n\t\t\t\t<\/div>\n\t\t<div class=\"elementor-element elementor-element-7b143485 e-flex e-con-boxed e-con e-parent\" data-id=\"7b143485\" data-element_type=\"container\">\n\t\t\t\t\t<div class=\"e-con-inner\">\n\t\t\t\t<div class=\"elementor-element elementor-element-1fe545c8 elementor-widget elementor-widget-text-editor\" data-id=\"1fe545c8\" data-element_type=\"widget\" data-widget_type=\"text-editor.default\">\n\t\t\t\t\t\t\t\t\t<p>El desarrollo de soluciones digitales va m\u00e1s all\u00e1 de crear un software o implementar una herramienta. Es una <strong data-start=\"3950\" data-end=\"3970\">estrategia clave<\/strong> que <strong data-start=\"3975\" data-end=\"4060\">conecta recursos, agiliza procesos y transforma objetivos en resultados concretos<\/strong>. Cada soluci\u00f3n que desarrollamos es un <strong data-start=\"4100\" data-end=\"4124\">motor de crecimiento<\/strong>, dise\u00f1ado para fortalecer sus capacidades y acompa\u00f1ar la evoluci\u00f3n de su empresa a largo plazo.<\/p>\t\t\t\t\t\t\t\t<\/div>\n\t\t\t\t<div class=\"elementor-element elementor-element-a678cb4 elementor-widget elementor-widget-template\" data-id=\"a678cb4\" data-element_type=\"widget\" data-widget_type=\"template.default\">\n\t\t\t\t<div class=\"elementor-widget-container\">\n\t\t\t\t\t\t\t<div class=\"elementor-template\">\n\t\t\t\t\t<div data-elementor-type=\"container\" data-elementor-id=\"8031\" class=\"elementor elementor-8031 elementor-4711\" data-elementor-post-type=\"elementor_library\">\n\t\t\t\t<div class=\"elementor-element elementor-element-39bedd52 e-flex e-con-boxed e-con e-parent\" data-id=\"39bedd52\" data-element_type=\"container\" id=\"cta\">\n\t\t\t\t\t<div class=\"e-con-inner\">\n\t\t<div class=\"elementor-element elementor-element-2d1bb796 e-con-full e-flex e-con e-child\" data-id=\"2d1bb796\" data-element_type=\"container\">\n\t\t\t\t<div class=\"elementor-element elementor-element-57fd44d2 elementor-widget elementor-widget-heading\" data-id=\"57fd44d2\" data-element_type=\"widget\" data-widget_type=\"heading.default\">\n\t\t\t\t\t<h2 class=\"elementor-heading-title elementor-size-default\">\u00bfListo para pasar a la acci\u00f3n?<\/h2>\t\t\t\t<\/div>\n\t\t\t\t<div class=\"elementor-element elementor-element-6444d11f elementor-widget elementor-widget-text-editor\" data-id=\"6444d11f\" data-element_type=\"widget\" data-widget_type=\"text-editor.default\">\n\t\t\t\t\t\t\t\t\t<p>\u00a0Para iniciar una conversaci\u00f3n, completa este formulario indicando cu\u00e1ndo deseas ser llamado.<\/p>\t\t\t\t\t\t\t\t<\/div>\n\t\t\t\t<div class=\"elementor-element elementor-element-e755ded elementor-widget elementor-widget-shortcode\" data-id=\"e755ded\" data-element_type=\"widget\" data-widget_type=\"shortcode.default\">\n\t\t\t\t\t\t\t<div class=\"elementor-shortcode\"><div class='fluentform ff-default fluentform_wrapper_1 ffs_default_wrap'><form data-form_id=\"1\" id=\"fluentform_1\" class=\"frm-fluent-form fluent_form_1 ff-el-form-top ff_form_instance_1_1 ff-form-loading ffs_default\" data-form_instance=\"ff_form_instance_1_1\" method=\"POST\" ><fieldset  style=\"border: none!important;margin: 0!important;padding: 0!important;background-color: transparent!important;box-shadow: none!important;outline: none!important; min-inline-size: 100%;\">\n                    <legend class=\"ff_screen_reader_title\" style=\"display: block; margin: 0!important;padding: 0!important;height: 0!important;text-indent: -999999px;width: 0!important;overflow:hidden;\">Universel Contact<\/legend><input type='hidden' name='__fluent_form_embded_post_id' value='7478' \/><input type=\"hidden\" id=\"_fluentform_1_fluentformnonce\" name=\"_fluentform_1_fluentformnonce\" value=\"80edcf4625\" \/><input type=\"hidden\" name=\"_wp_http_referer\" value=\"\/es\/wp-json\/wp\/v2\/pages\/7478\" \/><div data-type=\"name-element\" data-name=\"names\" class=\" ff-field_container ff-name-field-wrapper\" ><div class='ff-t-container'><div class='ff-t-cell '><div class='ff-el-group  ff-el-form-hide_label'><div class=\"ff-el-input--label ff-el-is-required asterisk-right\"><label for='ff_1_names_first_name_' id='label_ff_1_names_first_name_' >Pr\u00e9nom<\/label><\/div><div class='ff-el-input--content'><input type=\"text\" name=\"names[first_name]\" value=\"\" id=\"ff_1_names_first_name_\" class=\"ff-el-form-control\" placeholder=\"Pr\u00e9nom\" aria-invalid=\"false\" aria-required=true><\/div><\/div><\/div><div class='ff-t-cell '><div class='ff-el-group  ff-el-form-hide_label'><div class=\"ff-el-input--label ff-el-is-required asterisk-right\"><label for='ff_1_names_last_name_' id='label_ff_1_names_last_name_' >Nom<\/label><\/div><div class='ff-el-input--content'><input type=\"text\" name=\"names[last_name]\" value=\"\" id=\"ff_1_names_last_name_\" class=\"ff-el-form-control\" placeholder=\"Nom\" aria-invalid=\"false\" aria-required=true><\/div><\/div><\/div><\/div><\/div><div data-name=\"ff_cn_id_1\"  class='ff-t-container ff-column-container ff_columns_total_2 '><div class='ff-t-cell ff-t-column-1' style='flex-basis: 50%;'><div class='ff-el-group ff-el-form-hide_label'><div class=\"ff-el-input--label ff-el-is-required asterisk-right\"><label for='ff_1_email' id='label_ff_1_email' aria-label=\"Email\">Email<\/label><\/div><div class='ff-el-input--content'><input type=\"email\" name=\"email\" value=\"\" id=\"ff_1_email\" class=\"ff-el-form-control\" placeholder=\"Address Email\" data-name=\"email\"  aria-invalid=\"false\" aria-required=true><\/div><\/div><\/div><div class='ff-t-cell ff-t-column-2' style='flex-basis: 50%;'><\/div><\/div><div data-name=\"ff_cn_id_2\"  class='ff-t-container ff-column-container ff_columns_total_2 '><div class='ff-t-cell ff-t-column-1' style='flex-basis: 50%;'><div class='ff-el-group ff-el-form-hide_label'><div class=\"ff-el-input--label ff-el-is-required asterisk-right\"><label for='ff_1_input_text' id='label_ff_1_input_text' aria-label=\"Entreprise\">Entreprise<\/label><\/div><div class='ff-el-input--content'><input type=\"text\" name=\"input_text\" class=\"ff-el-form-control\" placeholder=\"Entreprise\" data-name=\"input_text\" id=\"ff_1_input_text\"  aria-invalid=\"false\" aria-required=true><\/div><\/div><\/div><div class='ff-t-cell ff-t-column-2' style='flex-basis: 50%;'><div class='ff-el-group ff-el-form-hide_label'><div class=\"ff-el-input--label ff-el-is-required asterisk-right\"><label for='ff_1_input_text_1' id='label_ff_1_input_text_1' aria-label=\"Responsabilit\u00e9\">Responsabilit\u00e9<\/label><\/div><div class='ff-el-input--content'><input type=\"text\" name=\"input_text_1\" class=\"ff-el-form-control\" placeholder=\"Responsabilit\u00e9\" data-name=\"input_text_1\" id=\"ff_1_input_text_1\"  aria-invalid=\"false\" aria-required=true><\/div><\/div><\/div><\/div><div class='ff-el-group ff-el-form-hide_label'><div class=\"ff-el-input--label asterisk-right\"><label for='ff_1_message' id='label_ff_1_message' aria-label=\"Votre message\">Votre message<\/label><\/div><div class='ff-el-input--content'><textarea aria-required=\"false\" aria-labelledby=\"label_ff_1_message\" name=\"message\" id=\"ff_1_message\" class=\"ff-el-form-control\" placeholder=\"\u00c0 quelle date et \u00e0 quel moment de la journ\u00e9e, souhaitez-vous \u00eatre appel\u00e9 ?\" rows=\"4\" cols=\"2\" data-name=\"message\" ><\/textarea><\/div><\/div><input type=\"hidden\" name=\"hidden\" value=\"Desarrollo de Soluciones Digitales\" data-name=\"hidden\" ><div class='ff-el-group ff-text-left ff_submit_btn_wrapper'><button type=\"submit\" class=\"ff-btn ff-btn-submit ff-btn-md ff_btn_style wpf_has_custom_css\"  aria-label=\"Envoyer\">Envoyer<\/button><\/div><\/fieldset><\/form><div id='fluentform_1_errors' class='ff-errors-in-stack ff_form_instance_1_1 ff-form-loading_errors ff_form_instance_1_1_errors'><\/div><\/div>            <script type=\"text\/javascript\">\n                window.fluent_form_ff_form_instance_1_1 = {\"id\":\"1\",\"settings\":{\"layout\":{\"labelPlacement\":\"top\",\"helpMessagePlacement\":\"with_label\",\"errorMessagePlacement\":\"inline\",\"cssClassName\":\"\",\"asteriskPlacement\":\"asterisk-right\"},\"restrictions\":{\"denyEmptySubmission\":{\"enabled\":false}}},\"form_instance\":\"ff_form_instance_1_1\",\"form_id_selector\":\"fluentform_1\",\"rules\":{\"names[first_name]\":{\"required\":{\"value\":true,\"message\":\"Ce champ est requis\",\"global\":false,\"global_message\":\"Ce champ est obligatoire\"}},\"names[middle_name]\":{\"required\":{\"value\":false,\"message\":\"This field is required\",\"global\":false,\"global_message\":\"Ce champ est obligatoire\"}},\"names[last_name]\":{\"required\":{\"value\":true,\"message\":\"Ce champ est requis\",\"global\":false,\"global_message\":\"Ce champ est obligatoire\"}},\"email\":{\"required\":{\"value\":true,\"message\":\"Ce champ est requis\",\"global\":false,\"global_message\":\"Ce champ est obligatoire\"},\"email\":{\"value\":true,\"message\":\"This field must contain a valid email\",\"global\":false,\"global_message\":\"Ce champ doit contenir un e-mail valide\"}},\"phone\":{\"required\":{\"value\":true,\"global\":true,\"message\":\"Ce champ est obligatoire\",\"global_message\":\"Ce champ est obligatoire\"},\"valid_phone_number\":{\"value\":true,\"global\":true,\"message\":\"Phone number is not valid\",\"global_message\":\"Phone number is not valid\"}},\"input_text\":{\"required\":{\"value\":true,\"message\":\"Ce champ est obligatoire\",\"global_message\":\"Ce champ est obligatoire\",\"global\":true}},\"input_text_1\":{\"required\":{\"value\":true,\"message\":\"Ce champ est obligatoire\",\"global_message\":\"Ce champ est obligatoire\",\"global\":true}},\"message\":{\"required\":{\"value\":false,\"message\":\"This field is required\",\"global\":false,\"global_message\":\"Ce champ est obligatoire\"}}},\"debounce_time\":300};\n                            <\/script>\n            <\/div>\n\t\t\t\t\t\t<\/div>\n\t\t\t\t<\/div>\n\t\t\t\t\t<\/div>\n\t\t\t\t<\/div>\n\t\t\t\t<\/div>\n\t\t\t\t<\/div>\n\t\t\t\t\t\t<\/div>\n\t\t\t\t<\/div>\n\t\t\t\t\t<\/div>\n\t\t\t\t<\/div>\n\t\t\t\t<\/div>\n\t\t","protected":false},"excerpt":{"rendered":"En un mundo donde la transformaci\u00f3n digital es esencial, las empresas deben contar con herramientas eficientes para mantenerse&hellip;","protected":false},"author":11,"featured_media":7479,"parent":0,"menu_order":0,"comment_status":"closed","ping_status":"closed","template":"elementor_theme","meta":{"inline_featured_image":false,"csco_page_header_type":"","csco_page_load_nextpost":"","csco_page_subscribe_form":"","csco_page_contact_form":"","footnotes":""},"class_list":{"0":"post-7478","1":"page","2":"type-page","3":"status-publish","4":"has-post-thumbnail","6":"cs-entry","7":"cs-video-wrap"},"_links":{"self":[{"href":"https:\/\/d10.ai\/es\/wp-json\/wp\/v2\/pages\/7478","targetHints":{"allow":["GET"]}}],"collection":[{"href":"https:\/\/d10.ai\/es\/wp-json\/wp\/v2\/pages"}],"about":[{"href":"https:\/\/d10.ai\/es\/wp-json\/wp\/v2\/types\/page"}],"author":[{"embeddable":true,"href":"https:\/\/d10.ai\/es\/wp-json\/wp\/v2\/users\/11"}],"replies":[{"embeddable":true,"href":"https:\/\/d10.ai\/es\/wp-json\/wp\/v2\/comments?post=7478"}],"version-history":[{"count":0,"href":"https:\/\/d10.ai\/es\/wp-json\/wp\/v2\/pages\/7478\/revisions"}],"wp:featuredmedia":[{"embeddable":true,"href":"https:\/\/d10.ai\/es\/wp-json\/wp\/v2\/media\/7479"}],"wp:attachment":[{"href":"https:\/\/d10.ai\/es\/wp-json\/wp\/v2\/media?parent=7478"}],"curies":[{"name":"wp","href":"https:\/\/api.w.org\/{rel}","templated":true}]}}