{"id":7472,"date":"2025-01-19T13:52:30","date_gmt":"2025-01-19T12:52:30","guid":{"rendered":"https:\/\/d10.ai\/elaboration-dune-roadmap-operationnelle\/"},"modified":"2025-03-05T16:24:06","modified_gmt":"2025-03-05T15:24:06","slug":"elaboration-dune-roadmap-operationnelle","status":"publish","type":"page","link":"https:\/\/d10.ai\/es\/elaboration-dune-roadmap-operationnelle\/","title":{"rendered":"Elaboraci\u00f3n de una Roadmap Operativa"},"content":{"rendered":"\t\t<div data-elementor-type=\"wp-page\" data-elementor-id=\"7472\" class=\"elementor elementor-7472 elementor-779\" data-elementor-post-type=\"page\">\n\t\t\t\t<div class=\"elementor-element elementor-element-60a1e6a1 e-flex e-con-boxed e-con e-parent\" data-id=\"60a1e6a1\" data-element_type=\"container\">\n\t\t\t\t\t<div class=\"e-con-inner\">\n\t\t\t\t<div class=\"elementor-element elementor-element-773c3753 elementor-widget elementor-widget-heading\" data-id=\"773c3753\" data-element_type=\"widget\" data-widget_type=\"heading.default\">\n\t\t\t\t\t<h1 class=\"elementor-heading-title elementor-size-default\">Elaboraci\u00f3n de una Roadmap Operativa<\/h1>\t\t\t\t<\/div>\n\t\t\t\t<div class=\"elementor-element elementor-element-28e2bb40 elementor-widget elementor-widget-text-editor\" data-id=\"28e2bb40\" data-element_type=\"widget\" data-widget_type=\"text-editor.default\">\n\t\t\t\t\t\t\t\t\t<p>Una <strong data-start=\"131\" data-end=\"152\">roadmap operativa<\/strong> es mucho m\u00e1s que un simple plan de acci\u00f3n: es una herramienta de gesti\u00f3n que convierte sus prioridades estrat\u00e9gicas en pasos claros y ejecutables. En un entorno econ\u00f3mico en constante evoluci\u00f3n, las empresas deben actuar con m\u00e9todo para alcanzar sus objetivos. En <strong data-start=\"417\" data-end=\"424\">D10<\/strong>, aplicamos nuestra experiencia en ingenier\u00eda digital para dise\u00f1ar <strong data-start=\"491\" data-end=\"503\">roadmaps<\/strong> que garantizan una ejecuci\u00f3n fluida, una alineaci\u00f3n colectiva y resultados medibles.<\/p>\t\t\t\t\t\t\t\t<\/div>\n\t\t\t\t<div class=\"elementor-element elementor-element-2d7672a elementor-widget elementor-widget-image\" data-id=\"2d7672a\" data-element_type=\"widget\" data-widget_type=\"image.default\">\n\t\t\t\t\t\t\t\t\t\t\t\t<figure class=\"wp-caption\">\n\t\t\t\t\t\t\t\t\t\t<img fetchpriority=\"high\" decoding=\"async\" width=\"1200\" height=\"600\" src=\"https:\/\/d10.ai\/wp-content\/uploads\/2025\/02\/d10-roadmaps.jpg\" class=\"attachment-full size-full wp-image-7474\" alt=\"\" srcset=\"https:\/\/d10.ai\/wp-content\/uploads\/2025\/02\/d10-roadmaps.jpg 1200w, https:\/\/d10.ai\/wp-content\/uploads\/2025\/02\/d10-roadmaps-300x150.jpg 300w, https:\/\/d10.ai\/wp-content\/uploads\/2025\/02\/d10-roadmaps-1024x512.jpg 1024w, https:\/\/d10.ai\/wp-content\/uploads\/2025\/02\/d10-roadmaps-768x384.jpg 768w, https:\/\/d10.ai\/wp-content\/uploads\/2025\/02\/d10-roadmaps-40x20.jpg 40w, https:\/\/d10.ai\/wp-content\/uploads\/2025\/02\/d10-roadmaps-100x50.jpg 100w, https:\/\/d10.ai\/wp-content\/uploads\/2025\/02\/d10-roadmaps-200x100.jpg 200w, https:\/\/d10.ai\/wp-content\/uploads\/2025\/02\/d10-roadmaps-714x357.jpg 714w\" sizes=\"(max-width: 1200px) 100vw, 1200px\" \/>\t\t\t\t\t\t\t\t\t\t\t<figcaption class=\"widget-image-caption wp-caption-text\">\u00c9laboration d'une roadmap op\u00e9rationnelle<\/figcaption>\n\t\t\t\t\t\t\t\t\t\t<\/figure>\n\t\t\t\t\t\t\t\t\t<\/div>\n\t\t\t\t\t<\/div>\n\t\t\t\t<\/div>\n\t\t<div class=\"elementor-element elementor-element-10100640 e-flex e-con-boxed e-con e-parent\" data-id=\"10100640\" data-element_type=\"container\">\n\t\t\t\t\t<div class=\"e-con-inner\">\n\t\t\t\t<div class=\"elementor-element elementor-element-74eb0698 elementor-widget elementor-widget-heading\" data-id=\"74eb0698\" data-element_type=\"widget\" data-widget_type=\"heading.default\">\n\t\t\t\t\t<h2 class=\"elementor-heading-title elementor-size-default\">1. Un plan estructurado para avanzar con seguridad<\/h2>\t\t\t\t<\/div>\n\t\t\t\t\t<\/div>\n\t\t\t\t<\/div>\n\t\t<div class=\"elementor-element elementor-element-1d1880cf e-flex e-con-boxed e-con e-parent\" data-id=\"1d1880cf\" data-element_type=\"container\">\n\t\t\t\t\t<div class=\"e-con-inner\">\n\t\t\t\t<div class=\"elementor-element elementor-element-71fd5397 elementor-widget elementor-widget-text-editor\" data-id=\"71fd5397\" data-element_type=\"widget\" data-widget_type=\"text-editor.default\">\n\t\t\t\t\t\t\t\t\t<p data-start=\"654\" data-end=\"722\">La <strong data-start=\"657\" data-end=\"678\">roadmap operativa<\/strong> se basa en tres principios fundamentales:<\/p><ul data-start=\"724\" data-end=\"1163\"><li data-start=\"724\" data-end=\"875\"><strong data-start=\"726\" data-end=\"742\">Visibilidad:<\/strong> Proporciona una visi\u00f3n global de todas las etapas necesarias para alcanzar sus objetivos, especificando prioridades y hitos clave.<\/li><li data-start=\"876\" data-end=\"1004\"><strong data-start=\"878\" data-end=\"895\">Coordinaci\u00f3n:<\/strong> Permite que cada miembro del equipo comprenda su rol, act\u00fae en el momento oportuno y colabore eficazmente.<\/li><li data-start=\"1005\" data-end=\"1163\"><strong data-start=\"1007\" data-end=\"1023\">Seguimiento:<\/strong> Con puntos de control integrados, se pueden medir los avances, ajustar prioridades y mantenerse alineados con los objetivos estrat\u00e9gicos.<\/li><\/ul>\t\t\t\t\t\t\t\t<\/div>\n\t\t\t\t<div class=\"elementor-element elementor-element-4373496 elementor-widget elementor-widget-heading\" data-id=\"4373496\" data-element_type=\"widget\" data-widget_type=\"heading.default\">\n\t\t\t\t\t<h2 class=\"elementor-heading-title elementor-size-default\">2. Los desaf\u00edos de una gesti\u00f3n estrat\u00e9gica eficiente<\/h2>\t\t\t\t<\/div>\n\t\t\t\t<div class=\"elementor-element elementor-element-0949788 elementor-widget elementor-widget-text-editor\" data-id=\"0949788\" data-element_type=\"widget\" data-widget_type=\"text-editor.default\">\n\t\t\t\t\t\t\t\t\t<p data-start=\"1229\" data-end=\"1281\">Las empresas enfrentan obst\u00e1culos complejos, como:<\/p><ul data-start=\"1283\" data-end=\"1515\"><li data-start=\"1283\" data-end=\"1363\"><strong data-start=\"1285\" data-end=\"1311\">M\u00faltiples prioridades:<\/strong> \u00bfC\u00f3mo identificar las acciones con mayor impacto?<\/li><li data-start=\"1364\" data-end=\"1426\"><strong data-start=\"1366\" data-end=\"1389\">Recursos limitados:<\/strong> \u00bfC\u00f3mo asignarlos de manera \u00f3ptima?<\/li><li data-start=\"1427\" data-end=\"1515\"><strong data-start=\"1429\" data-end=\"1458\">Equipos descentralizados:<\/strong> \u00bfC\u00f3mo alinear a todos en torno a los mismos objetivos?<\/li><\/ul><p data-start=\"1517\" data-end=\"1684\">Sin una visi\u00f3n estructurada, estos desaf\u00edos pueden generar retrasos, sobrecostos y p\u00e9rdida de eficiencia. Es aqu\u00ed donde una <strong data-start=\"1641\" data-end=\"1662\">roadmap operativa<\/strong> se vuelve esencial.<\/p>\t\t\t\t\t\t\t\t<\/div>\n\t\t\t\t\t<\/div>\n\t\t\t\t<\/div>\n\t\t<div class=\"elementor-element elementor-element-70f6fbe9 e-flex e-con-boxed e-con e-parent\" data-id=\"70f6fbe9\" data-element_type=\"container\">\n\t\t\t\t\t<div class=\"e-con-inner\">\n\t\t\t\t<div class=\"elementor-element elementor-element-5fae1ed1 elementor-widget elementor-widget-heading\" data-id=\"5fae1ed1\" data-element_type=\"widget\" data-widget_type=\"heading.default\">\n\t\t\t\t\t<h2 class=\"elementor-heading-title elementor-size-default\">3. Una roadmap adaptada a su realidad empresarial<\/h2>\t\t\t\t<\/div>\n\t\t\t\t\t<\/div>\n\t\t\t\t<\/div>\n\t\t<div class=\"elementor-element elementor-element-370bc68 e-flex e-con-boxed e-con e-parent\" data-id=\"370bc68\" data-element_type=\"container\">\n\t\t\t\t\t<div class=\"e-con-inner\">\n\t\t\t\t<div class=\"elementor-element elementor-element-43a2344f elementor-widget elementor-widget-text-editor\" data-id=\"43a2344f\" data-element_type=\"widget\" data-widget_type=\"text-editor.default\">\n\t\t\t\t\t\t\t\t\t<p data-start=\"1747\" data-end=\"1894\">Construir una <strong data-start=\"1761\" data-end=\"1782\">roadmap operativa<\/strong> significa transformar sus an\u00e1lisis y prioridades estrat\u00e9gicas en un plan de ejecuci\u00f3n realista, considerando:<\/p><ul data-start=\"1896\" data-end=\"2151\"><li data-start=\"1896\" data-end=\"1963\"><strong data-start=\"1898\" data-end=\"1922\">Objetivos definidos:<\/strong> Lo que se desea lograr y su prop\u00f3sito.<\/li><li data-start=\"1964\" data-end=\"2043\"><strong data-start=\"1966\" data-end=\"1991\">Recursos disponibles:<\/strong> Los activos que pueden movilizarse en cada etapa.<\/li><li data-start=\"2044\" data-end=\"2151\"><strong data-start=\"2046\" data-end=\"2080\">Restricciones y oportunidades:<\/strong> Factores internos y externos que influyen en la capacidad de acci\u00f3n.<\/li><\/ul><p data-start=\"2153\" data-end=\"2291\">Este enfoque permite que la <strong data-start=\"2181\" data-end=\"2192\">roadmap<\/strong> evolucione junto con sus proyectos, manteniendo una estructura s\u00f3lida y comprensible para todos.<\/p>\t\t\t\t\t\t\t\t<\/div>\n\t\t\t\t\t<\/div>\n\t\t\t\t<\/div>\n\t\t<div class=\"elementor-element elementor-element-2f9a14f4 e-flex e-con-boxed e-con e-parent\" data-id=\"2f9a14f4\" data-element_type=\"container\">\n\t\t\t\t\t<div class=\"e-con-inner\">\n\t\t\t\t<div class=\"elementor-element elementor-element-18b2ceb6 elementor-widget elementor-widget-heading\" data-id=\"18b2ceb6\" data-element_type=\"widget\" data-widget_type=\"heading.default\">\n\t\t\t\t\t<h2 class=\"elementor-heading-title elementor-size-default\">4. Beneficios de una roadmap operativa<\/h2>\t\t\t\t<\/div>\n\t\t\t\t\t<\/div>\n\t\t\t\t<\/div>\n\t\t<div class=\"elementor-element elementor-element-4db0ddf8 e-flex e-con-boxed e-con e-parent\" data-id=\"4db0ddf8\" data-element_type=\"container\">\n\t\t\t\t\t<div class=\"e-con-inner\">\n\t\t\t\t<div class=\"elementor-element elementor-element-56a8ad86 elementor-widget elementor-widget-text-editor\" data-id=\"56a8ad86\" data-element_type=\"widget\" data-widget_type=\"text-editor.default\">\n\t\t\t\t\t\t\t\t\t<p data-start=\"2343\" data-end=\"2391\">Con una <strong data-start=\"2351\" data-end=\"2362\">roadmap<\/strong> clara, su empresa obtiene:<\/p><ul data-start=\"2393\" data-end=\"2774\"><li data-start=\"2393\" data-end=\"2475\"><strong data-start=\"2395\" data-end=\"2419\">Ejecuci\u00f3n eficiente:<\/strong> Las acciones se organizan y suceden sin ambig\u00fcedades.<\/li><li data-start=\"2476\" data-end=\"2594\"><strong data-start=\"2478\" data-end=\"2504\">Alineaci\u00f3n del equipo:<\/strong> Todos trabajan en la misma direcci\u00f3n, con un entendimiento preciso del camino a seguir.<\/li><li data-start=\"2595\" data-end=\"2676\"><strong data-start=\"2597\" data-end=\"2626\">Optimizaci\u00f3n de recursos:<\/strong> Se emplean de manera equilibrada y estrat\u00e9gica.<\/li><li data-start=\"2677\" data-end=\"2774\"><strong data-start=\"2679\" data-end=\"2704\">Visibilidad continua:<\/strong> Se pueden monitorear los avances y realizar ajustes en tiempo real.<\/li><\/ul>\t\t\t\t\t\t\t\t<\/div>\n\t\t\t\t\t<\/div>\n\t\t\t\t<\/div>\n\t\t<div class=\"elementor-element elementor-element-41679305 e-flex e-con-boxed e-con e-parent\" data-id=\"41679305\" data-element_type=\"container\">\n\t\t\t\t\t<div class=\"e-con-inner\">\n\t\t\t\t<div class=\"elementor-element elementor-element-117482 elementor-widget elementor-widget-heading\" data-id=\"117482\" data-element_type=\"widget\" data-widget_type=\"heading.default\">\n\t\t\t\t\t<h2 class=\"elementor-heading-title elementor-size-default\">5. Una herramienta flexible para proyectos din\u00e1micos<\/h2>\t\t\t\t<\/div>\n\t\t\t\t\t<\/div>\n\t\t\t\t<\/div>\n\t\t<div class=\"elementor-element elementor-element-331b410 e-flex e-con-boxed e-con e-parent\" data-id=\"331b410\" data-element_type=\"container\">\n\t\t\t\t\t<div class=\"e-con-inner\">\n\t\t\t\t<div class=\"elementor-element elementor-element-5e0bbf16 elementor-widget elementor-widget-text-editor\" data-id=\"5e0bbf16\" data-element_type=\"widget\" data-widget_type=\"text-editor.default\">\n\t\t\t\t\t\t\t\t\t<p>Elaborar una <strong data-start=\"2853\" data-end=\"2874\">roadmap operativa<\/strong> significa estructurar los esfuerzos para avanzar con claridad, sin perder de vista los objetivos. Esta herramienta acompa\u00f1a cada fase del proyecto, manteni\u00e9ndose \u00e1gil, adaptable y enfocada en la acci\u00f3n.<\/p>\t\t\t\t\t\t\t\t<\/div>\n\t\t\t\t<div class=\"elementor-element elementor-element-56707c6 elementor-widget elementor-widget-heading\" data-id=\"56707c6\" data-element_type=\"widget\" data-widget_type=\"heading.default\">\n\t\t\t\t\t<h3 class=\"elementor-heading-title elementor-size-default\">Integraci\u00f3n de herramientas digitales<\/h3>\t\t\t\t<\/div>\n\t\t\t\t<div class=\"elementor-element elementor-element-382afe1 elementor-widget elementor-widget-text-editor\" data-id=\"382afe1\" data-element_type=\"widget\" data-widget_type=\"text-editor.default\">\n\t\t\t\t\t\t\t\t\t<p data-start=\"3130\" data-end=\"3237\">Para una gesti\u00f3n optimizada de sus <strong data-start=\"3165\" data-end=\"3177\">roadmaps<\/strong>, integramos soluciones digitales avanzadas que facilitan:<\/p><ul data-start=\"3239\" data-end=\"3620\"><li data-start=\"3239\" data-end=\"3347\"><strong data-start=\"3241\" data-end=\"3272\">Seguimiento en tiempo real:<\/strong> Visualizaci\u00f3n del progreso de cada etapa mediante tableros interactivos.<\/li><li data-start=\"3348\" data-end=\"3455\"><strong data-start=\"3350\" data-end=\"3377\">Colaboraci\u00f3n eficiente:<\/strong> Plataformas colaborativas que alinean equipos, incluso en entornos remotos.<\/li><li data-start=\"3456\" data-end=\"3620\"><strong data-start=\"3458\" data-end=\"3489\">Automatizaci\u00f3n de procesos:<\/strong> Reducci\u00f3n de tareas repetitivas a trav\u00e9s de flujos de trabajo automatizados, permitiendo mayor enfoque en acciones estrat\u00e9gicas.<\/li><\/ul>\t\t\t\t\t\t\t\t<\/div>\n\t\t\t\t<div class=\"elementor-element elementor-element-d7e8dd2 elementor-widget elementor-widget-template\" data-id=\"d7e8dd2\" data-element_type=\"widget\" data-widget_type=\"template.default\">\n\t\t\t\t<div class=\"elementor-widget-container\">\n\t\t\t\t\t\t\t<div class=\"elementor-template\">\n\t\t\t\t\t<div data-elementor-type=\"container\" data-elementor-id=\"8031\" class=\"elementor elementor-8031 elementor-4711\" data-elementor-post-type=\"elementor_library\">\n\t\t\t\t<div class=\"elementor-element elementor-element-39bedd52 e-flex e-con-boxed e-con e-parent\" data-id=\"39bedd52\" data-element_type=\"container\" id=\"cta\">\n\t\t\t\t\t<div class=\"e-con-inner\">\n\t\t<div class=\"elementor-element elementor-element-2d1bb796 e-con-full e-flex e-con e-child\" data-id=\"2d1bb796\" data-element_type=\"container\">\n\t\t\t\t<div class=\"elementor-element elementor-element-57fd44d2 elementor-widget elementor-widget-heading\" data-id=\"57fd44d2\" data-element_type=\"widget\" data-widget_type=\"heading.default\">\n\t\t\t\t\t<h2 class=\"elementor-heading-title elementor-size-default\">\u00bfListo para pasar a la acci\u00f3n?<\/h2>\t\t\t\t<\/div>\n\t\t\t\t<div class=\"elementor-element elementor-element-6444d11f elementor-widget elementor-widget-text-editor\" data-id=\"6444d11f\" data-element_type=\"widget\" data-widget_type=\"text-editor.default\">\n\t\t\t\t\t\t\t\t\t<p>\u00a0Para iniciar una conversaci\u00f3n, completa este formulario indicando cu\u00e1ndo deseas ser llamado.<\/p>\t\t\t\t\t\t\t\t<\/div>\n\t\t\t\t<div class=\"elementor-element elementor-element-e755ded elementor-widget elementor-widget-shortcode\" data-id=\"e755ded\" data-element_type=\"widget\" data-widget_type=\"shortcode.default\">\n\t\t\t\t\t\t\t<div class=\"elementor-shortcode\"><div class='fluentform ff-default fluentform_wrapper_1 ffs_default_wrap'><form data-form_id=\"1\" id=\"fluentform_1\" class=\"frm-fluent-form fluent_form_1 ff-el-form-top ff_form_instance_1_1 ff-form-loading ffs_default\" data-form_instance=\"ff_form_instance_1_1\" method=\"POST\" ><fieldset  style=\"border: none!important;margin: 0!important;padding: 0!important;background-color: transparent!important;box-shadow: none!important;outline: none!important; min-inline-size: 100%;\">\n                    <legend class=\"ff_screen_reader_title\" style=\"display: block; margin: 0!important;padding: 0!important;height: 0!important;text-indent: -999999px;width: 0!important;overflow:hidden;\">Universel Contact<\/legend><input type='hidden' name='__fluent_form_embded_post_id' value='7472' \/><input type=\"hidden\" id=\"_fluentform_1_fluentformnonce\" name=\"_fluentform_1_fluentformnonce\" value=\"80edcf4625\" \/><input type=\"hidden\" name=\"_wp_http_referer\" value=\"\/es\/wp-json\/wp\/v2\/pages\/7472\" \/><div data-type=\"name-element\" data-name=\"names\" class=\" ff-field_container ff-name-field-wrapper\" ><div class='ff-t-container'><div class='ff-t-cell '><div class='ff-el-group  ff-el-form-hide_label'><div class=\"ff-el-input--label ff-el-is-required asterisk-right\"><label for='ff_1_names_first_name_' id='label_ff_1_names_first_name_' >Pr\u00e9nom<\/label><\/div><div class='ff-el-input--content'><input type=\"text\" name=\"names[first_name]\" value=\"\" id=\"ff_1_names_first_name_\" class=\"ff-el-form-control\" placeholder=\"Pr\u00e9nom\" aria-invalid=\"false\" aria-required=true><\/div><\/div><\/div><div class='ff-t-cell '><div class='ff-el-group  ff-el-form-hide_label'><div class=\"ff-el-input--label ff-el-is-required asterisk-right\"><label for='ff_1_names_last_name_' id='label_ff_1_names_last_name_' >Nom<\/label><\/div><div class='ff-el-input--content'><input type=\"text\" name=\"names[last_name]\" value=\"\" id=\"ff_1_names_last_name_\" class=\"ff-el-form-control\" placeholder=\"Nom\" aria-invalid=\"false\" aria-required=true><\/div><\/div><\/div><\/div><\/div><div data-name=\"ff_cn_id_1\"  class='ff-t-container ff-column-container ff_columns_total_2 '><div class='ff-t-cell ff-t-column-1' style='flex-basis: 50%;'><div class='ff-el-group ff-el-form-hide_label'><div class=\"ff-el-input--label ff-el-is-required asterisk-right\"><label for='ff_1_email' id='label_ff_1_email' aria-label=\"Email\">Email<\/label><\/div><div class='ff-el-input--content'><input type=\"email\" name=\"email\" value=\"\" id=\"ff_1_email\" class=\"ff-el-form-control\" placeholder=\"Address Email\" data-name=\"email\"  aria-invalid=\"false\" aria-required=true><\/div><\/div><\/div><div class='ff-t-cell ff-t-column-2' style='flex-basis: 50%;'><\/div><\/div><div data-name=\"ff_cn_id_2\"  class='ff-t-container ff-column-container ff_columns_total_2 '><div class='ff-t-cell ff-t-column-1' style='flex-basis: 50%;'><div class='ff-el-group ff-el-form-hide_label'><div class=\"ff-el-input--label ff-el-is-required asterisk-right\"><label for='ff_1_input_text' id='label_ff_1_input_text' aria-label=\"Entreprise\">Entreprise<\/label><\/div><div class='ff-el-input--content'><input type=\"text\" name=\"input_text\" class=\"ff-el-form-control\" placeholder=\"Entreprise\" data-name=\"input_text\" id=\"ff_1_input_text\"  aria-invalid=\"false\" aria-required=true><\/div><\/div><\/div><div class='ff-t-cell ff-t-column-2' style='flex-basis: 50%;'><div class='ff-el-group ff-el-form-hide_label'><div class=\"ff-el-input--label ff-el-is-required asterisk-right\"><label for='ff_1_input_text_1' id='label_ff_1_input_text_1' aria-label=\"Responsabilit\u00e9\">Responsabilit\u00e9<\/label><\/div><div class='ff-el-input--content'><input type=\"text\" name=\"input_text_1\" class=\"ff-el-form-control\" placeholder=\"Responsabilit\u00e9\" data-name=\"input_text_1\" id=\"ff_1_input_text_1\"  aria-invalid=\"false\" aria-required=true><\/div><\/div><\/div><\/div><div class='ff-el-group ff-el-form-hide_label'><div class=\"ff-el-input--label asterisk-right\"><label for='ff_1_message' id='label_ff_1_message' aria-label=\"Votre message\">Votre message<\/label><\/div><div class='ff-el-input--content'><textarea aria-required=\"false\" aria-labelledby=\"label_ff_1_message\" name=\"message\" id=\"ff_1_message\" class=\"ff-el-form-control\" placeholder=\"\u00c0 quelle date et \u00e0 quel moment de la journ\u00e9e, souhaitez-vous \u00eatre appel\u00e9 ?\" rows=\"4\" cols=\"2\" data-name=\"message\" ><\/textarea><\/div><\/div><input type=\"hidden\" name=\"hidden\" value=\"Elaboraci\u00f3n de una Roadmap Operativa\" data-name=\"hidden\" ><div class='ff-el-group ff-text-left ff_submit_btn_wrapper'><button type=\"submit\" class=\"ff-btn ff-btn-submit ff-btn-md ff_btn_style wpf_has_custom_css\"  aria-label=\"Envoyer\">Envoyer<\/button><\/div><\/fieldset><\/form><div id='fluentform_1_errors' class='ff-errors-in-stack ff_form_instance_1_1 ff-form-loading_errors ff_form_instance_1_1_errors'><\/div><\/div>            <script type=\"text\/javascript\">\n                window.fluent_form_ff_form_instance_1_1 = {\"id\":\"1\",\"settings\":{\"layout\":{\"labelPlacement\":\"top\",\"helpMessagePlacement\":\"with_label\",\"errorMessagePlacement\":\"inline\",\"cssClassName\":\"\",\"asteriskPlacement\":\"asterisk-right\"},\"restrictions\":{\"denyEmptySubmission\":{\"enabled\":false}}},\"form_instance\":\"ff_form_instance_1_1\",\"form_id_selector\":\"fluentform_1\",\"rules\":{\"names[first_name]\":{\"required\":{\"value\":true,\"message\":\"Ce champ est requis\",\"global\":false,\"global_message\":\"Ce champ est obligatoire\"}},\"names[middle_name]\":{\"required\":{\"value\":false,\"message\":\"This field is required\",\"global\":false,\"global_message\":\"Ce champ est obligatoire\"}},\"names[last_name]\":{\"required\":{\"value\":true,\"message\":\"Ce champ est requis\",\"global\":false,\"global_message\":\"Ce champ est obligatoire\"}},\"email\":{\"required\":{\"value\":true,\"message\":\"Ce champ est requis\",\"global\":false,\"global_message\":\"Ce champ est obligatoire\"},\"email\":{\"value\":true,\"message\":\"This field must contain a valid email\",\"global\":false,\"global_message\":\"Ce champ doit contenir un e-mail valide\"}},\"phone\":{\"required\":{\"value\":true,\"global\":true,\"message\":\"Ce champ est obligatoire\",\"global_message\":\"Ce champ est obligatoire\"},\"valid_phone_number\":{\"value\":true,\"global\":true,\"message\":\"Phone number is not valid\",\"global_message\":\"Phone number is not valid\"}},\"input_text\":{\"required\":{\"value\":true,\"message\":\"Ce champ est obligatoire\",\"global_message\":\"Ce champ est obligatoire\",\"global\":true}},\"input_text_1\":{\"required\":{\"value\":true,\"message\":\"Ce champ est obligatoire\",\"global_message\":\"Ce champ est obligatoire\",\"global\":true}},\"message\":{\"required\":{\"value\":false,\"message\":\"This field is required\",\"global\":false,\"global_message\":\"Ce champ est obligatoire\"}}},\"debounce_time\":300};\n                            <\/script>\n            <\/div>\n\t\t\t\t\t\t<\/div>\n\t\t\t\t<\/div>\n\t\t\t\t\t<\/div>\n\t\t\t\t<\/div>\n\t\t\t\t<\/div>\n\t\t\t\t<\/div>\n\t\t\t\t\t\t<\/div>\n\t\t\t\t<\/div>\n\t\t\t\t\t<\/div>\n\t\t\t\t<\/div>\n\t\t\t\t<\/div>\n\t\t","protected":false},"excerpt":{"rendered":"Una roadmap operativa es mucho m\u00e1s que un simple plan de acci\u00f3n: es una herramienta de gesti\u00f3n que&hellip;","protected":false},"author":11,"featured_media":7474,"parent":0,"menu_order":0,"comment_status":"closed","ping_status":"closed","template":"elementor_theme","meta":{"inline_featured_image":false,"csco_page_header_type":"","csco_page_load_nextpost":"","csco_page_subscribe_form":"","csco_page_contact_form":"","footnotes":""},"class_list":{"0":"post-7472","1":"page","2":"type-page","3":"status-publish","4":"has-post-thumbnail","6":"cs-entry","7":"cs-video-wrap"},"_links":{"self":[{"href":"https:\/\/d10.ai\/es\/wp-json\/wp\/v2\/pages\/7472","targetHints":{"allow":["GET"]}}],"collection":[{"href":"https:\/\/d10.ai\/es\/wp-json\/wp\/v2\/pages"}],"about":[{"href":"https:\/\/d10.ai\/es\/wp-json\/wp\/v2\/types\/page"}],"author":[{"embeddable":true,"href":"https:\/\/d10.ai\/es\/wp-json\/wp\/v2\/users\/11"}],"replies":[{"embeddable":true,"href":"https:\/\/d10.ai\/es\/wp-json\/wp\/v2\/comments?post=7472"}],"version-history":[{"count":0,"href":"https:\/\/d10.ai\/es\/wp-json\/wp\/v2\/pages\/7472\/revisions"}],"wp:featuredmedia":[{"embeddable":true,"href":"https:\/\/d10.ai\/es\/wp-json\/wp\/v2\/media\/7474"}],"wp:attachment":[{"href":"https:\/\/d10.ai\/es\/wp-json\/wp\/v2\/media?parent=7472"}],"curies":[{"name":"wp","href":"https:\/\/api.w.org\/{rel}","templated":true}]}}