{"id":7467,"date":"2025-01-19T13:52:15","date_gmt":"2025-01-19T12:52:15","guid":{"rendered":"https:\/\/d10.ai\/mise-en-lumiere-des-quick-wins\/"},"modified":"2025-03-05T16:20:34","modified_gmt":"2025-03-05T15:20:34","slug":"mise-en-lumiere-des-quick-wins","status":"publish","type":"page","link":"https:\/\/d10.ai\/es\/mise-en-lumiere-des-quick-wins\/","title":{"rendered":"Identificaci\u00f3n de Quick Wins"},"content":{"rendered":"\t\t<div data-elementor-type=\"wp-page\" data-elementor-id=\"7467\" class=\"elementor elementor-7467 elementor-776\" data-elementor-post-type=\"page\">\n\t\t\t\t<div class=\"elementor-element elementor-element-3eada9fd e-flex e-con-boxed e-con e-parent\" data-id=\"3eada9fd\" data-element_type=\"container\">\n\t\t\t\t\t<div class=\"e-con-inner\">\n\t\t\t\t<div class=\"elementor-element elementor-element-6a69af47 elementor-widget elementor-widget-heading\" data-id=\"6a69af47\" data-element_type=\"widget\" data-widget_type=\"heading.default\">\n\t\t\t\t\t<h2 class=\"elementor-heading-title elementor-size-default\">Identificaci\u00f3n de Quick Wins<\/h2>\t\t\t\t<\/div>\n\t\t\t\t\t<\/div>\n\t\t\t\t<\/div>\n\t\t<div class=\"elementor-element elementor-element-7f3a8d2f e-flex e-con-boxed e-con e-parent\" data-id=\"7f3a8d2f\" data-element_type=\"container\">\n\t\t\t\t\t<div class=\"e-con-inner\">\n\t\t\t\t<div class=\"elementor-element elementor-element-43a7229 elementor-widget elementor-widget-text-editor\" data-id=\"43a7229\" data-element_type=\"widget\" data-widget_type=\"text-editor.default\">\n\t\t\t\t\t\t\t\t\t<p data-start=\"114\" data-end=\"422\">Un <strong data-start=\"117\" data-end=\"130\">Quick Win<\/strong> es una oportunidad concreta seleccionada por su capacidad de generar un impacto r\u00e1pido, espec\u00edfico y estrat\u00e9gico. Despu\u00e9s de haber cartografiado sus procesos e identificado sus palancas de competitividad, esta etapa consiste en transformar el an\u00e1lisis en acci\u00f3n, eligiendo iniciativas que:<\/p><ul data-start=\"424\" data-end=\"568\"><li data-start=\"424\" data-end=\"456\">Generen resultados medibles.<\/li><li data-start=\"457\" data-end=\"507\">Involucren a sus equipos en un objetivo claro.<\/li><li data-start=\"508\" data-end=\"568\">Sienten las bases para una transformaci\u00f3n m\u00e1s ambiciosa.<\/li><\/ul><p data-start=\"570\" data-end=\"721\">El <strong data-start=\"573\" data-end=\"586\">Quick Win<\/strong> es una acci\u00f3n estrat\u00e9gica inicial que valida y refuerza sus enfoques, al mismo tiempo que impulsa una din\u00e1mica positiva e inmediata.<\/p>\t\t\t\t\t\t\t\t<\/div>\n\t\t\t\t<div class=\"elementor-element elementor-element-0a56388 elementor-widget elementor-widget-image\" data-id=\"0a56388\" data-element_type=\"widget\" data-widget_type=\"image.default\">\n\t\t\t\t\t\t\t\t\t\t\t\t\t\t\t<img fetchpriority=\"high\" decoding=\"async\" width=\"2560\" height=\"1709\" src=\"https:\/\/d10.ai\/wp-content\/uploads\/2025\/01\/d10-mise-en-lumiere-quick-wins-scaled.jpg\" class=\"attachment-full size-full wp-image-7468\" alt=\"\" srcset=\"https:\/\/d10.ai\/wp-content\/uploads\/2025\/01\/d10-mise-en-lumiere-quick-wins-scaled.jpg 2560w, https:\/\/d10.ai\/wp-content\/uploads\/2025\/01\/d10-mise-en-lumiere-quick-wins-300x200.jpg 300w, https:\/\/d10.ai\/wp-content\/uploads\/2025\/01\/d10-mise-en-lumiere-quick-wins-1024x683.jpg 1024w, https:\/\/d10.ai\/wp-content\/uploads\/2025\/01\/d10-mise-en-lumiere-quick-wins-768x513.jpg 768w, https:\/\/d10.ai\/wp-content\/uploads\/2025\/01\/d10-mise-en-lumiere-quick-wins-1536x1025.jpg 1536w, https:\/\/d10.ai\/wp-content\/uploads\/2025\/01\/d10-mise-en-lumiere-quick-wins-2048x1367.jpg 2048w, https:\/\/d10.ai\/wp-content\/uploads\/2025\/01\/d10-mise-en-lumiere-quick-wins-40x27.jpg 40w, https:\/\/d10.ai\/wp-content\/uploads\/2025\/01\/d10-mise-en-lumiere-quick-wins-100x67.jpg 100w, https:\/\/d10.ai\/wp-content\/uploads\/2025\/01\/d10-mise-en-lumiere-quick-wins-200x133.jpg 200w, https:\/\/d10.ai\/wp-content\/uploads\/2025\/01\/d10-mise-en-lumiere-quick-wins-714x477.jpg 714w, https:\/\/d10.ai\/wp-content\/uploads\/2025\/01\/d10-mise-en-lumiere-quick-wins-1360x908.jpg 1360w\" sizes=\"(max-width: 2560px) 100vw, 2560px\" \/>\t\t\t\t\t\t\t\t\t\t\t\t\t\t\t<\/div>\n\t\t\t\t\t<\/div>\n\t\t\t\t<\/div>\n\t\t<div class=\"elementor-element elementor-element-497215ab e-flex e-con-boxed e-con e-parent\" data-id=\"497215ab\" data-element_type=\"container\">\n\t\t\t\t\t<div class=\"e-con-inner\">\n\t\t\t\t<div class=\"elementor-element elementor-element-3daa8348 elementor-widget elementor-widget-heading\" data-id=\"3daa8348\" data-element_type=\"widget\" data-widget_type=\"heading.default\">\n\t\t\t\t\t<h2 class=\"elementor-heading-title elementor-size-default\">Un mismo enfoque, m\u00faltiples perspectivas<\/h2>\t\t\t\t<\/div>\n\t\t\t\t\t<\/div>\n\t\t\t\t<\/div>\n\t\t<div class=\"elementor-element elementor-element-142a917e e-flex e-con-boxed e-con e-parent\" data-id=\"142a917e\" data-element_type=\"container\">\n\t\t\t\t\t<div class=\"e-con-inner\">\n\t\t\t\t<div class=\"elementor-element elementor-element-1173e11c elementor-widget elementor-widget-text-editor\" data-id=\"1173e11c\" data-element_type=\"widget\" data-widget_type=\"text-editor.default\">\n\t\t\t\t\t\t\t\t\t<p data-start=\"775\" data-end=\"953\">Cada <strong data-start=\"780\" data-end=\"793\">Quick Win<\/strong> no se define \u00fanicamente por su rapidez de ejecuci\u00f3n, sino por su capacidad para responder a un objetivo espec\u00edfico. Seg\u00fan sus prioridades, puede representar:<\/p><ul data-start=\"955\" data-end=\"1385\"><li data-start=\"955\" data-end=\"1050\"><strong data-start=\"957\" data-end=\"984\">Un beneficio econ\u00f3mico:<\/strong> una acci\u00f3n que libera recursos o genera ahorros cuantificables.<\/li><li data-start=\"1051\" data-end=\"1146\"><strong data-start=\"1053\" data-end=\"1075\">Un impulso humano:<\/strong> una iniciativa que fortalece la motivaci\u00f3n y la cohesi\u00f3n del equipo.<\/li><li data-start=\"1147\" data-end=\"1277\"><strong data-start=\"1149\" data-end=\"1177\">Una ventaja competitiva:<\/strong> una palanca que otorga una ventaja sobre la competencia o desbloquea una oportunidad estrat\u00e9gica.<\/li><li data-start=\"1278\" data-end=\"1385\"><strong data-start=\"1280\" data-end=\"1311\">Una optimizaci\u00f3n operativa:<\/strong> una mejora que agiliza un proceso o elimina fricciones en la ejecuci\u00f3n.<\/li><\/ul>\t\t\t\t\t\t\t\t<\/div>\n\t\t\t\t\t<\/div>\n\t\t\t\t<\/div>\n\t\t<div class=\"elementor-element elementor-element-515a3daf e-flex e-con-boxed e-con e-parent\" data-id=\"515a3daf\" data-element_type=\"container\">\n\t\t\t\t\t<div class=\"e-con-inner\">\n\t\t\t\t<div class=\"elementor-element elementor-element-14354901 elementor-widget elementor-widget-heading\" data-id=\"14354901\" data-element_type=\"widget\" data-widget_type=\"heading.default\">\n\t\t\t\t\t<h2 class=\"elementor-heading-title elementor-size-default\">\u00bfPor qu\u00e9 implementar un Quick Win?<\/h2>\t\t\t\t<\/div>\n\t\t\t\t\t<\/div>\n\t\t\t\t<\/div>\n\t\t<div class=\"elementor-element elementor-element-2243bf87 e-flex e-con-boxed e-con e-parent\" data-id=\"2243bf87\" data-element_type=\"container\">\n\t\t\t\t\t<div class=\"e-con-inner\">\n\t\t\t\t<div class=\"elementor-element elementor-element-3724af1d elementor-widget elementor-widget-text-editor\" data-id=\"3724af1d\" data-element_type=\"widget\" data-widget_type=\"text-editor.default\">\n\t\t\t\t\t\t\t\t\t<p data-start=\"1433\" data-end=\"1581\">Un <strong data-start=\"1436\" data-end=\"1449\">Quick Win<\/strong> nunca es un elemento aislado. Es un motor de cambio que conecta sus aspiraciones estrat\u00e9gicas con acciones concretas. Le permite:<\/p><ul data-start=\"1583\" data-end=\"1782\"><li data-start=\"1583\" data-end=\"1640\">Poner a prueba sus enfoques en un entorno controlado.<\/li><li data-start=\"1641\" data-end=\"1713\">Fortalecer la confianza del equipo demostrando resultados tangibles.<\/li><li data-start=\"1714\" data-end=\"1782\">Generar impulso para implementar transformaciones m\u00e1s profundas.<\/li><\/ul>\t\t\t\t\t\t\t\t<\/div>\n\t\t\t\t\t<\/div>\n\t\t\t\t<\/div>\n\t\t<div class=\"elementor-element elementor-element-45be23d8 e-flex e-con-boxed e-con e-parent\" data-id=\"45be23d8\" data-element_type=\"container\">\n\t\t\t\t\t<div class=\"e-con-inner\">\n\t\t\t\t<div class=\"elementor-element elementor-element-4ea73c12 elementor-widget elementor-widget-heading\" data-id=\"4ea73c12\" data-element_type=\"widget\" data-widget_type=\"heading.default\">\n\t\t\t\t\t<h2 class=\"elementor-heading-title elementor-size-default\">Impacto inmediato, efecto duradero<\/h2>\t\t\t\t<\/div>\n\t\t\t\t\t<\/div>\n\t\t\t\t<\/div>\n\t\t<div class=\"elementor-element elementor-element-6fba0e2c e-flex e-con-boxed e-con e-parent\" data-id=\"6fba0e2c\" data-element_type=\"container\">\n\t\t\t\t\t<div class=\"e-con-inner\">\n\t\t\t\t<div class=\"elementor-element elementor-element-5149f6de elementor-widget elementor-widget-text-editor\" data-id=\"5149f6de\" data-element_type=\"widget\" data-widget_type=\"text-editor.default\">\n\t\t\t\t\t\t\t\t\t<p>La identificaci\u00f3n y aplicaci\u00f3n de <strong data-start=\"1864\" data-end=\"1878\">Quick Wins<\/strong> es una etapa clave en la acci\u00f3n estrat\u00e9gica, dise\u00f1ada para convertir el an\u00e1lisis en resultados concretos. Cada <strong data-start=\"1990\" data-end=\"2003\">Quick Win<\/strong>, correctamente seleccionado, se convierte en una palanca que fortalece su organizaci\u00f3n en el presente y sienta las bases para su evoluci\u00f3n futura.<\/p>\t\t\t\t\t\t\t\t<\/div>\n\t\t\t\t<div class=\"elementor-element elementor-element-e9ec678 elementor-widget elementor-widget-template\" data-id=\"e9ec678\" data-element_type=\"widget\" data-widget_type=\"template.default\">\n\t\t\t\t<div class=\"elementor-widget-container\">\n\t\t\t\t\t\t\t<div class=\"elementor-template\">\n\t\t\t\t\t<div data-elementor-type=\"container\" data-elementor-id=\"8031\" class=\"elementor elementor-8031 elementor-4711\" data-elementor-post-type=\"elementor_library\">\n\t\t\t\t<div class=\"elementor-element elementor-element-39bedd52 e-flex e-con-boxed e-con e-parent\" data-id=\"39bedd52\" data-element_type=\"container\" id=\"cta\">\n\t\t\t\t\t<div class=\"e-con-inner\">\n\t\t<div class=\"elementor-element elementor-element-2d1bb796 e-con-full e-flex e-con e-child\" data-id=\"2d1bb796\" data-element_type=\"container\">\n\t\t\t\t<div class=\"elementor-element elementor-element-57fd44d2 elementor-widget elementor-widget-heading\" data-id=\"57fd44d2\" data-element_type=\"widget\" data-widget_type=\"heading.default\">\n\t\t\t\t\t<h2 class=\"elementor-heading-title elementor-size-default\">\u00bfListo para pasar a la acci\u00f3n?<\/h2>\t\t\t\t<\/div>\n\t\t\t\t<div class=\"elementor-element elementor-element-6444d11f elementor-widget elementor-widget-text-editor\" data-id=\"6444d11f\" data-element_type=\"widget\" data-widget_type=\"text-editor.default\">\n\t\t\t\t\t\t\t\t\t<p>\u00a0Para iniciar una conversaci\u00f3n, completa este formulario indicando cu\u00e1ndo deseas ser llamado.<\/p>\t\t\t\t\t\t\t\t<\/div>\n\t\t\t\t<div class=\"elementor-element elementor-element-e755ded elementor-widget elementor-widget-shortcode\" data-id=\"e755ded\" data-element_type=\"widget\" data-widget_type=\"shortcode.default\">\n\t\t\t\t\t\t\t<div class=\"elementor-shortcode\"><div class='fluentform ff-default fluentform_wrapper_1 ffs_default_wrap'><form data-form_id=\"1\" id=\"fluentform_1\" class=\"frm-fluent-form fluent_form_1 ff-el-form-top ff_form_instance_1_1 ff-form-loading ffs_default\" data-form_instance=\"ff_form_instance_1_1\" method=\"POST\" ><fieldset  style=\"border: none!important;margin: 0!important;padding: 0!important;background-color: transparent!important;box-shadow: none!important;outline: none!important; min-inline-size: 100%;\">\n                    <legend class=\"ff_screen_reader_title\" style=\"display: block; margin: 0!important;padding: 0!important;height: 0!important;text-indent: -999999px;width: 0!important;overflow:hidden;\">Universel Contact<\/legend><input type='hidden' name='__fluent_form_embded_post_id' value='7467' \/><input type=\"hidden\" id=\"_fluentform_1_fluentformnonce\" name=\"_fluentform_1_fluentformnonce\" value=\"80edcf4625\" \/><input type=\"hidden\" name=\"_wp_http_referer\" value=\"\/es\/wp-json\/wp\/v2\/pages\/7467\" \/><div data-type=\"name-element\" data-name=\"names\" class=\" ff-field_container ff-name-field-wrapper\" ><div class='ff-t-container'><div class='ff-t-cell '><div class='ff-el-group  ff-el-form-hide_label'><div class=\"ff-el-input--label ff-el-is-required asterisk-right\"><label for='ff_1_names_first_name_' id='label_ff_1_names_first_name_' >Pr\u00e9nom<\/label><\/div><div class='ff-el-input--content'><input type=\"text\" name=\"names[first_name]\" value=\"\" id=\"ff_1_names_first_name_\" class=\"ff-el-form-control\" placeholder=\"Pr\u00e9nom\" aria-invalid=\"false\" aria-required=true><\/div><\/div><\/div><div class='ff-t-cell '><div class='ff-el-group  ff-el-form-hide_label'><div class=\"ff-el-input--label ff-el-is-required asterisk-right\"><label for='ff_1_names_last_name_' id='label_ff_1_names_last_name_' >Nom<\/label><\/div><div class='ff-el-input--content'><input type=\"text\" name=\"names[last_name]\" value=\"\" id=\"ff_1_names_last_name_\" class=\"ff-el-form-control\" placeholder=\"Nom\" aria-invalid=\"false\" aria-required=true><\/div><\/div><\/div><\/div><\/div><div data-name=\"ff_cn_id_1\"  class='ff-t-container ff-column-container ff_columns_total_2 '><div class='ff-t-cell ff-t-column-1' style='flex-basis: 50%;'><div class='ff-el-group ff-el-form-hide_label'><div class=\"ff-el-input--label ff-el-is-required asterisk-right\"><label for='ff_1_email' id='label_ff_1_email' aria-label=\"Email\">Email<\/label><\/div><div class='ff-el-input--content'><input type=\"email\" name=\"email\" value=\"\" id=\"ff_1_email\" class=\"ff-el-form-control\" placeholder=\"Address Email\" data-name=\"email\"  aria-invalid=\"false\" aria-required=true><\/div><\/div><\/div><div class='ff-t-cell ff-t-column-2' style='flex-basis: 50%;'><\/div><\/div><div data-name=\"ff_cn_id_2\"  class='ff-t-container ff-column-container ff_columns_total_2 '><div class='ff-t-cell ff-t-column-1' style='flex-basis: 50%;'><div class='ff-el-group ff-el-form-hide_label'><div class=\"ff-el-input--label ff-el-is-required asterisk-right\"><label for='ff_1_input_text' id='label_ff_1_input_text' aria-label=\"Entreprise\">Entreprise<\/label><\/div><div class='ff-el-input--content'><input type=\"text\" name=\"input_text\" class=\"ff-el-form-control\" placeholder=\"Entreprise\" data-name=\"input_text\" id=\"ff_1_input_text\"  aria-invalid=\"false\" aria-required=true><\/div><\/div><\/div><div class='ff-t-cell ff-t-column-2' style='flex-basis: 50%;'><div class='ff-el-group ff-el-form-hide_label'><div class=\"ff-el-input--label ff-el-is-required asterisk-right\"><label for='ff_1_input_text_1' id='label_ff_1_input_text_1' aria-label=\"Responsabilit\u00e9\">Responsabilit\u00e9<\/label><\/div><div class='ff-el-input--content'><input type=\"text\" name=\"input_text_1\" class=\"ff-el-form-control\" placeholder=\"Responsabilit\u00e9\" data-name=\"input_text_1\" id=\"ff_1_input_text_1\"  aria-invalid=\"false\" aria-required=true><\/div><\/div><\/div><\/div><div class='ff-el-group ff-el-form-hide_label'><div class=\"ff-el-input--label asterisk-right\"><label for='ff_1_message' id='label_ff_1_message' aria-label=\"Votre message\">Votre message<\/label><\/div><div class='ff-el-input--content'><textarea aria-required=\"false\" aria-labelledby=\"label_ff_1_message\" name=\"message\" id=\"ff_1_message\" class=\"ff-el-form-control\" placeholder=\"\u00c0 quelle date et \u00e0 quel moment de la journ\u00e9e, souhaitez-vous \u00eatre appel\u00e9 ?\" rows=\"4\" cols=\"2\" data-name=\"message\" ><\/textarea><\/div><\/div><input type=\"hidden\" name=\"hidden\" value=\"Identificaci\u00f3n de Quick Wins\" data-name=\"hidden\" ><div class='ff-el-group ff-text-left ff_submit_btn_wrapper'><button type=\"submit\" class=\"ff-btn ff-btn-submit ff-btn-md ff_btn_style wpf_has_custom_css\"  aria-label=\"Envoyer\">Envoyer<\/button><\/div><\/fieldset><\/form><div id='fluentform_1_errors' class='ff-errors-in-stack ff_form_instance_1_1 ff-form-loading_errors ff_form_instance_1_1_errors'><\/div><\/div>            <script type=\"text\/javascript\">\n                window.fluent_form_ff_form_instance_1_1 = {\"id\":\"1\",\"settings\":{\"layout\":{\"labelPlacement\":\"top\",\"helpMessagePlacement\":\"with_label\",\"errorMessagePlacement\":\"inline\",\"cssClassName\":\"\",\"asteriskPlacement\":\"asterisk-right\"},\"restrictions\":{\"denyEmptySubmission\":{\"enabled\":false}}},\"form_instance\":\"ff_form_instance_1_1\",\"form_id_selector\":\"fluentform_1\",\"rules\":{\"names[first_name]\":{\"required\":{\"value\":true,\"message\":\"Ce champ est requis\",\"global\":false,\"global_message\":\"Ce champ est obligatoire\"}},\"names[middle_name]\":{\"required\":{\"value\":false,\"message\":\"This field is required\",\"global\":false,\"global_message\":\"Ce champ est obligatoire\"}},\"names[last_name]\":{\"required\":{\"value\":true,\"message\":\"Ce champ est requis\",\"global\":false,\"global_message\":\"Ce champ est obligatoire\"}},\"email\":{\"required\":{\"value\":true,\"message\":\"Ce champ est requis\",\"global\":false,\"global_message\":\"Ce champ est obligatoire\"},\"email\":{\"value\":true,\"message\":\"This field must contain a valid email\",\"global\":false,\"global_message\":\"Ce champ doit contenir un e-mail valide\"}},\"phone\":{\"required\":{\"value\":true,\"global\":true,\"message\":\"Ce champ est obligatoire\",\"global_message\":\"Ce champ est obligatoire\"},\"valid_phone_number\":{\"value\":true,\"global\":true,\"message\":\"Phone number is not valid\",\"global_message\":\"Phone number is not valid\"}},\"input_text\":{\"required\":{\"value\":true,\"message\":\"Ce champ est obligatoire\",\"global_message\":\"Ce champ est obligatoire\",\"global\":true}},\"input_text_1\":{\"required\":{\"value\":true,\"message\":\"Ce champ est obligatoire\",\"global_message\":\"Ce champ est obligatoire\",\"global\":true}},\"message\":{\"required\":{\"value\":false,\"message\":\"This field is required\",\"global\":false,\"global_message\":\"Ce champ est obligatoire\"}}},\"debounce_time\":300};\n                            <\/script>\n            <\/div>\n\t\t\t\t\t\t<\/div>\n\t\t\t\t<\/div>\n\t\t\t\t\t<\/div>\n\t\t\t\t<\/div>\n\t\t\t\t<\/div>\n\t\t\t\t<\/div>\n\t\t\t\t\t\t<\/div>\n\t\t\t\t<\/div>\n\t\t\t\t\t<\/div>\n\t\t\t\t<\/div>\n\t\t\t\t<\/div>\n\t\t","protected":false},"excerpt":{"rendered":"Un Quick Win es una oportunidad concreta seleccionada por su capacidad de generar un impacto r\u00e1pido, espec\u00edfico y&hellip;","protected":false},"author":11,"featured_media":7468,"parent":0,"menu_order":0,"comment_status":"closed","ping_status":"closed","template":"elementor_theme","meta":{"inline_featured_image":false,"csco_page_header_type":"","csco_page_load_nextpost":"","csco_page_subscribe_form":"","csco_page_contact_form":"","footnotes":""},"class_list":{"0":"post-7467","1":"page","2":"type-page","3":"status-publish","4":"has-post-thumbnail","6":"cs-entry","7":"cs-video-wrap"},"_links":{"self":[{"href":"https:\/\/d10.ai\/es\/wp-json\/wp\/v2\/pages\/7467","targetHints":{"allow":["GET"]}}],"collection":[{"href":"https:\/\/d10.ai\/es\/wp-json\/wp\/v2\/pages"}],"about":[{"href":"https:\/\/d10.ai\/es\/wp-json\/wp\/v2\/types\/page"}],"author":[{"embeddable":true,"href":"https:\/\/d10.ai\/es\/wp-json\/wp\/v2\/users\/11"}],"replies":[{"embeddable":true,"href":"https:\/\/d10.ai\/es\/wp-json\/wp\/v2\/comments?post=7467"}],"version-history":[{"count":0,"href":"https:\/\/d10.ai\/es\/wp-json\/wp\/v2\/pages\/7467\/revisions"}],"wp:featuredmedia":[{"embeddable":true,"href":"https:\/\/d10.ai\/es\/wp-json\/wp\/v2\/media\/7468"}],"wp:attachment":[{"href":"https:\/\/d10.ai\/es\/wp-json\/wp\/v2\/media?parent=7467"}],"curies":[{"name":"wp","href":"https:\/\/api.w.org\/{rel}","templated":true}]}}