{"id":7460,"date":"2025-01-19T13:52:00","date_gmt":"2025-01-19T12:52:00","guid":{"rendered":"https:\/\/d10.ai\/identification-de-vos-leviers-de-competitivite\/"},"modified":"2025-03-05T16:17:34","modified_gmt":"2025-03-05T15:17:34","slug":"identification-de-vos-leviers-de-competitivite","status":"publish","type":"page","link":"https:\/\/d10.ai\/es\/identification-de-vos-leviers-de-competitivite\/","title":{"rendered":"Identificar sus palancas de competitividad"},"content":{"rendered":"\t\t<div data-elementor-type=\"wp-page\" data-elementor-id=\"7460\" class=\"elementor elementor-7460 elementor-774\" data-elementor-post-type=\"page\">\n\t\t\t\t<div class=\"elementor-element elementor-element-bf7cecf e-flex e-con-boxed e-con e-parent\" data-id=\"bf7cecf\" data-element_type=\"container\">\n\t\t\t\t\t<div class=\"e-con-inner\">\n\t\t\t\t<div class=\"elementor-element elementor-element-96c68cb elementor-widget elementor-widget-heading\" data-id=\"96c68cb\" data-element_type=\"widget\" data-widget_type=\"heading.default\">\n\t\t\t\t\t<h1 class=\"elementor-heading-title elementor-size-default\">Identificar sus palancas de competitividad<\/h1>\t\t\t\t<\/div>\n\t\t\t\t\t<\/div>\n\t\t\t\t<\/div>\n\t\t<div class=\"elementor-element elementor-element-34c12d99 e-flex e-con-boxed e-con e-parent\" data-id=\"34c12d99\" data-element_type=\"container\">\n\t\t\t\t\t<div class=\"e-con-inner\">\n\t\t\t\t<div class=\"elementor-element elementor-element-2fd81216 elementor-widget elementor-widget-text-editor\" data-id=\"2fd81216\" data-element_type=\"widget\" data-widget_type=\"text-editor.default\">\n\t\t\t\t\t\t\t\t\t<p>Una empresa no opera en un vac\u00edo. Sus fortalezas, \u00e9xitos y m\u00e9todos solo son estrat\u00e9gicos si se contextualizan dentro de un mercado espec\u00edfico, respondiendo a expectativas y din\u00e1micas competitivas. Identificar sus palancas de competitividad va m\u00e1s all\u00e1 de una simple introspecci\u00f3n: implica articular sus capacidades internas con su impacto real en el mercado y su potencial para diferenciarse en un entorno en constante cambio.<\/p>\t\t\t\t\t\t\t\t<\/div>\n\t\t\t\t<div class=\"elementor-element elementor-element-9e90665 elementor-widget elementor-widget-theme-post-featured-image elementor-widget-image\" data-id=\"9e90665\" data-element_type=\"widget\" data-widget_type=\"theme-post-featured-image.default\">\n\t\t\t\t\t\t\t\t\t\t\t\t\t\t\t<img fetchpriority=\"high\" decoding=\"async\" width=\"1200\" height=\"600\" src=\"https:\/\/d10.ai\/wp-content\/uploads\/2025\/02\/d10-leviers-de-competitivite.jpg\" class=\"attachment-full size-full wp-image-7462\" alt=\"\" srcset=\"https:\/\/d10.ai\/wp-content\/uploads\/2025\/02\/d10-leviers-de-competitivite.jpg 1200w, https:\/\/d10.ai\/wp-content\/uploads\/2025\/02\/d10-leviers-de-competitivite-300x150.jpg 300w, https:\/\/d10.ai\/wp-content\/uploads\/2025\/02\/d10-leviers-de-competitivite-1024x512.jpg 1024w, https:\/\/d10.ai\/wp-content\/uploads\/2025\/02\/d10-leviers-de-competitivite-768x384.jpg 768w, https:\/\/d10.ai\/wp-content\/uploads\/2025\/02\/d10-leviers-de-competitivite-40x20.jpg 40w, https:\/\/d10.ai\/wp-content\/uploads\/2025\/02\/d10-leviers-de-competitivite-100x50.jpg 100w, https:\/\/d10.ai\/wp-content\/uploads\/2025\/02\/d10-leviers-de-competitivite-200x100.jpg 200w, https:\/\/d10.ai\/wp-content\/uploads\/2025\/02\/d10-leviers-de-competitivite-714x357.jpg 714w\" sizes=\"(max-width: 1200px) 100vw, 1200px\" \/>\t\t\t\t\t\t\t\t\t\t\t\t\t\t\t<\/div>\n\t\t\t\t\t<\/div>\n\t\t\t\t<\/div>\n\t\t<div class=\"elementor-element elementor-element-1e063a68 e-flex e-con-boxed e-con e-parent\" data-id=\"1e063a68\" data-element_type=\"container\">\n\t\t\t\t\t<div class=\"e-con-inner\">\n\t\t\t\t<div class=\"elementor-element elementor-element-2e316d87 elementor-widget elementor-widget-heading\" data-id=\"2e316d87\" data-element_type=\"widget\" data-widget_type=\"heading.default\">\n\t\t\t\t\t<h2 class=\"elementor-heading-title elementor-size-default\">1. Una palanca competitiva es m\u00e1s que una fortaleza<\/h2>\t\t\t\t<\/div>\n\t\t\t\t\t<\/div>\n\t\t\t\t<\/div>\n\t\t<div class=\"elementor-element elementor-element-4ac5f535 e-flex e-con-boxed e-con e-parent\" data-id=\"4ac5f535\" data-element_type=\"container\">\n\t\t\t\t\t<div class=\"e-con-inner\">\n\t\t\t\t<div class=\"elementor-element elementor-element-529d5b94 elementor-widget elementor-widget-text-editor\" data-id=\"529d5b94\" data-element_type=\"widget\" data-widget_type=\"text-editor.default\">\n\t\t\t\t\t\t\t\t\t<p data-start=\"609\" data-end=\"648\">Analicemos sus ventajas competitivas:<\/p><ul data-start=\"650\" data-end=\"845\"><li data-start=\"650\" data-end=\"727\">\u00bfEst\u00e1n alineadas con las expectativas actuales y futuras de sus clientes?<\/li><li data-start=\"728\" data-end=\"795\">\u00bfLe permiten responder m\u00e1s r\u00e1pido o mejor que sus competidores?<\/li><li data-start=\"796\" data-end=\"845\">\u00bfSon dif\u00edciles de imitar dentro de su sector?<\/li><\/ul><p data-start=\"847\" data-end=\"1042\">Una palanca competitiva es la capacidad de generar valor dentro de un contexto determinado. No puede disociarse de su entorno, ya que su verdadero significado radica en la relaci\u00f3n entre ambos.<\/p>\t\t\t\t\t\t\t\t<\/div>\n\t\t\t\t\t<\/div>\n\t\t\t\t<\/div>\n\t\t<div class=\"elementor-element elementor-element-3a8399a0 e-flex e-con-boxed e-con e-parent\" data-id=\"3a8399a0\" data-element_type=\"container\">\n\t\t\t\t\t<div class=\"e-con-inner\">\n\t\t\t\t<div class=\"elementor-element elementor-element-72dac3bf elementor-widget elementor-widget-heading\" data-id=\"72dac3bf\" data-element_type=\"widget\" data-widget_type=\"heading.default\">\n\t\t\t\t\t<h2 class=\"elementor-heading-title elementor-size-default\">2. Analizar sus fortalezas desde la perspectiva del mercado<\/h2>\t\t\t\t<\/div>\n\t\t\t\t\t<\/div>\n\t\t\t\t<\/div>\n\t\t<div class=\"elementor-element elementor-element-272ed2bd e-flex e-con-boxed e-con e-parent\" data-id=\"272ed2bd\" data-element_type=\"container\">\n\t\t\t\t\t<div class=\"e-con-inner\">\n\t\t\t\t<div class=\"elementor-element elementor-element-6381bf1c elementor-widget elementor-widget-text-editor\" data-id=\"6381bf1c\" data-element_type=\"widget\" data-widget_type=\"text-editor.default\">\n\t\t\t\t\t\t\t\t\t<p data-start=\"1115\" data-end=\"1281\">Para identificar sus palancas de competitividad, aplicamos un enfoque pragm\u00e1tico y contextual. No se trata solo de reconocer sus puntos fuertes, sino de comprender:<\/p><ul data-start=\"1283\" data-end=\"1555\"><li data-start=\"1283\" data-end=\"1361\">C\u00f3mo sus fortalezas responden a las necesidades espec\u00edficas de su mercado.<\/li><li data-start=\"1362\" data-end=\"1449\">Qu\u00e9 cambios en su entorno pueden potenciar o, por el contrario, reducir su impacto.<\/li><li data-start=\"1450\" data-end=\"1555\">Bajo qu\u00e9 condiciones sus ventajas actuales pueden convertirse en beneficios estrat\u00e9gicos sostenibles.<\/li><\/ul><p data-start=\"1557\" data-end=\"1710\">Este an\u00e1lisis no solo destaca lo que lo diferencia hoy, sino tambi\u00e9n lo que puede fortalecerse o reorientarse para mantener su relevancia en el futuro.<\/p>\t\t\t\t\t\t\t\t<\/div>\n\t\t\t\t\t<\/div>\n\t\t\t\t<\/div>\n\t\t<div class=\"elementor-element elementor-element-68245e1e e-flex e-con-boxed e-con e-parent\" data-id=\"68245e1e\" data-element_type=\"container\">\n\t\t\t\t\t<div class=\"e-con-inner\">\n\t\t\t\t<div class=\"elementor-element elementor-element-51296f87 elementor-widget elementor-widget-heading\" data-id=\"51296f87\" data-element_type=\"widget\" data-widget_type=\"heading.default\">\n\t\t\t\t\t<h2 class=\"elementor-heading-title elementor-size-default\">3. Evoluci\u00f3n: un desaf\u00edo y una oportunidad<\/h2>\t\t\t\t<\/div>\n\t\t\t\t\t<\/div>\n\t\t\t\t<\/div>\n\t\t<div class=\"elementor-element elementor-element-4dfbb0eb e-flex e-con-boxed e-con e-parent\" data-id=\"4dfbb0eb\" data-element_type=\"container\">\n\t\t\t\t\t<div class=\"e-con-inner\">\n\t\t\t\t<div class=\"elementor-element elementor-element-4ad80f0d elementor-widget elementor-widget-text-editor\" data-id=\"4ad80f0d\" data-element_type=\"widget\" data-widget_type=\"text-editor.default\">\n\t\t\t\t\t\t\t\t\t<p data-start=\"1766\" data-end=\"1980\">Su mercado cambia, sus competidores se adaptan, sus clientes evolucionan. Lo que hoy representa una ventaja competitiva podr\u00eda volverse obsoleto ma\u00f1ana. Identificar sus palancas de competitividad implica tambi\u00e9n:<\/p><ul data-start=\"1982\" data-end=\"2164\"><li data-start=\"1982\" data-end=\"2034\">Anticipar las tendencias y cambios en su sector.<\/li><li data-start=\"2035\" data-end=\"2086\">Ajustar sus fortalezas a nuevas circunstancias.<\/li><li data-start=\"2087\" data-end=\"2164\">Invertir en \u00e1reas con el mayor potencial de diferenciaci\u00f3n a largo plazo.<\/li><\/ul><p data-start=\"2166\" data-end=\"2288\">Proyectar sus fortalezas en funci\u00f3n del futuro del mercado transforma una simple ventaja en un activo estrat\u00e9gico clave.<\/p>\t\t\t\t\t\t\t\t<\/div>\n\t\t\t\t\t<\/div>\n\t\t\t\t<\/div>\n\t\t<div class=\"elementor-element elementor-element-50352c02 e-flex e-con-boxed e-con e-parent\" data-id=\"50352c02\" data-element_type=\"container\">\n\t\t\t\t\t<div class=\"e-con-inner\">\n\t\t\t\t<div class=\"elementor-element elementor-element-65732c75 elementor-widget elementor-widget-heading\" data-id=\"65732c75\" data-element_type=\"widget\" data-widget_type=\"heading.default\">\n\t\t\t\t\t<h2 class=\"elementor-heading-title elementor-size-default\">4. Preguntas clave para evaluar su competitividad<\/h2>\t\t\t\t<\/div>\n\t\t\t\t\t<\/div>\n\t\t\t\t<\/div>\n\t\t<div class=\"elementor-element elementor-element-564129ea e-flex e-con-boxed e-con e-parent\" data-id=\"564129ea\" data-element_type=\"container\">\n\t\t\t\t\t<div class=\"e-con-inner\">\n\t\t\t\t<div class=\"elementor-element elementor-element-68f92610 elementor-widget elementor-widget-text-editor\" data-id=\"68f92610\" data-element_type=\"widget\" data-widget_type=\"text-editor.default\">\n\t\t\t\t\t\t\t\t\t<p data-start=\"2351\" data-end=\"2458\">Para comprender mejor sus palancas de competitividad, es fundamental plantearse las siguientes preguntas:<\/p><ul data-start=\"2460\" data-end=\"2702\"><li data-start=\"2460\" data-end=\"2538\">\u00bfSus ventajas actuales responden a las prioridades reales de sus clientes?<\/li><li data-start=\"2539\" data-end=\"2608\">\u00bfC\u00f3mo se posicionan sus fortalezas ante la evoluci\u00f3n del mercado?<\/li><li data-start=\"2609\" data-end=\"2702\">\u00bfQu\u00e9 cambios en su entorno podr\u00edan potenciar a\u00fan m\u00e1s algunos de sus activos estrat\u00e9gicos?<\/li><\/ul>\t\t\t\t\t\t\t\t<\/div>\n\t\t\t\t<div class=\"elementor-element elementor-element-fc97e7f elementor-widget elementor-widget-heading\" data-id=\"fc97e7f\" data-element_type=\"widget\" data-widget_type=\"heading.default\">\n\t\t\t\t\t<h2 class=\"elementor-heading-title elementor-size-default\">5. Ejemplos concretos de palancas de competitividad<\/h2>\t\t\t\t<\/div>\n\t\t\t\t<div class=\"elementor-element elementor-element-5668fbc elementor-widget elementor-widget-text-editor\" data-id=\"5668fbc\" data-element_type=\"widget\" data-widget_type=\"text-editor.default\">\n\t\t\t\t\t\t\t\t\t<p data-start=\"2767\" data-end=\"2903\">Para ilustrar la importancia de este enfoque, aqu\u00ed algunos ejemplos de palancas de competitividad identificadas por nuestros clientes:<\/p><ul data-start=\"2905\" data-end=\"3539\"><li data-start=\"2905\" data-end=\"3083\"><strong data-start=\"2907\" data-end=\"2934\">Innovaci\u00f3n tecnol\u00f3gica:<\/strong> Una empresa desarroll\u00f3 una soluci\u00f3n \u00fanica para atender una necesidad insatisfecha en su mercado, logrando incrementar su participaci\u00f3n en un 25 %.<\/li><li data-start=\"3084\" data-end=\"3224\"><strong data-start=\"3086\" data-end=\"3114\">Experiencia del cliente:<\/strong> Un negocio implement\u00f3 un programa de fidelizaci\u00f3n personalizado, reduciendo su tasa de abandono en un 30 %.<\/li><li data-start=\"3225\" data-end=\"3342\"><strong data-start=\"3227\" data-end=\"3250\">Agilidad operativa:<\/strong> Una pyme optimiz\u00f3 sus procesos internos, reduciendo sus tiempos de producci\u00f3n en un 20 %.<\/li><li data-start=\"3343\" data-end=\"3539\"><strong data-start=\"3345\" data-end=\"3392\">Integraci\u00f3n de aplicaciones especializadas:<\/strong> Al conectar herramientas dedicadas a la gesti\u00f3n de datos y la automatizaci\u00f3n de procesos, una empresa mejor\u00f3 su eficiencia operativa en un 15 %.<\/li><\/ul><p data-start=\"3541\" data-end=\"3675\">Descubra c\u00f3mo la integraci\u00f3n de aplicaciones especializadas puede fortalecer sus ventajas competitivas en nuestro art\u00edculo dedicado.<\/p>\t\t\t\t\t\t\t\t<\/div>\n\t\t\t\t<div class=\"elementor-element elementor-element-a9ee27d elementor-widget elementor-widget-template\" data-id=\"a9ee27d\" data-element_type=\"widget\" data-widget_type=\"template.default\">\n\t\t\t\t<div class=\"elementor-widget-container\">\n\t\t\t\t\t\t\t<div class=\"elementor-template\">\n\t\t\t\t\t<div data-elementor-type=\"container\" data-elementor-id=\"8031\" class=\"elementor elementor-8031 elementor-4711\" data-elementor-post-type=\"elementor_library\">\n\t\t\t\t<div class=\"elementor-element elementor-element-39bedd52 e-flex e-con-boxed e-con e-parent\" data-id=\"39bedd52\" data-element_type=\"container\" id=\"cta\">\n\t\t\t\t\t<div class=\"e-con-inner\">\n\t\t<div class=\"elementor-element elementor-element-2d1bb796 e-con-full e-flex e-con e-child\" data-id=\"2d1bb796\" data-element_type=\"container\">\n\t\t\t\t<div class=\"elementor-element elementor-element-57fd44d2 elementor-widget elementor-widget-heading\" data-id=\"57fd44d2\" data-element_type=\"widget\" data-widget_type=\"heading.default\">\n\t\t\t\t\t<h2 class=\"elementor-heading-title elementor-size-default\">\u00bfListo para pasar a la acci\u00f3n?<\/h2>\t\t\t\t<\/div>\n\t\t\t\t<div class=\"elementor-element elementor-element-6444d11f elementor-widget elementor-widget-text-editor\" data-id=\"6444d11f\" data-element_type=\"widget\" data-widget_type=\"text-editor.default\">\n\t\t\t\t\t\t\t\t\t<p>\u00a0Para iniciar una conversaci\u00f3n, completa este formulario indicando cu\u00e1ndo deseas ser llamado.<\/p>\t\t\t\t\t\t\t\t<\/div>\n\t\t\t\t<div class=\"elementor-element elementor-element-e755ded elementor-widget elementor-widget-shortcode\" data-id=\"e755ded\" data-element_type=\"widget\" data-widget_type=\"shortcode.default\">\n\t\t\t\t\t\t\t<div class=\"elementor-shortcode\"><div class='fluentform ff-default fluentform_wrapper_1 ffs_default_wrap'><form data-form_id=\"1\" id=\"fluentform_1\" class=\"frm-fluent-form fluent_form_1 ff-el-form-top ff_form_instance_1_1 ff-form-loading ffs_default\" data-form_instance=\"ff_form_instance_1_1\" method=\"POST\" ><fieldset  style=\"border: none!important;margin: 0!important;padding: 0!important;background-color: transparent!important;box-shadow: none!important;outline: none!important; min-inline-size: 100%;\">\n                    <legend class=\"ff_screen_reader_title\" style=\"display: block; margin: 0!important;padding: 0!important;height: 0!important;text-indent: -999999px;width: 0!important;overflow:hidden;\">Universel Contact<\/legend><input type='hidden' name='__fluent_form_embded_post_id' value='7460' \/><input type=\"hidden\" id=\"_fluentform_1_fluentformnonce\" name=\"_fluentform_1_fluentformnonce\" value=\"80edcf4625\" \/><input type=\"hidden\" name=\"_wp_http_referer\" value=\"\/es\/wp-json\/wp\/v2\/pages\/7460\" \/><div data-type=\"name-element\" data-name=\"names\" class=\" ff-field_container ff-name-field-wrapper\" ><div class='ff-t-container'><div class='ff-t-cell '><div class='ff-el-group  ff-el-form-hide_label'><div class=\"ff-el-input--label ff-el-is-required asterisk-right\"><label for='ff_1_names_first_name_' id='label_ff_1_names_first_name_' >Pr\u00e9nom<\/label><\/div><div class='ff-el-input--content'><input type=\"text\" name=\"names[first_name]\" value=\"\" id=\"ff_1_names_first_name_\" class=\"ff-el-form-control\" placeholder=\"Pr\u00e9nom\" aria-invalid=\"false\" aria-required=true><\/div><\/div><\/div><div class='ff-t-cell '><div class='ff-el-group  ff-el-form-hide_label'><div class=\"ff-el-input--label ff-el-is-required asterisk-right\"><label for='ff_1_names_last_name_' id='label_ff_1_names_last_name_' >Nom<\/label><\/div><div class='ff-el-input--content'><input type=\"text\" name=\"names[last_name]\" value=\"\" id=\"ff_1_names_last_name_\" class=\"ff-el-form-control\" placeholder=\"Nom\" aria-invalid=\"false\" aria-required=true><\/div><\/div><\/div><\/div><\/div><div data-name=\"ff_cn_id_1\"  class='ff-t-container ff-column-container ff_columns_total_2 '><div class='ff-t-cell ff-t-column-1' style='flex-basis: 50%;'><div class='ff-el-group ff-el-form-hide_label'><div class=\"ff-el-input--label ff-el-is-required asterisk-right\"><label for='ff_1_email' id='label_ff_1_email' aria-label=\"Email\">Email<\/label><\/div><div class='ff-el-input--content'><input type=\"email\" name=\"email\" value=\"\" id=\"ff_1_email\" class=\"ff-el-form-control\" placeholder=\"Address Email\" data-name=\"email\"  aria-invalid=\"false\" aria-required=true><\/div><\/div><\/div><div class='ff-t-cell ff-t-column-2' style='flex-basis: 50%;'><\/div><\/div><div data-name=\"ff_cn_id_2\"  class='ff-t-container ff-column-container ff_columns_total_2 '><div class='ff-t-cell ff-t-column-1' style='flex-basis: 50%;'><div class='ff-el-group ff-el-form-hide_label'><div class=\"ff-el-input--label ff-el-is-required asterisk-right\"><label for='ff_1_input_text' id='label_ff_1_input_text' aria-label=\"Entreprise\">Entreprise<\/label><\/div><div class='ff-el-input--content'><input type=\"text\" name=\"input_text\" class=\"ff-el-form-control\" placeholder=\"Entreprise\" data-name=\"input_text\" id=\"ff_1_input_text\"  aria-invalid=\"false\" aria-required=true><\/div><\/div><\/div><div class='ff-t-cell ff-t-column-2' style='flex-basis: 50%;'><div class='ff-el-group ff-el-form-hide_label'><div class=\"ff-el-input--label ff-el-is-required asterisk-right\"><label for='ff_1_input_text_1' id='label_ff_1_input_text_1' aria-label=\"Responsabilit\u00e9\">Responsabilit\u00e9<\/label><\/div><div class='ff-el-input--content'><input type=\"text\" name=\"input_text_1\" class=\"ff-el-form-control\" placeholder=\"Responsabilit\u00e9\" data-name=\"input_text_1\" id=\"ff_1_input_text_1\"  aria-invalid=\"false\" aria-required=true><\/div><\/div><\/div><\/div><div class='ff-el-group ff-el-form-hide_label'><div class=\"ff-el-input--label asterisk-right\"><label for='ff_1_message' id='label_ff_1_message' aria-label=\"Votre message\">Votre message<\/label><\/div><div class='ff-el-input--content'><textarea aria-required=\"false\" aria-labelledby=\"label_ff_1_message\" name=\"message\" id=\"ff_1_message\" class=\"ff-el-form-control\" placeholder=\"\u00c0 quelle date et \u00e0 quel moment de la journ\u00e9e, souhaitez-vous \u00eatre appel\u00e9 ?\" rows=\"4\" cols=\"2\" data-name=\"message\" ><\/textarea><\/div><\/div><input type=\"hidden\" name=\"hidden\" value=\"Identificar sus palancas de competitividad\" data-name=\"hidden\" ><div class='ff-el-group ff-text-left ff_submit_btn_wrapper'><button type=\"submit\" class=\"ff-btn ff-btn-submit ff-btn-md ff_btn_style wpf_has_custom_css\"  aria-label=\"Envoyer\">Envoyer<\/button><\/div><\/fieldset><\/form><div id='fluentform_1_errors' class='ff-errors-in-stack ff_form_instance_1_1 ff-form-loading_errors ff_form_instance_1_1_errors'><\/div><\/div>            <script type=\"text\/javascript\">\n                window.fluent_form_ff_form_instance_1_1 = {\"id\":\"1\",\"settings\":{\"layout\":{\"labelPlacement\":\"top\",\"helpMessagePlacement\":\"with_label\",\"errorMessagePlacement\":\"inline\",\"cssClassName\":\"\",\"asteriskPlacement\":\"asterisk-right\"},\"restrictions\":{\"denyEmptySubmission\":{\"enabled\":false}}},\"form_instance\":\"ff_form_instance_1_1\",\"form_id_selector\":\"fluentform_1\",\"rules\":{\"names[first_name]\":{\"required\":{\"value\":true,\"message\":\"Ce champ est requis\",\"global\":false,\"global_message\":\"Ce champ est obligatoire\"}},\"names[middle_name]\":{\"required\":{\"value\":false,\"message\":\"This field is required\",\"global\":false,\"global_message\":\"Ce champ est obligatoire\"}},\"names[last_name]\":{\"required\":{\"value\":true,\"message\":\"Ce champ est requis\",\"global\":false,\"global_message\":\"Ce champ est obligatoire\"}},\"email\":{\"required\":{\"value\":true,\"message\":\"Ce champ est requis\",\"global\":false,\"global_message\":\"Ce champ est obligatoire\"},\"email\":{\"value\":true,\"message\":\"This field must contain a valid email\",\"global\":false,\"global_message\":\"Ce champ doit contenir un e-mail valide\"}},\"phone\":{\"required\":{\"value\":true,\"global\":true,\"message\":\"Ce champ est obligatoire\",\"global_message\":\"Ce champ est obligatoire\"},\"valid_phone_number\":{\"value\":true,\"global\":true,\"message\":\"Phone number is not valid\",\"global_message\":\"Phone number is not valid\"}},\"input_text\":{\"required\":{\"value\":true,\"message\":\"Ce champ est obligatoire\",\"global_message\":\"Ce champ est obligatoire\",\"global\":true}},\"input_text_1\":{\"required\":{\"value\":true,\"message\":\"Ce champ est obligatoire\",\"global_message\":\"Ce champ est obligatoire\",\"global\":true}},\"message\":{\"required\":{\"value\":false,\"message\":\"This field is required\",\"global\":false,\"global_message\":\"Ce champ est obligatoire\"}}},\"debounce_time\":300};\n                            <\/script>\n            <\/div>\n\t\t\t\t\t\t<\/div>\n\t\t\t\t<\/div>\n\t\t\t\t\t<\/div>\n\t\t\t\t<\/div>\n\t\t\t\t<\/div>\n\t\t\t\t<\/div>\n\t\t\t\t\t\t<\/div>\n\t\t\t\t<\/div>\n\t\t\t\t\t<\/div>\n\t\t\t\t<\/div>\n\t\t\t\t<\/div>\n\t\t","protected":false},"excerpt":{"rendered":"Una empresa no opera en un vac\u00edo. Sus fortalezas, \u00e9xitos y m\u00e9todos solo son estrat\u00e9gicos si se contextualizan&hellip;","protected":false},"author":11,"featured_media":7462,"parent":0,"menu_order":0,"comment_status":"closed","ping_status":"closed","template":"elementor_theme","meta":{"inline_featured_image":false,"csco_page_header_type":"","csco_page_load_nextpost":"","csco_page_subscribe_form":"","csco_page_contact_form":"","footnotes":""},"class_list":{"0":"post-7460","1":"page","2":"type-page","3":"status-publish","4":"has-post-thumbnail","6":"cs-entry","7":"cs-video-wrap"},"_links":{"self":[{"href":"https:\/\/d10.ai\/es\/wp-json\/wp\/v2\/pages\/7460","targetHints":{"allow":["GET"]}}],"collection":[{"href":"https:\/\/d10.ai\/es\/wp-json\/wp\/v2\/pages"}],"about":[{"href":"https:\/\/d10.ai\/es\/wp-json\/wp\/v2\/types\/page"}],"author":[{"embeddable":true,"href":"https:\/\/d10.ai\/es\/wp-json\/wp\/v2\/users\/11"}],"replies":[{"embeddable":true,"href":"https:\/\/d10.ai\/es\/wp-json\/wp\/v2\/comments?post=7460"}],"version-history":[{"count":0,"href":"https:\/\/d10.ai\/es\/wp-json\/wp\/v2\/pages\/7460\/revisions"}],"wp:featuredmedia":[{"embeddable":true,"href":"https:\/\/d10.ai\/es\/wp-json\/wp\/v2\/media\/7462"}],"wp:attachment":[{"href":"https:\/\/d10.ai\/es\/wp-json\/wp\/v2\/media?parent=7460"}],"curies":[{"name":"wp","href":"https:\/\/api.w.org\/{rel}","templated":true}]}}