{"id":7456,"date":"2025-01-19T13:51:41","date_gmt":"2025-01-19T12:51:41","guid":{"rendered":"https:\/\/d10.ai\/cartographie-des-processus-entreprise\/"},"modified":"2025-03-05T15:40:35","modified_gmt":"2025-03-05T14:40:35","slug":"cartographie-des-processus-entreprise","status":"publish","type":"page","link":"https:\/\/d10.ai\/es\/cartographie-des-processus-entreprise\/","title":{"rendered":"Cartograf\u00eda de los procesos empresariales"},"content":{"rendered":"\t\t<div data-elementor-type=\"wp-page\" data-elementor-id=\"7456\" class=\"elementor elementor-7456 elementor-772\" data-elementor-post-type=\"page\">\n\t\t\t\t<div class=\"elementor-element elementor-element-9b6869f e-flex e-con-boxed e-con e-parent\" data-id=\"9b6869f\" data-element_type=\"container\">\n\t\t\t\t\t<div class=\"e-con-inner\">\n\t\t\t\t<div class=\"elementor-element elementor-element-51fdb96 elementor-widget elementor-widget-heading\" data-id=\"51fdb96\" data-element_type=\"widget\" data-widget_type=\"heading.default\">\n\t\t\t\t\t<h1 class=\"elementor-heading-title elementor-size-default\">Cartograf\u00eda de los procesos empresariales<\/h1>\t\t\t\t<\/div>\n\t\t\t\t\t<\/div>\n\t\t\t\t<\/div>\n\t\t<div class=\"elementor-element elementor-element-500578f e-flex e-con-boxed e-con e-parent\" data-id=\"500578f\" data-element_type=\"container\">\n\t\t\t\t\t<div class=\"e-con-inner\">\n\t\t\t\t<div class=\"elementor-element elementor-element-b9a0bc5 elementor-widget elementor-widget-text-editor\" data-id=\"b9a0bc5\" data-element_type=\"widget\" data-widget_type=\"text-editor.default\">\n\t\t\t\t\t\t\t\t\t<p data-start=\"115\" data-end=\"433\">La cartograf\u00eda de los procesos empresariales es una herramienta fundamental para visualizar las cadenas de acciones dentro de una organizaci\u00f3n e identificar oportunidades de mejora. Permite comprender con mayor precisi\u00f3n el funcionamiento de los procesos y optimizarlos para afrontar los desaf\u00edos actuales y futuros.<\/p><p data-start=\"435\" data-end=\"884\">Toda empresa opera a trav\u00e9s de cadenas de acciones que se han desarrollado con el tiempo. Algunas de ellas est\u00e1n estructuradas y son visibles, mientras que otras han sido incorporadas de manera natural en la rutina diaria. Estas pr\u00e1cticas, com\u00fanmente denominadas procesos, surgen como respuestas espont\u00e1neas a necesidades reales. Sin embargo, dentro de esta din\u00e1mica pueden existir obst\u00e1culos, duplicidades o potenciales mejoras a\u00fan no explotadas.<\/p>\t\t\t\t\t\t\t\t<\/div>\n\t\t\t\t<div class=\"elementor-element elementor-element-d37556c elementor-widget elementor-widget-image\" data-id=\"d37556c\" data-element_type=\"widget\" data-widget_type=\"image.default\">\n\t\t\t\t\t\t\t\t\t\t\t\t\t\t\t<img fetchpriority=\"high\" decoding=\"async\" width=\"1024\" height=\"512\" src=\"https:\/\/d10.ai\/wp-content\/uploads\/2025\/01\/d10-cartographie-processus-entreprise-1024x512.jpg\" class=\"attachment-large size-large wp-image-7444\" alt=\"\" srcset=\"https:\/\/d10.ai\/wp-content\/uploads\/2025\/01\/d10-cartographie-processus-entreprise-1024x512.jpg 1024w, https:\/\/d10.ai\/wp-content\/uploads\/2025\/01\/d10-cartographie-processus-entreprise-300x150.jpg 300w, https:\/\/d10.ai\/wp-content\/uploads\/2025\/01\/d10-cartographie-processus-entreprise-768x384.jpg 768w, https:\/\/d10.ai\/wp-content\/uploads\/2025\/01\/d10-cartographie-processus-entreprise-40x20.jpg 40w, https:\/\/d10.ai\/wp-content\/uploads\/2025\/01\/d10-cartographie-processus-entreprise-100x50.jpg 100w, https:\/\/d10.ai\/wp-content\/uploads\/2025\/01\/d10-cartographie-processus-entreprise-200x100.jpg 200w, https:\/\/d10.ai\/wp-content\/uploads\/2025\/01\/d10-cartographie-processus-entreprise-714x357.jpg 714w, https:\/\/d10.ai\/wp-content\/uploads\/2025\/01\/d10-cartographie-processus-entreprise.jpg 1200w\" sizes=\"(max-width: 1024px) 100vw, 1024px\" \/>\t\t\t\t\t\t\t\t\t\t\t\t\t\t\t<\/div>\n\t\t\t\t\t<\/div>\n\t\t\t\t<\/div>\n\t\t<div class=\"elementor-element elementor-element-c0479c2 e-flex e-con-boxed e-con e-parent\" data-id=\"c0479c2\" data-element_type=\"container\">\n\t\t\t\t\t<div class=\"e-con-inner\">\n\t\t\t\t<div class=\"elementor-element elementor-element-425b6a4 elementor-widget elementor-widget-heading\" data-id=\"425b6a4\" data-element_type=\"widget\" data-widget_type=\"heading.default\">\n\t\t\t\t\t<h2 class=\"elementor-heading-title elementor-size-default\">1. \u00bfPor qu\u00e9 cartografiar los procesos empresariales?<\/h2>\t\t\t\t<\/div>\n\t\t\t\t\t<\/div>\n\t\t\t\t<\/div>\n\t\t<div class=\"elementor-element elementor-element-1cb0a85 e-flex e-con-boxed e-con e-parent\" data-id=\"1cb0a85\" data-element_type=\"container\">\n\t\t\t\t\t<div class=\"e-con-inner\">\n\t\t\t\t<div class=\"elementor-element elementor-element-f517c7b elementor-widget elementor-widget-text-editor\" data-id=\"f517c7b\" data-element_type=\"widget\" data-widget_type=\"text-editor.default\">\n\t\t\t\t\t\t\t\t\t<p data-start=\"950\" data-end=\"1119\">Los procesos m\u00e1s eficaces suelen ser aquellos que se ejecutan de manera autom\u00e1tica, sin que se les preste demasiada atenci\u00f3n. No obstante, es fundamental cuestionarse:<\/p><ul data-start=\"1121\" data-end=\"1347\"><li data-start=\"1121\" data-end=\"1170\">\u00bfSiguen generando valor para la organizaci\u00f3n?<\/li><li data-start=\"1171\" data-end=\"1247\">\u00bfSiguen alineados con los objetivos estrat\u00e9gicos actuales de la empresa?<\/li><li data-start=\"1248\" data-end=\"1347\">\u00bfEs suficiente mejorarlos o, en algunos casos, es necesario redise\u00f1arlos o incluso eliminarlos?<\/li><\/ul><p data-start=\"1349\" data-end=\"1600\">La cartograf\u00eda de procesos permite visualizar estas cadenas de acciones e identificar los puntos de optimizaci\u00f3n. Es un paso clave para fortalecer la cadena de valor y asegurar que cada etapa aporte de manera efectiva a los resultados empresariales.<\/p>\t\t\t\t\t\t\t\t<\/div>\n\t\t\t\t\t<\/div>\n\t\t\t\t<\/div>\n\t\t<div class=\"elementor-element elementor-element-84dafec e-flex e-con-boxed e-con e-parent\" data-id=\"84dafec\" data-element_type=\"container\">\n\t\t\t\t\t<div class=\"e-con-inner\">\n\t\t\t\t<div class=\"elementor-element elementor-element-b49fe7c elementor-widget elementor-widget-heading\" data-id=\"b49fe7c\" data-element_type=\"widget\" data-widget_type=\"heading.default\">\n\t\t\t\t\t<h2 class=\"elementor-heading-title elementor-size-default\">2. Beneficios del an\u00e1lisis de procesos<\/h2>\t\t\t\t<\/div>\n\t\t\t\t\t<\/div>\n\t\t\t\t<\/div>\n\t\t<div class=\"elementor-element elementor-element-f1071bf e-flex e-con-boxed e-con e-parent\" data-id=\"f1071bf\" data-element_type=\"container\">\n\t\t\t\t\t<div class=\"e-con-inner\">\n\t\t\t\t<div class=\"elementor-element elementor-element-85de4f1 elementor-widget elementor-widget-text-editor\" data-id=\"85de4f1\" data-element_type=\"widget\" data-widget_type=\"text-editor.default\">\n\t\t\t\t\t\t\t\t\t<p data-start=\"1652\" data-end=\"1863\">El an\u00e1lisis de procesos va m\u00e1s all\u00e1 de describir \u00abqui\u00e9n hace qu\u00e9 y c\u00f3mo\u00bb. Su prop\u00f3sito es identificar d\u00f3nde se genera valor y d\u00f3nde se pierde. Esta metodolog\u00eda permite responder a cuestiones estrat\u00e9gicas como:<\/p><ul data-start=\"1865\" data-end=\"2107\"><li data-start=\"1865\" data-end=\"1941\">\u00bfCu\u00e1les son las etapas realmente esenciales para alcanzar los objetivos?<\/li><li data-start=\"1942\" data-end=\"2029\">\u00bfD\u00f3nde se encuentran los cuellos de botella, redundancias o esfuerzos innecesarios?<\/li><li data-start=\"2030\" data-end=\"2107\">\u00bfQu\u00e9 recursos pueden redistribuirse para aprovechar nuevas oportunidades?<\/li><\/ul><p data-start=\"2109\" data-end=\"2266\">No se trata de preservar el pasado, sino de construir el futuro, apoy\u00e1ndose en las bases s\u00f3lidas que han impulsado el \u00e9xito de la empresa hasta el momento.<\/p>\t\t\t\t\t\t\t\t<\/div>\n\t\t\t\t\t<\/div>\n\t\t\t\t<\/div>\n\t\t<div class=\"elementor-element elementor-element-200f08c e-flex e-con-boxed e-con e-parent\" data-id=\"200f08c\" data-element_type=\"container\">\n\t\t\t\t\t<div class=\"e-con-inner\">\n\t\t\t\t<div class=\"elementor-element elementor-element-b938dc1 elementor-widget elementor-widget-heading\" data-id=\"b938dc1\" data-element_type=\"widget\" data-widget_type=\"heading.default\">\n\t\t\t\t\t<h2 class=\"elementor-heading-title elementor-size-default\">3. Los procesos no son ni buenos ni malos<\/h2>\t\t\t\t<\/div>\n\t\t\t\t\t<\/div>\n\t\t\t\t<\/div>\n\t\t<div class=\"elementor-element elementor-element-5d532e7 e-flex e-con-boxed e-con e-parent\" data-id=\"5d532e7\" data-element_type=\"container\">\n\t\t\t\t\t<div class=\"e-con-inner\">\n\t\t\t\t<div class=\"elementor-element elementor-element-678bd41 elementor-widget elementor-widget-text-editor\" data-id=\"678bd41\" data-element_type=\"widget\" data-widget_type=\"text-editor.default\">\n\t\t\t\t\t\t\t\t\t<p data-start=\"2321\" data-end=\"2577\">Los procesos reflejan un contexto, una situaci\u00f3n y una cultura organizacional determinada. Han sido clave en los logros alcanzados, pero cada \u00e9xito debe ir acompa\u00f1ado de una pregunta: \u00bfsiguen siendo estos procesos adecuados para los objetivos del futuro?<\/p><p data-start=\"2579\" data-end=\"2626\">Revisar estas estructuras invisibles permite:<\/p><ul data-start=\"2628\" data-end=\"2806\"><li data-start=\"2628\" data-end=\"2668\">Potenciar lo que realmente funciona.<\/li><li data-start=\"2669\" data-end=\"2737\">Detectar oportunidades para simplificar, agilizar o transformar.<\/li><li data-start=\"2738\" data-end=\"2806\">Redefinir las pr\u00e1cticas bajo un enfoque de eficiencia y fluidez.<\/li><\/ul>\t\t\t\t\t\t\t\t<\/div>\n\t\t\t\t\t<\/div>\n\t\t\t\t<\/div>\n\t\t<div class=\"elementor-element elementor-element-888b3b0 e-flex e-con-boxed e-con e-parent\" data-id=\"888b3b0\" data-element_type=\"container\">\n\t\t\t\t\t<div class=\"e-con-inner\">\n\t\t\t\t<div class=\"elementor-element elementor-element-bc02e04 elementor-widget elementor-widget-heading\" data-id=\"bc02e04\" data-element_type=\"widget\" data-widget_type=\"heading.default\">\n\t\t\t\t\t<h2 class=\"elementor-heading-title elementor-size-default\">4. \u00bfPor qu\u00e9 la cartograf\u00eda de procesos es esencial?<\/h2>\t\t\t\t<\/div>\n\t\t\t\t\t<\/div>\n\t\t\t\t<\/div>\n\t\t<div class=\"elementor-element elementor-element-85b33f4 e-flex e-con-boxed e-con e-parent\" data-id=\"85b33f4\" data-element_type=\"container\">\n\t\t\t\t\t<div class=\"e-con-inner\">\n\t\t\t\t<div class=\"elementor-element elementor-element-96b5c3f elementor-widget elementor-widget-text-editor\" data-id=\"96b5c3f\" data-element_type=\"widget\" data-widget_type=\"text-editor.default\">\n\t\t\t\t\t\t\t\t\t<p data-start=\"2871\" data-end=\"3200\">En un entorno donde los avances tecnol\u00f3gicos, especialmente la inteligencia artificial, facilitan la automatizaci\u00f3n de m\u00faltiples tareas, puede ser tentador adoptar soluciones apresuradamente. Sin embargo, para que estas soluciones sean efectivas, es fundamental comprender en profundidad los procesos existentes y su prop\u00f3sito.<\/p><p data-start=\"3202\" data-end=\"3397\">Cartografiar los procesos significa establecer una base s\u00f3lida para evitar p\u00e9rdidas de tiempo y recursos, asegurando que cada mejora est\u00e9 alineada con las necesidades reales de la organizaci\u00f3n.<\/p>\t\t\t\t\t\t\t\t<\/div>\n\t\t\t\t\t<\/div>\n\t\t\t\t<\/div>\n\t\t<div class=\"elementor-element elementor-element-fbedb6b e-flex e-con-boxed e-con e-parent\" data-id=\"fbedb6b\" data-element_type=\"container\">\n\t\t\t\t\t<div class=\"e-con-inner\">\n\t\t\t\t<div class=\"elementor-element elementor-element-2e82a58 elementor-widget elementor-widget-heading\" data-id=\"2e82a58\" data-element_type=\"widget\" data-widget_type=\"heading.default\">\n\t\t\t\t\t<h2 class=\"elementor-heading-title elementor-size-default\">5. Un enfoque estrat\u00e9gico para avanzar con seguridad<\/h2>\t\t\t\t<\/div>\n\t\t\t\t\t<\/div>\n\t\t\t\t<\/div>\n\t\t<div class=\"elementor-element elementor-element-5f793e7 e-flex e-con-boxed e-con e-parent\" data-id=\"5f793e7\" data-element_type=\"container\">\n\t\t\t\t\t<div class=\"e-con-inner\">\n\t\t\t\t<div class=\"elementor-element elementor-element-547480e elementor-widget elementor-widget-text-editor\" data-id=\"547480e\" data-element_type=\"widget\" data-widget_type=\"text-editor.default\">\n\t\t\t\t\t\t\t\t\t<p data-start=\"3463\" data-end=\"3696\">La cartograf\u00eda de procesos empresariales no es simplemente un ejercicio descriptivo, sino una herramienta estrat\u00e9gica para optimizar la cadena de valor, identificar \u00e1reas de mejora y preparar a la empresa para los retos del futuro.<\/p><p data-start=\"3698\" data-end=\"3777\">Antes de transformar sus pr\u00e1cticas, es \u00fatil reflexionar sobre aspectos clave:<\/p><ul data-start=\"3779\" data-end=\"3988\"><li data-start=\"3779\" data-end=\"3831\">\u00bfQu\u00e9 secuencias de acciones se dan por sentadas?<\/li><li data-start=\"3832\" data-end=\"3913\">\u00bfQu\u00e9 etapas podr\u00edan simplificarse o automatizarse sin comprometer la calidad?<\/li><li data-start=\"3914\" data-end=\"3988\">Si se dise\u00f1aran los procesos desde cero, \u00bfc\u00f3mo deber\u00edan estructurarse?<\/li><\/ul><p data-start=\"3990\" data-end=\"4289\">Tomarse el tiempo para analizar estos aspectos es el primer paso hacia una organizaci\u00f3n m\u00e1s \u00e1gil y eficiente. \u00bfEst\u00e1 listo para optimizar sus procesos? Cont\u00e1ctenos para un diagn\u00f3stico personalizado y descubra c\u00f3mo transformar sus pr\u00e1cticas para mejorar la eficacia y la productividad de su empresa.<\/p>\t\t\t\t\t\t\t\t<\/div>\n\t\t\t\t\t<\/div>\n\t\t\t\t<\/div>\n\t\t<div class=\"elementor-element elementor-element-55c196c e-flex e-con-boxed e-con e-parent\" data-id=\"55c196c\" data-element_type=\"container\">\n\t\t\t\t\t<div class=\"e-con-inner\">\n\t\t\t\t<div class=\"elementor-element elementor-element-f130c75 elementor-widget elementor-widget-template\" data-id=\"f130c75\" data-element_type=\"widget\" data-widget_type=\"template.default\">\n\t\t\t\t<div class=\"elementor-widget-container\">\n\t\t\t\t\t\t\t<div class=\"elementor-template\">\n\t\t\t\t\t<div data-elementor-type=\"container\" data-elementor-id=\"8031\" class=\"elementor elementor-8031 elementor-4711\" data-elementor-post-type=\"elementor_library\">\n\t\t\t\t<div class=\"elementor-element elementor-element-39bedd52 e-flex e-con-boxed e-con e-parent\" data-id=\"39bedd52\" data-element_type=\"container\" id=\"cta\">\n\t\t\t\t\t<div class=\"e-con-inner\">\n\t\t<div class=\"elementor-element elementor-element-2d1bb796 e-con-full e-flex e-con e-child\" data-id=\"2d1bb796\" data-element_type=\"container\">\n\t\t\t\t<div class=\"elementor-element elementor-element-57fd44d2 elementor-widget elementor-widget-heading\" data-id=\"57fd44d2\" data-element_type=\"widget\" data-widget_type=\"heading.default\">\n\t\t\t\t\t<h2 class=\"elementor-heading-title elementor-size-default\">\u00bfListo para pasar a la acci\u00f3n?<\/h2>\t\t\t\t<\/div>\n\t\t\t\t<div class=\"elementor-element elementor-element-6444d11f elementor-widget elementor-widget-text-editor\" data-id=\"6444d11f\" data-element_type=\"widget\" data-widget_type=\"text-editor.default\">\n\t\t\t\t\t\t\t\t\t<p>\u00a0Para iniciar una conversaci\u00f3n, completa este formulario indicando cu\u00e1ndo deseas ser llamado.<\/p>\t\t\t\t\t\t\t\t<\/div>\n\t\t\t\t<div class=\"elementor-element elementor-element-e755ded elementor-widget elementor-widget-shortcode\" data-id=\"e755ded\" data-element_type=\"widget\" data-widget_type=\"shortcode.default\">\n\t\t\t\t\t\t\t<div class=\"elementor-shortcode\"><div class='fluentform ff-default fluentform_wrapper_1 ffs_default_wrap'><form data-form_id=\"1\" id=\"fluentform_1\" class=\"frm-fluent-form fluent_form_1 ff-el-form-top ff_form_instance_1_1 ff-form-loading ffs_default\" data-form_instance=\"ff_form_instance_1_1\" method=\"POST\" ><fieldset  style=\"border: none!important;margin: 0!important;padding: 0!important;background-color: transparent!important;box-shadow: none!important;outline: none!important; min-inline-size: 100%;\">\n                    <legend class=\"ff_screen_reader_title\" style=\"display: block; margin: 0!important;padding: 0!important;height: 0!important;text-indent: -999999px;width: 0!important;overflow:hidden;\">Universel Contact<\/legend><input type='hidden' name='__fluent_form_embded_post_id' value='7456' \/><input type=\"hidden\" id=\"_fluentform_1_fluentformnonce\" name=\"_fluentform_1_fluentformnonce\" value=\"80edcf4625\" \/><input type=\"hidden\" name=\"_wp_http_referer\" value=\"\/es\/wp-json\/wp\/v2\/pages\/7456\" \/><div data-type=\"name-element\" data-name=\"names\" class=\" ff-field_container ff-name-field-wrapper\" ><div class='ff-t-container'><div class='ff-t-cell '><div class='ff-el-group  ff-el-form-hide_label'><div class=\"ff-el-input--label ff-el-is-required asterisk-right\"><label for='ff_1_names_first_name_' id='label_ff_1_names_first_name_' >Pr\u00e9nom<\/label><\/div><div class='ff-el-input--content'><input type=\"text\" name=\"names[first_name]\" value=\"\" id=\"ff_1_names_first_name_\" class=\"ff-el-form-control\" placeholder=\"Pr\u00e9nom\" aria-invalid=\"false\" aria-required=true><\/div><\/div><\/div><div class='ff-t-cell '><div class='ff-el-group  ff-el-form-hide_label'><div class=\"ff-el-input--label ff-el-is-required asterisk-right\"><label for='ff_1_names_last_name_' id='label_ff_1_names_last_name_' >Nom<\/label><\/div><div class='ff-el-input--content'><input type=\"text\" name=\"names[last_name]\" value=\"\" id=\"ff_1_names_last_name_\" class=\"ff-el-form-control\" placeholder=\"Nom\" aria-invalid=\"false\" aria-required=true><\/div><\/div><\/div><\/div><\/div><div data-name=\"ff_cn_id_1\"  class='ff-t-container ff-column-container ff_columns_total_2 '><div class='ff-t-cell ff-t-column-1' style='flex-basis: 50%;'><div class='ff-el-group ff-el-form-hide_label'><div class=\"ff-el-input--label ff-el-is-required asterisk-right\"><label for='ff_1_email' id='label_ff_1_email' aria-label=\"Email\">Email<\/label><\/div><div class='ff-el-input--content'><input type=\"email\" name=\"email\" value=\"\" id=\"ff_1_email\" class=\"ff-el-form-control\" placeholder=\"Address Email\" data-name=\"email\"  aria-invalid=\"false\" aria-required=true><\/div><\/div><\/div><div class='ff-t-cell ff-t-column-2' style='flex-basis: 50%;'><\/div><\/div><div data-name=\"ff_cn_id_2\"  class='ff-t-container ff-column-container ff_columns_total_2 '><div class='ff-t-cell ff-t-column-1' style='flex-basis: 50%;'><div class='ff-el-group ff-el-form-hide_label'><div class=\"ff-el-input--label ff-el-is-required asterisk-right\"><label for='ff_1_input_text' id='label_ff_1_input_text' aria-label=\"Entreprise\">Entreprise<\/label><\/div><div class='ff-el-input--content'><input type=\"text\" name=\"input_text\" class=\"ff-el-form-control\" placeholder=\"Entreprise\" data-name=\"input_text\" id=\"ff_1_input_text\"  aria-invalid=\"false\" aria-required=true><\/div><\/div><\/div><div class='ff-t-cell ff-t-column-2' style='flex-basis: 50%;'><div class='ff-el-group ff-el-form-hide_label'><div class=\"ff-el-input--label ff-el-is-required asterisk-right\"><label for='ff_1_input_text_1' id='label_ff_1_input_text_1' aria-label=\"Responsabilit\u00e9\">Responsabilit\u00e9<\/label><\/div><div class='ff-el-input--content'><input type=\"text\" name=\"input_text_1\" class=\"ff-el-form-control\" placeholder=\"Responsabilit\u00e9\" data-name=\"input_text_1\" id=\"ff_1_input_text_1\"  aria-invalid=\"false\" aria-required=true><\/div><\/div><\/div><\/div><div class='ff-el-group ff-el-form-hide_label'><div class=\"ff-el-input--label asterisk-right\"><label for='ff_1_message' id='label_ff_1_message' aria-label=\"Votre message\">Votre message<\/label><\/div><div class='ff-el-input--content'><textarea aria-required=\"false\" aria-labelledby=\"label_ff_1_message\" name=\"message\" id=\"ff_1_message\" class=\"ff-el-form-control\" placeholder=\"\u00c0 quelle date et \u00e0 quel moment de la journ\u00e9e, souhaitez-vous \u00eatre appel\u00e9 ?\" rows=\"4\" cols=\"2\" data-name=\"message\" ><\/textarea><\/div><\/div><input type=\"hidden\" name=\"hidden\" value=\"Cartograf\u00eda de los procesos empresariales\" data-name=\"hidden\" ><div class='ff-el-group ff-text-left ff_submit_btn_wrapper'><button type=\"submit\" class=\"ff-btn ff-btn-submit ff-btn-md ff_btn_style wpf_has_custom_css\"  aria-label=\"Envoyer\">Envoyer<\/button><\/div><\/fieldset><\/form><div id='fluentform_1_errors' class='ff-errors-in-stack ff_form_instance_1_1 ff-form-loading_errors ff_form_instance_1_1_errors'><\/div><\/div>            <script type=\"text\/javascript\">\n                window.fluent_form_ff_form_instance_1_1 = {\"id\":\"1\",\"settings\":{\"layout\":{\"labelPlacement\":\"top\",\"helpMessagePlacement\":\"with_label\",\"errorMessagePlacement\":\"inline\",\"cssClassName\":\"\",\"asteriskPlacement\":\"asterisk-right\"},\"restrictions\":{\"denyEmptySubmission\":{\"enabled\":false}}},\"form_instance\":\"ff_form_instance_1_1\",\"form_id_selector\":\"fluentform_1\",\"rules\":{\"names[first_name]\":{\"required\":{\"value\":true,\"message\":\"Ce champ est requis\",\"global\":false,\"global_message\":\"Ce champ est obligatoire\"}},\"names[middle_name]\":{\"required\":{\"value\":false,\"message\":\"This field is required\",\"global\":false,\"global_message\":\"Ce champ est obligatoire\"}},\"names[last_name]\":{\"required\":{\"value\":true,\"message\":\"Ce champ est requis\",\"global\":false,\"global_message\":\"Ce champ est obligatoire\"}},\"email\":{\"required\":{\"value\":true,\"message\":\"Ce champ est requis\",\"global\":false,\"global_message\":\"Ce champ est obligatoire\"},\"email\":{\"value\":true,\"message\":\"This field must contain a valid email\",\"global\":false,\"global_message\":\"Ce champ doit contenir un e-mail valide\"}},\"phone\":{\"required\":{\"value\":true,\"global\":true,\"message\":\"Ce champ est obligatoire\",\"global_message\":\"Ce champ est obligatoire\"},\"valid_phone_number\":{\"value\":true,\"global\":true,\"message\":\"Phone number is not valid\",\"global_message\":\"Phone number is not valid\"}},\"input_text\":{\"required\":{\"value\":true,\"message\":\"Ce champ est obligatoire\",\"global_message\":\"Ce champ est obligatoire\",\"global\":true}},\"input_text_1\":{\"required\":{\"value\":true,\"message\":\"Ce champ est obligatoire\",\"global_message\":\"Ce champ est obligatoire\",\"global\":true}},\"message\":{\"required\":{\"value\":false,\"message\":\"This field is required\",\"global\":false,\"global_message\":\"Ce champ est obligatoire\"}}},\"debounce_time\":300};\n                            <\/script>\n            <\/div>\n\t\t\t\t\t\t<\/div>\n\t\t\t\t<\/div>\n\t\t\t\t\t<\/div>\n\t\t\t\t<\/div>\n\t\t\t\t<\/div>\n\t\t\t\t<\/div>\n\t\t\t\t\t\t<\/div>\n\t\t\t\t<\/div>\n\t\t\t\t\t<\/div>\n\t\t\t\t<\/div>\n\t\t\t\t<\/div>\n\t\t","protected":false},"excerpt":{"rendered":"La cartograf\u00eda de los procesos empresariales es una herramienta fundamental para visualizar las cadenas de acciones dentro de&hellip;","protected":false},"author":11,"featured_media":7444,"parent":0,"menu_order":0,"comment_status":"closed","ping_status":"closed","template":"","meta":{"inline_featured_image":false,"csco_page_header_type":"","csco_page_load_nextpost":"","csco_page_subscribe_form":"","csco_page_contact_form":"","footnotes":""},"class_list":{"0":"post-7456","1":"page","2":"type-page","3":"status-publish","4":"has-post-thumbnail","6":"cs-entry","7":"cs-video-wrap"},"_links":{"self":[{"href":"https:\/\/d10.ai\/es\/wp-json\/wp\/v2\/pages\/7456","targetHints":{"allow":["GET"]}}],"collection":[{"href":"https:\/\/d10.ai\/es\/wp-json\/wp\/v2\/pages"}],"about":[{"href":"https:\/\/d10.ai\/es\/wp-json\/wp\/v2\/types\/page"}],"author":[{"embeddable":true,"href":"https:\/\/d10.ai\/es\/wp-json\/wp\/v2\/users\/11"}],"replies":[{"embeddable":true,"href":"https:\/\/d10.ai\/es\/wp-json\/wp\/v2\/comments?post=7456"}],"version-history":[{"count":0,"href":"https:\/\/d10.ai\/es\/wp-json\/wp\/v2\/pages\/7456\/revisions"}],"wp:featuredmedia":[{"embeddable":true,"href":"https:\/\/d10.ai\/es\/wp-json\/wp\/v2\/media\/7444"}],"wp:attachment":[{"href":"https:\/\/d10.ai\/es\/wp-json\/wp\/v2\/media?parent=7456"}],"curies":[{"name":"wp","href":"https:\/\/api.w.org\/{rel}","templated":true}]}}